{"id":1486,"date":"2026-01-20T12:11:11","date_gmt":"2026-01-20T12:11:11","guid":{"rendered":"https:\/\/bonuskongcasino.com\/login-and-registration\/"},"modified":"2026-05-05T13:28:37","modified_gmt":"2026-05-05T12:28:37","slug":"logowanie-i-rejestracja","status":"publish","type":"page","link":"https:\/\/liraluck-casino.com\/pl\/logowanie-i-rejestracja\/","title":{"rendered":"Logowanie i rejestracja"},"content":{"rendered":"<h1>Logowanie i rejestracja w Liraluck<\/h1>\n<p>Dzi\u0119ki procesowi Liraluck login mo\u017cesz przej\u015b\u0107 od bycia zwyk\u0142ym go\u015bciem do pe\u0142noprawnego u\u017cytkownika. Nasi zarejestrowani polscy gracze otrzymuj\u0105 dost\u0119p do r\u00f3\u017cnych korzy\u015bci, takich jak bonusy i turnieje. Maj\u0105 r\u00f3wnie\u017c mo\u017cliwo\u015b\u0107 grania w gry i wygrywania. A wszystko to po wykonaniu tylko jednej czynno\u015bci \u2013 wype\u0142nieniu formularza.<\/p>\n<p><div class=\"banner-wrap\" aria-label=\"Banner\"><img src=\"https:\/\/liraluck-casino.com\/wp-content\/uploads\/2026\/05\/Liraluck-banner-desktop.webp\" class=\"w-100 d-none d-lg-block img-pc main-banner-img\" alt=\"Liraluck banner desktop\" fetchpriority=\"high\" decoding=\"async\"><img src=\"https:\/\/liraluck-casino.com\/wp-content\/uploads\/2026\/05\/liraluck-banner-mobile.webp\" class=\"w-100 d-none d-md-block d-lg-none main-banner-img\" alt=\"liraluck banner mobile\" fetchpriority=\"high\" decoding=\"async\"><img src=\"https:\/\/liraluck-casino.com\/wp-content\/uploads\/2026\/05\/liraluck-banner-mobile.webp\" class=\"w-100 d-md-none\" alt=\"liraluck banner mobile\" fetchpriority=\"high\" decoding=\"async\"><div class=\"banner-description\">\n<div class=\"banner-title\">Bonusy powitalne<\/div>\n<p class=\"banner-header-title\">1500 \u20ac<\/p>\n<div class=\"banner-header-AdditionalText\">+ 250 Darmowe spiny<\/div>\n<button data-item=\"homepage_banner_link\" class=\"goto m-button m-gradient-border m-button--primary m-button--large banner-button btn-orange\">\n            <div class=\"m-button-content\">\n                <span>Zarejestruj si\u0119 teraz<\/span>\n                <span><\/span>\n            <\/div>\n        <\/button>\n<\/div>\n<div class=\"WelcomePack\">\n<p><img loading=\"lazy\" decoding=\"async\" class=\"alignnone size-full wp-image-1849\" src=\"https:\/\/liraluck-casino.com\/wp-content\/uploads\/2026\/05\/welcome-crown.png\" alt=\"crown\" width=\"25\" height=\"26\" \/><\/p>\n<div class=\"WelcomePack-Info\">Cotygodniowy zwrot got\u00f3wki do 25%<\/div>\n<p><img loading=\"lazy\" decoding=\"async\" class=\"alignnone size-full wp-image-1849\" src=\"https:\/\/liraluck-casino.com\/wp-content\/uploads\/2026\/05\/welcome-crown.png\" alt=\"crown\" width=\"25\" height=\"26\" \/><\/p>\n<\/div>\n<\/div><div class=\"scrollable-content-wrap my-5\"><div class=\"scrollable-content-inner\"><h2>Procedura rejestracji w Liraluck<\/h2>\n<p>Mo\u017cesz do\u0142\u0105czy\u0107 do spo\u0142eczno\u015bci Liraluck Casino jednym klikni\u0119ciem przycisku \u201eZarejestruj si\u0119\u201d \u2013 znajdziesz go na naszej stronie g\u0142\u00f3wnej. Innym sposobem rejestracji jest utworzenie konta za po\u015brednictwem naszej aplikacji, kt\u00f3r\u0105 mo\u017cna zainstalowa\u0107 na komputerze lub telefonie kom\u00f3rkowym.<\/p>\n<p>We wszystkich przypadkach nale\u017cy poda\u0107:<\/p>\n<ul>\n<li>has\u0142o<\/li>\n<li>adres e-mail<\/li>\n<li>imi\u0119 i nazwisko<\/li>\n<li>wiek<\/li>\n<\/ul>\n<p>Te informacje wystarcz\u0105, aby zosta\u0107 pe\u0142noprawnym cz\u0142onkiem kasyna Lira Luck. Po rejestracji zobaczysz nowe dost\u0119pne menu \u2013 sw\u00f3j profil. Tam mo\u017cesz zarz\u0105dza\u0107 swoimi danymi osobowymi, dokonywa\u0107 wp\u0142at i konfigurowa\u0107 powiadomienia.<\/p>\n<p><img loading=\"lazy\" decoding=\"async\" class=\"alignnone size-full wp-image-1975\" src=\"https:\/\/liraluck-casino.com\/wp-content\/uploads\/Liraluck-Login.webp\" alt=\"Liraluck Login\" width=\"1248\" height=\"536\" srcset=\"https:\/\/liraluck-casino.com\/wp-content\/uploads\/Liraluck-Login.webp 1248w, https:\/\/liraluck-casino.com\/wp-content\/uploads\/Liraluck-Login-300x129.webp 300w, https:\/\/liraluck-casino.com\/wp-content\/uploads\/Liraluck-Login-1024x440.webp 1024w, https:\/\/liraluck-casino.com\/wp-content\/uploads\/Liraluck-Login-768x330.webp 768w\" sizes=\"(max-width: 1248px) 100vw, 1248px\" \/><\/p>\n<h2>Proces logowania do Liraluck<\/h2>\n<p>Procedura logowania do Liraluck nie wymaga od Ciebie wi\u0119cej dzia\u0142a\u0144 ni\u017c rejestracja: w rzeczywisto\u015bci musisz poda\u0107 jeszcze mniej informacji. Aby uzyska\u0107 dost\u0119p do systemu, odwied\u017a platform\u0119 Liraluck lub skorzystaj z naszej aplikacji. Kliknij przycisk \u201eZaloguj si\u0119\u201d i w wyskakuj\u0105cym okienku wprowad\u017a swoje dane logowania \u2013 to wszystko.<\/p>\n<p>Je\u015bli wcze\u015bniej zapisa\u0142e\u015b swoje has\u0142o, logowanie mo\u017ce by\u0107 jeszcze szybsze: wystarczy otworzy\u0107 nasz\u0105 stron\u0119 internetow\u0105 lub uruchomi\u0107 platform\u0119 za pomoc\u0105 skr\u00f3tu na pulpicie.<\/p>\n<h2>Ochrona Twojego konta<\/h2>\n<p>Platformy hazardowe s\u0105 cz\u0119sto celem atak\u00f3w haker\u00f3w. Dlatego wprowadzili\u015bmy szereg \u015brodk\u00f3w maj\u0105cych na celu ochron\u0119 kont w Lira Luck Casino przed cyberatakami. Korzystamy z:<\/p>\n<ul>\n<li>Uwierzytelnianie dwusk\u0142adnikowe \u2013 Twoje konto b\u0119dzie bezpieczne, nawet je\u015bli kto\u015b zdob\u0119dzie Twoje has\u0142o. W ko\u0144cu nadal wymagamy kodu weryfikacyjnego.<\/li>\n<li>CAPTCHA \u2013 u\u017cywamy jej do blokowania zautomatyzowanych atak\u00f3w. Je\u015bli nasz system wykryje nietypow\u0105 aktywno\u015b\u0107, mo\u017ce poprosi\u0107 Ci\u0119 o wykonanie testu. W ten spos\u00f3b mo\u017ce sprawdzi\u0107, czy jeste\u015b botem, czy cz\u0142owiekiem.<\/li>\n<li>Szyfrowanie TLS \u2013 ten protok\u00f3\u0142 chroni wszystkie Twoje dane osobowe (takie jak informacje o karcie kredytowej), dzi\u0119ki czemu nie mog\u0105 one zosta\u0107 skradzione przez osoby trzecie.<\/li>\n<li>Zapory sieciowe \u2013 dzi\u0119ki temu rozwi\u0105zaniu mo\u017cemy wykrywa\u0107 podejrzane pr\u00f3by logowania do Liraluck. Ograniczamy r\u00f3wnie\u017c dost\u0119p z adres\u00f3w IP w krajach, w kt\u00f3rych iGaming nie jest mile widziany.<\/li>\n<\/ul>\n<p>W ten spos\u00f3b nasza platforma zapewnia wysoki poziom bezpiecze\u0144stwa. Dzi\u0119ki temu nasi gracze mog\u0105 skupi\u0107 si\u0119 na wa\u017cniejszych sprawach i nie martwi\u0107 si\u0119 o swoje bezpiecze\u0144stwo.<\/p>\n<h2>Zablokowane lub zawieszone konta<\/h2>\n<p>Wiele \u015brodk\u00f3w bezpiecze\u0144stwa, kt\u00f3re stosujemy na platformie Liraluck Casino, ma na celu wykrywanie narusze\u0144 i nietypowej aktywno\u015bci. Je\u015bli takie zachowanie pochodzi od jednego z naszych zarejestrowanych u\u017cytkownik\u00f3w, zawieszamy jego konto.<\/p>\n<p>Oto kilka powod\u00f3w, dla kt\u00f3rych Twoje konto mo\u017ce zosta\u0107 zablokowane.<\/p>\n<table>\n<tbody>\n<tr>\n<td>Pow\u00f3d<\/td>\n<td>Szczeg\u00f3\u0142y<\/td>\n<td>Dlaczego to robimy<\/td>\n<\/tr>\n<tr>\n<td>Mo\u017cliwa pr\u00f3ba w\u0142amania<\/td>\n<td>Podejrzane logowanie do Liraluck (na przyk\u0142ad z innego adresu IP)<\/td>\n<td>Aby chroni\u0107 Tw\u00f3j profil<\/td>\n<\/tr>\n<tr>\n<td>Naruszenie zasad<\/td>\n<td>Wiele kont<\/td>\n<td>Aby unikn\u0105\u0107 nadu\u017cywania bonus\u00f3w<\/td>\n<\/tr>\n<tr>\n<td>Problemy z p\u0142atno\u015bci\u0105<\/td>\n<td>Korzystanie z cudzej karty<\/td>\n<td>Aby zapobiec oszustwom i ryzyku finansowemu<\/td>\n<\/tr>\n<tr>\n<td>Ograniczenia lokalizacyjne<\/td>\n<td>Logowanie z zablokowanego kraju lub przez VPN<\/td>\n<td>W celu przestrzegania przepis\u00f3w i zasad licencyjnych<\/td>\n<\/tr>\n<tr>\n<td>Aktywno\u015b\u0107 bot\u00f3w<\/td>\n<td>Bardzo szybkie dzia\u0142ania<\/td>\n<td>Aby gra by\u0142a uczciwa<\/td>\n<\/tr>\n<tr>\n<td>Problemy z KYC (weryfikacj\u0105)<\/td>\n<td>Fa\u0142szywe lub nieprawid\u0142owe informacje<\/td>\n<td>Aby spe\u0142ni\u0107 wymogi prawne<\/td>\n<\/tr>\n<\/tbody>\n<\/table>\n<p>Mamy nadziej\u0119, \u017ce nie b\u0119dziesz robi\u0107 niczego z tego, co jest w tabeli. W ko\u0144cu jeste\u015b tu po to, \u017ceby mie\u0107 fajne wra\u017cenia \u2013 a platforma Lira Luck Casino oferuje szeroki wachlarz funkcji, kt\u00f3re mog\u0105 Ci to zapewni\u0107.<\/p>\n<h2>FAQ<\/h2>\n<h3>Czy musz\u0119 si\u0119 zarejestrowa\u0107, \u017ceby gra\u0107?<\/h3>\n<p>Nie musisz. Ale b\u0119dziesz m\u00f3g\u0142 gra\u0107 tylko w wersje demo naszych gier \u2013 i to nie we wszystkie. Ponadto, je\u015bli nie jeste\u015b cz\u0142onkiem Liraluck Casino, nie b\u0119dziesz mia\u0142 dost\u0119pu do naszych bonus\u00f3w ani turniej\u00f3w.<\/p>\n<h3>Dlaczego musz\u0119 przej\u015b\u0107 proces weryfikacji w Lira Luck?<\/h3>\n<p>Musimy potwierdzi\u0107, \u017ce masz uko\u0144czone 18 lat. Poniewa\u017c gry na prawdziwe pieni\u0105dze s\u0105 dost\u0119pne tylko dla u\u017cytkownik\u00f3w pe\u0142noletnich, prosimy o dostarczenie odpowiednich dokument\u00f3w. Mo\u017cesz na przyk\u0142ad przes\u0142a\u0107 nam kopi\u0119 paszportu lub nawet rachunku za media.<\/p>\n<h3>Co mog\u0119 zrobi\u0107, je\u015bli zapomnia\u0142em has\u0142a lub adresu e-mail?<\/h3>\n<p>W pierwszym przypadku wystarczy klikn\u0105\u0107 przycisk \u201eNie pami\u0119tasz has\u0142a?\u201d i utworzy\u0107 nowe. Opcj\u0119 t\u0119 znajdziesz w formularzu logowania do Liraluck. Je\u015bli nie pami\u0119tasz adresu e-mail powi\u0105zanego z Twoim kontem, skontaktuj si\u0119 z naszym wieloj\u0119zycznym zespo\u0142em pomocy technicznej.<\/p>\n<h3>Co mam zrobi\u0107, je\u015bli moje konto Lira Luck zosta\u0142o zablokowane?<\/h3>\n<p>Mo\u017cesz skontaktowa\u0107 si\u0119 z naszym zespo\u0142em obs\u0142ugi klienta, aby dowiedzie\u0107 si\u0119, jaka mo\u017ce by\u0107 przyczyna. W tym celu kliknij ikon\u0119 s\u0142uchawek i otw\u00f3rz czat na \u017cywo. Nast\u0119pnie udzielimy Ci szczeg\u00f3\u0142owej odpowiedzi, wyja\u015bniaj\u0105c, co mo\u017cesz zrobi\u0107 w tej sytuacji.<\/p>\n<\/div><\/div><\/p>\n","protected":false},"excerpt":{"rendered":"<p>Logowanie i rejestracja w Liraluck Dzi\u0119ki procesowi Liraluck login mo\u017cesz przej\u015b\u0107 od bycia zwyk\u0142ym go\u015bciem do pe\u0142noprawnego u\u017cytkownika. Nasi zarejestrowani polscy gracze otrzymuj\u0105 dost\u0119p do r\u00f3\u017cnych korzy\u015bci, takich jak bonusy i turnieje. Maj\u0105 r\u00f3wnie\u017c mo\u017cliwo\u015b\u0107 grania w gry i wygrywania. A wszystko to po wykonaniu tylko jednej czynno\u015bci \u2013 wype\u0142nieniu formularza.<\/p>\n","protected":false},"author":1,"featured_media":0,"parent":0,"menu_order":0,"comment_status":"closed","ping_status":"closed","template":"template-builder.php","meta":{"_acf_changed":false,"inline_featured_image":false,"footnotes":""},"class_list":["post-1486","page","type-page","status-publish","hentry"],"acf":[],"yoast_head":"<!-- This site is optimized with the Yoast SEO plugin v24.4 - https:\/\/yoast.com\/wordpress\/plugins\/seo\/ -->\n<title>Liraluck Login &amp; Registration | Bezpieczny Dost\u0119p<\/title>\n<meta name=\"description\" content=\"Liraluck Login &amp; Registration \u2013 zaloguj si\u0119 na swoje konto lub utw\u00f3rz nowe w kilka minut. Ciesz si\u0119 bezpiecznym dost\u0119pem do slot\u00f3w, ruletki, gier z \u017cywym krupierem i odbierz do \u20ac1.500 + 250 darmowych spin\u00f3w w Lira Luck.\" \/>\n<meta name=\"robots\" content=\"index, follow, max-snippet:-1, max-image-preview:large, max-video-preview:-1\" \/>\n<link rel=\"canonical\" href=\"https:\/\/liraluck-casino.com\/pl\/logowanie-i-rejestracja\/\" \/>\n<meta property=\"og:locale\" content=\"pl_PL\" \/>\n<meta property=\"og:type\" content=\"article\" \/>\n<meta property=\"og:title\" content=\"Liraluck Login &amp; Registration | Bezpieczny Dost\u0119p\" \/>\n<meta property=\"og:description\" content=\"Liraluck Login &amp; Registration \u2013 zaloguj si\u0119 na swoje konto lub utw\u00f3rz nowe w kilka minut. Ciesz si\u0119 bezpiecznym dost\u0119pem do slot\u00f3w, ruletki, gier z \u017cywym krupierem i odbierz do \u20ac1.500 + 250 darmowych spin\u00f3w w Lira Luck.\" \/>\n<meta property=\"og:url\" content=\"https:\/\/liraluck-casino.com\/pl\/logowanie-i-rejestracja\/\" \/>\n<meta property=\"og:site_name\" content=\"liraluck\" \/>\n<meta property=\"article:modified_time\" content=\"2026-05-05T12:28:37+00:00\" \/>\n<meta name=\"twitter:card\" content=\"summary_large_image\" \/>\n<meta name=\"twitter:label1\" content=\"Est. reading time\" \/>\n\t<meta name=\"twitter:data1\" content=\"1 minute\" \/>\n<script type=\"application\/ld+json\" class=\"yoast-schema-graph\">{\"@context\":\"https:\/\/schema.org\",\"@graph\":[{\"@type\":\"WebPage\",\"@id\":\"https:\/\/liraluck-casino.com\/pl\/logowanie-i-rejestracja\/\",\"url\":\"https:\/\/liraluck-casino.com\/pl\/logowanie-i-rejestracja\/\",\"name\":\"Liraluck Login & Registration | Bezpieczny Dost\u0119p\",\"isPartOf\":{\"@id\":\"https:\/\/liraluck-casino.com\/pl\/#website\"},\"datePublished\":\"2026-01-20T12:11:11+00:00\",\"dateModified\":\"2026-05-05T12:28:37+00:00\",\"description\":\"Liraluck Login & Registration \u2013 zaloguj si\u0119 na swoje konto lub utw\u00f3rz nowe w kilka minut. Ciesz si\u0119 bezpiecznym dost\u0119pem do slot\u00f3w, ruletki, gier z \u017cywym krupierem i odbierz do \u20ac1.500 + 250 darmowych spin\u00f3w w Lira Luck.\",\"breadcrumb\":{\"@id\":\"https:\/\/liraluck-casino.com\/pl\/logowanie-i-rejestracja\/#breadcrumb\"},\"inLanguage\":\"pl-PL\",\"potentialAction\":[{\"@type\":\"ReadAction\",\"target\":[\"https:\/\/liraluck-casino.com\/pl\/logowanie-i-rejestracja\/\"]}]},{\"@type\":\"BreadcrumbList\",\"@id\":\"https:\/\/liraluck-casino.com\/pl\/logowanie-i-rejestracja\/#breadcrumb\",\"itemListElement\":[{\"@type\":\"ListItem\",\"position\":1,\"name\":\"Liraluck\",\"item\":\"https:\/\/liraluck-casino.com\/pl\/\"},{\"@type\":\"ListItem\",\"position\":2,\"name\":\"Logowanie i rejestracja\"}]},{\"@type\":\"WebSite\",\"@id\":\"https:\/\/liraluck-casino.com\/pl\/#website\",\"url\":\"https:\/\/liraluck-casino.com\/pl\/\",\"name\":\"Liraluck\",\"description\":\"\",\"publisher\":{\"@id\":\"https:\/\/liraluck-casino.com\/pl\/#organization\"},\"potentialAction\":[{\"@type\":\"SearchAction\",\"target\":{\"@type\":\"EntryPoint\",\"urlTemplate\":\"https:\/\/liraluck-casino.com\/pl\/?s={search_term_string}\"},\"query-input\":{\"@type\":\"PropertyValueSpecification\",\"valueRequired\":true,\"valueName\":\"search_term_string\"}}],\"inLanguage\":\"pl-PL\"},{\"@type\":\"Organization\",\"@id\":\"https:\/\/liraluck-casino.com\/pl\/#organization\",\"name\":\"Liraluck\",\"url\":\"https:\/\/liraluck-casino.com\/pl\/\",\"logo\":{\"@type\":\"ImageObject\",\"inLanguage\":\"pl-PL\",\"@id\":\"https:\/\/liraluck-casino.com\/pl\/#\/schema\/logo\/image\/\",\"url\":\"https:\/\/liraluck-casino.com\/wp-content\/uploads\/2026\/05\/logo-liraluck.png\",\"contentUrl\":\"https:\/\/liraluck-casino.com\/wp-content\/uploads\/2026\/05\/logo-liraluck.png\",\"width\":150,\"height\":47,\"caption\":\"Liraluck\"},\"image\":{\"@id\":\"https:\/\/liraluck-casino.com\/pl\/#\/schema\/logo\/image\/\"}}]}<\/script>\n<!-- \/ Yoast SEO plugin. -->","yoast_head_json":{"title":"Liraluck Login & Registration | Bezpieczny Dost\u0119p","description":"Liraluck Login & Registration \u2013 zaloguj si\u0119 na swoje konto lub utw\u00f3rz nowe w kilka minut. Ciesz si\u0119 bezpiecznym dost\u0119pem do slot\u00f3w, ruletki, gier z \u017cywym krupierem i odbierz do \u20ac1.500 + 250 darmowych spin\u00f3w w Lira Luck.","robots":{"index":"index","follow":"follow","max-snippet":"max-snippet:-1","max-image-preview":"max-image-preview:large","max-video-preview":"max-video-preview:-1"},"canonical":"https:\/\/liraluck-casino.com\/pl\/logowanie-i-rejestracja\/","og_locale":"pl_PL","og_type":"article","og_title":"Liraluck Login & Registration | Bezpieczny Dost\u0119p","og_description":"Liraluck Login & Registration \u2013 zaloguj si\u0119 na swoje konto lub utw\u00f3rz nowe w kilka minut. Ciesz si\u0119 bezpiecznym dost\u0119pem do slot\u00f3w, ruletki, gier z \u017cywym krupierem i odbierz do \u20ac1.500 + 250 darmowych spin\u00f3w w Lira Luck.","og_url":"https:\/\/liraluck-casino.com\/pl\/logowanie-i-rejestracja\/","og_site_name":"liraluck","article_modified_time":"2026-05-05T12:28:37+00:00","twitter_card":"summary_large_image","twitter_misc":{"Est. reading time":"1 minute"},"schema":{"@context":"https:\/\/schema.org","@graph":[{"@type":"WebPage","@id":"https:\/\/liraluck-casino.com\/pl\/logowanie-i-rejestracja\/","url":"https:\/\/liraluck-casino.com\/pl\/logowanie-i-rejestracja\/","name":"Liraluck Login & Registration | Bezpieczny Dost\u0119p","isPartOf":{"@id":"https:\/\/liraluck-casino.com\/pl\/#website"},"datePublished":"2026-01-20T12:11:11+00:00","dateModified":"2026-05-05T12:28:37+00:00","description":"Liraluck Login & Registration \u2013 zaloguj si\u0119 na swoje konto lub utw\u00f3rz nowe w kilka minut. Ciesz si\u0119 bezpiecznym dost\u0119pem do slot\u00f3w, ruletki, gier z \u017cywym krupierem i odbierz do \u20ac1.500 + 250 darmowych spin\u00f3w w Lira Luck.","breadcrumb":{"@id":"https:\/\/liraluck-casino.com\/pl\/logowanie-i-rejestracja\/#breadcrumb"},"inLanguage":"pl-PL","potentialAction":[{"@type":"ReadAction","target":["https:\/\/liraluck-casino.com\/pl\/logowanie-i-rejestracja\/"]}]},{"@type":"BreadcrumbList","@id":"https:\/\/liraluck-casino.com\/pl\/logowanie-i-rejestracja\/#breadcrumb","itemListElement":[{"@type":"ListItem","position":1,"name":"Liraluck","item":"https:\/\/liraluck-casino.com\/pl\/"},{"@type":"ListItem","position":2,"name":"Logowanie i rejestracja"}]},{"@type":"WebSite","@id":"https:\/\/liraluck-casino.com\/pl\/#website","url":"https:\/\/liraluck-casino.com\/pl\/","name":"Liraluck","description":"","publisher":{"@id":"https:\/\/liraluck-casino.com\/pl\/#organization"},"potentialAction":[{"@type":"SearchAction","target":{"@type":"EntryPoint","urlTemplate":"https:\/\/liraluck-casino.com\/pl\/?s={search_term_string}"},"query-input":{"@type":"PropertyValueSpecification","valueRequired":true,"valueName":"search_term_string"}}],"inLanguage":"pl-PL"},{"@type":"Organization","@id":"https:\/\/liraluck-casino.com\/pl\/#organization","name":"Liraluck","url":"https:\/\/liraluck-casino.com\/pl\/","logo":{"@type":"ImageObject","inLanguage":"pl-PL","@id":"https:\/\/liraluck-casino.com\/pl\/#\/schema\/logo\/image\/","url":"https:\/\/liraluck-casino.com\/wp-content\/uploads\/2026\/05\/logo-liraluck.png","contentUrl":"https:\/\/liraluck-casino.com\/wp-content\/uploads\/2026\/05\/logo-liraluck.png","width":150,"height":47,"caption":"Liraluck"},"image":{"@id":"https:\/\/liraluck-casino.com\/pl\/#\/schema\/logo\/image\/"}}]}},"_links":{"self":[{"href":"https:\/\/liraluck-casino.com\/pl\/wp-json\/wp\/v2\/pages\/1486"}],"collection":[{"href":"https:\/\/liraluck-casino.com\/pl\/wp-json\/wp\/v2\/pages"}],"about":[{"href":"https:\/\/liraluck-casino.com\/pl\/wp-json\/wp\/v2\/types\/page"}],"author":[{"embeddable":true,"href":"https:\/\/liraluck-casino.com\/pl\/wp-json\/wp\/v2\/users\/1"}],"replies":[{"embeddable":true,"href":"https:\/\/liraluck-casino.com\/pl\/wp-json\/wp\/v2\/comments?post=1486"}],"version-history":[{"count":3,"href":"https:\/\/liraluck-casino.com\/pl\/wp-json\/wp\/v2\/pages\/1486\/revisions"}],"predecessor-version":[{"id":2106,"href":"https:\/\/liraluck-casino.com\/pl\/wp-json\/wp\/v2\/pages\/1486\/revisions\/2106"}],"wp:attachment":[{"href":"https:\/\/liraluck-casino.com\/pl\/wp-json\/wp\/v2\/media?parent=1486"}],"curies":[{"name":"wp","href":"https:\/\/api.w.org\/{rel}","templated":true}]}}