{"id":1447,"date":"2026-01-20T12:08:23","date_gmt":"2026-01-20T12:08:23","guid":{"rendered":"https:\/\/bonuskongcasino.com\/app\/"},"modified":"2026-05-05T13:27:00","modified_gmt":"2026-05-05T12:27:00","slug":"aplikacja","status":"publish","type":"page","link":"https:\/\/liraluck-casino.com\/pl\/aplikacja\/","title":{"rendered":"Aplikacja"},"content":{"rendered":"<h1>Aplikacja Liraluck<\/h1>\n<p>Je\u015bli uwa\u017casz, \u017ce strona internetowa w jaki\u015b spos\u00f3b Ci\u0119 ogranicza, Liraluck app pomo\u017ce Ci pokona\u0107 te bariery. Dzi\u0119ki niej nasi polscy gracze nie b\u0119d\u0105 ju\u017c musieli zmaga\u0107 si\u0119 z d\u0142ugim czasem \u0142adowania spowodowanym ich po\u0142\u0105czeniem internetowym. W ko\u0144cu nasza aplikacja dzia\u0142a szybciej dzi\u0119ki buforowaniu i zapewnia szybkie uruchamianie Twoich ulubionych gier w ka\u017cdych warunkach.<\/p>\n<div class=\"banner-wrap\" aria-label=\"Banner\"><img src=\"https:\/\/liraluck-casino.com\/wp-content\/uploads\/2026\/05\/Liraluck-banner-desktop.webp\" class=\"w-100 d-none d-lg-block img-pc main-banner-img\" alt=\"Liraluck banner desktop\" fetchpriority=\"high\" decoding=\"async\"><img src=\"https:\/\/liraluck-casino.com\/wp-content\/uploads\/2026\/05\/liraluck-banner-mobile.webp\" class=\"w-100 d-none d-md-block d-lg-none main-banner-img\" alt=\"liraluck banner mobile\" fetchpriority=\"high\" decoding=\"async\"><img src=\"https:\/\/liraluck-casino.com\/wp-content\/uploads\/2026\/05\/liraluck-banner-mobile.webp\" class=\"w-100 d-md-none\" alt=\"liraluck banner mobile\" fetchpriority=\"high\" decoding=\"async\"><div class=\"banner-description\">\n<div class=\"banner-title\">Bonusy powitalne<\/div>\n<p class=\"banner-header-title\">1500 \u20ac<\/p>\n<div class=\"banner-header-AdditionalText\">+ 250 Darmowe spiny<\/div>\n<button data-item=\"homepage_banner_link\" class=\"goto m-button m-gradient-border m-button--primary m-button--large banner-button btn-orange\">\n            <div class=\"m-button-content\">\n                <span>Zarejestruj si\u0119 teraz<\/span>\n                <span><\/span>\n            <\/div>\n        <\/button>\n<\/div>\n<div class=\"WelcomePack\">\n<p><img loading=\"lazy\" decoding=\"async\" class=\"alignnone size-full wp-image-1849\" src=\"https:\/\/liraluck-casino.com\/wp-content\/uploads\/2026\/05\/welcome-crown.png\" alt=\"crown\" width=\"25\" height=\"26\" \/><\/p>\n<div class=\"WelcomePack-Info\">Cotygodniowy zwrot got\u00f3wki do 25%<\/div>\n<p><img loading=\"lazy\" decoding=\"async\" class=\"alignnone size-full wp-image-1849\" src=\"https:\/\/liraluck-casino.com\/wp-content\/uploads\/2026\/05\/welcome-crown.png\" alt=\"crown\" width=\"25\" height=\"26\" \/><\/p>\n<\/div>\n<\/div>\n<h2>Funkcje aplikacji Liraluck<\/h2>\n<p>Masz kilka solidnych powod\u00f3w, aby zainstalowa\u0107 aplikacj\u0119 Liraluck Casino.<\/p>\n<ul>\n<li>Wygoda u\u017cytkowania \u2013 to najwi\u0119ksza zaleta naszego rozwi\u0105zania. Aplikacja doskonale odwzorowuje interfejs strony internetowej, dzi\u0119ki czemu z \u0142atwo\u015bci\u0105 poruszysz si\u0119 po znanym uk\u0142adzie sekcji i przycisk\u00f3w.<\/li>\n<li>\u0141atwa instalacja \u2013 Nasza aplikacja wyr\u00f3\u017cnia si\u0119 na tle standardowego oprogramowania mobilnego tym, \u017ce nie wymaga pobierania plik\u00f3w APK. Mo\u017cna j\u0105 zainstalowa\u0107 bezpo\u015brednio z naszej strony internetowej. Wystarczy jedno dotkni\u0119cie lub klikni\u0119cie.<\/li>\n<li>Popularno\u015b\u0107 w\u015br\u00f3d u\u017cytkownik\u00f3w \u2013 Sukces najlepiej mierzy si\u0119 nie s\u0142owami, ale liczbami. Ponad milion u\u017cytkownik\u00f3w zainstalowa\u0142o ju\u017c nasz\u0105 aplikacj\u0119. Jej ocena wynosi 4,9.<\/li>\n<li>Niezale\u017cno\u015b\u0107 od platformy \u2013 aplikacja Lira Luck jest rozwi\u0105zaniem uniwersalnym, wi\u0119c jest kompatybilna z r\u00f3\u017cnymi systemami operacyjnymi i przegl\u0105darkami. Mo\u017cna j\u0105 uruchomi\u0107 zar\u00f3wno na telefonie kom\u00f3rkowym, jak i na komputerze \u2013 nie ma to znaczenia, poniewa\u017c aplikacja dzia\u0142a stabilnie wsz\u0119dzie.<\/li>\n<\/ul>\n<p>Ponadto nasza aplikacja odzwierciedla stron\u0119 internetow\u0105 nie tylko pod wzgl\u0119dem interfejsu, ale tak\u017ce funkcjonalno\u015bci. Tak wi\u0119c wszystko, czy to rejestracja, czy proces weryfikacji, przebiega dok\u0142adnie tak samo.<\/p>\n<p><div class=\"scrollable-content-wrap my-5\"><div class=\"scrollable-content-inner\"><h2>Aplikacja Liraluck na system Android<\/h2>\n<p>Nie wszystkie standardowe aplikacje mobilne obs\u0142uguj\u0105 ka\u017cd\u0105 wersj\u0119 Androida: wiele z nich jest dost\u0119pnych tylko na najnowszych systemach operacyjnych. Jednak aplikacja Liraluck Casino jest aplikacj\u0105 PWA. Automatycznie dostosowuje si\u0119 do ka\u017cdego systemu operacyjnego, na kt\u00f3rym jest uruchamiana. Dzi\u0119ki temu b\u0119dzie dzia\u0142a\u0107 nawet na przestarza\u0142ych urz\u0105dzeniach.<\/p>\n<p>Instalacja naszej aplikacji jest prosta:<\/p>\n<ol>\n<li>Znajd\u017a na naszej stronie ikon\u0119 telefonu oznaczon\u0105 jako \u201eAplikacja kasyna\u201d i kliknij j\u0105.<\/li>\n<li>W oknie, kt\u00f3re si\u0119 otworzy, wybierz \u201eZainstaluj\u201d, aby rozpocz\u0105\u0107 pobieranie.<\/li>\n<li>Poczekaj na zako\u0144czenie instalacji (zwykle trwa to od kilku sekund do jednej minuty).<\/li>\n<li>Uruchom aplikacj\u0119 Lira Luck, klikaj\u0105c skr\u00f3t, kt\u00f3ry pojawi si\u0119 na ekranie g\u0142\u00f3wnym.<\/li>\n<li>Wprowad\u017a swoje dane logowania i korzystaj z naszej platformy w wygodniejszym formacie.<\/li>\n<\/ol>\n<p>Dzi\u0119ki tym prostym krokom i szybkiemu procesowi instalacji otrzymasz wygodne rozwi\u0105zanie, kt\u00f3re znacznie poprawi Twoje wra\u017cenia z gry.<\/p>\n<p><img loading=\"lazy\" decoding=\"async\" class=\"alignnone size-full wp-image-1949\" src=\"https:\/\/liraluck-casino.com\/wp-content\/uploads\/Liraluck-Android-App.webp\" alt=\"Liraluck Android App\" width=\"1248\" height=\"536\" srcset=\"https:\/\/liraluck-casino.com\/wp-content\/uploads\/Liraluck-Android-App.webp 1248w, https:\/\/liraluck-casino.com\/wp-content\/uploads\/Liraluck-Android-App-300x129.webp 300w, https:\/\/liraluck-casino.com\/wp-content\/uploads\/Liraluck-Android-App-1024x440.webp 1024w, https:\/\/liraluck-casino.com\/wp-content\/uploads\/Liraluck-Android-App-768x330.webp 768w\" sizes=\"(max-width: 1248px) 100vw, 1248px\" \/><\/p>\n<\/div><\/div><div style=\"clear: both\"><\/div><div class=\"d-flex justify-content-center\"><button data-item=\"decouvrez_link\" data-group=\"website_links\" class=\"goto fw-bold rounded-pill btn btn-orange\" aria-label=\"Pobierz aplikacj\u0119 Liraluck\" >Pobierz aplikacj\u0119 Liraluck<\/button><\/div><div class=\"scrollable-content-wrap my-5\"><div class=\"scrollable-content-inner\"><h2>Aplikacja Liraluck \u2013 iOS<\/h2>\n<p>Aplikacja Liraluck Casino jest r\u00f3wnie\u017c dost\u0119pna na iOS, a proces instalacji przebiega dok\u0142adnie tak samo jak w przypadku Androida. Wystarczy odwiedzi\u0107 nasz\u0105 stron\u0119 internetow\u0105 i pobra\u0107 aplikacj\u0119 na iPhone&#8217;a lub iPada w zaledwie kilka sekund. Ponadto na stronie instalacji aplikacji mo\u017cna przeczyta\u0107 recenzje prawdziwych u\u017cytkownik\u00f3w i zapozna\u0107 si\u0119 z ich osobistymi do\u015bwiadczeniami z naszym rozwi\u0105zaniem.<\/p>\n<p>Je\u015bli obawiasz si\u0119, \u017ce aplikacja zajmie du\u017co miejsca na Twoim urz\u0105dzeniu, to nie ma powodu do obaw. Z natury rzeczy aplikacje PWA s\u0105 niezwykle lekkie i zajmuj\u0105 nawet 10 razy mniej miejsca ni\u017c standardowe aplikacje mobilne. W niekt\u00f3rych przypadkach r\u00f3\u017cnica ta mo\u017ce wynosi\u0107 nawet 50 razy.<\/p>\n<p><img loading=\"lazy\" decoding=\"async\" class=\"alignnone size-full wp-image-1957\" src=\"https:\/\/liraluck-casino.com\/wp-content\/uploads\/Liraluck-iOS-App.webp\" alt=\"Liraluck iOS App\" width=\"1248\" height=\"536\" srcset=\"https:\/\/liraluck-casino.com\/wp-content\/uploads\/Liraluck-iOS-App.webp 1248w, https:\/\/liraluck-casino.com\/wp-content\/uploads\/Liraluck-iOS-App-300x129.webp 300w, https:\/\/liraluck-casino.com\/wp-content\/uploads\/Liraluck-iOS-App-1024x440.webp 1024w, https:\/\/liraluck-casino.com\/wp-content\/uploads\/Liraluck-iOS-App-768x330.webp 768w\" sizes=\"(max-width: 1248px) 100vw, 1248px\" \/><\/p>\n<\/div><\/div><div style=\"clear: both\"><\/div><div class=\"d-flex justify-content-center\"><button data-item=\"decouvrez_link\" data-group=\"website_links\" class=\"goto fw-bold rounded-pill btn btn-orange\" aria-label=\"Pobierz Liraluck\" >Pobierz Liraluck<\/button><\/div><div class=\"scrollable-content-wrap my-5\"><div class=\"scrollable-content-inner\"><h2>Lira Luck Casino \u2013 wersja na komputery stacjonarne<\/h2>\n<p>Nasza aplikacja poprawia komfort u\u017cytkowania nie tylko na urz\u0105dzeniach mobilnych, ale r\u00f3wnie\u017c na komputerach stacjonarnych. Proces instalacji jest identyczny.<\/p>\n<p>W por\u00f3wnaniu z nasz\u0105 stron\u0105 internetow\u0105 wersja kasyna Liraluck na komputery stacjonarne oferuje szereg zalet.<\/p>\n<table>\n<tbody>\n<tr>\n<td>Kryterium<\/td>\n<td>Strona internetowa<\/td>\n<td>PWA na komputery stacjonarne<\/td>\n<\/tr>\n<tr>\n<td>Interfejs<\/td>\n<td>Standardowa przegl\u0105darka z kartami<\/td>\n<td>Oddzielne okno bez interfejsu przegl\u0105darki<\/td>\n<\/tr>\n<tr>\n<td>Szybko\u015b\u0107 uruchamiania<\/td>\n<td>Nale\u017cy otworzy\u0107 przegl\u0105dark\u0119, a nast\u0119pnie wej\u015b\u0107 na stron\u0119<\/td>\n<td>Szybciej \u2013 Lira Luck uruchamia si\u0119 jak aplikacja za pomoc\u0105 jednego klikni\u0119cia na skr\u00f3t<\/td>\n<\/tr>\n<tr>\n<td>Po\u0142\u0105czenie internetowe<\/td>\n<td>Zawsze wymagane<\/td>\n<td>Mo\u017ce cz\u0119\u015bciowo dzia\u0142a\u0107 w trybie offline<\/td>\n<\/tr>\n<tr>\n<td>Aktualizacje<\/td>\n<td>Aktualizacja przy ka\u017cdym od\u015bwie\u017ceniu strony<\/td>\n<td>Aktualizuje si\u0119 automatycznie w tle<\/td>\n<\/tr>\n<\/tbody>\n<\/table>\n<p>70% naszych u\u017cytkownik\u00f3w korzysta ju\u017c z aplikacji Liraluck Casino, a liczba ta ro\u015bnie ka\u017cdego dnia. To g\u0142\u00f3wny wska\u017anik tego, jak wygodne jest nasze rozwi\u0105zanie.<\/p>\n<p><img loading=\"lazy\" decoding=\"async\" class=\"alignnone size-full wp-image-1965\" src=\"https:\/\/liraluck-casino.com\/wp-content\/uploads\/Liraluck-Desktop.webp\" alt=\"Liraluck Desktop\" width=\"1248\" height=\"536\" srcset=\"https:\/\/liraluck-casino.com\/wp-content\/uploads\/Liraluck-Desktop.webp 1248w, https:\/\/liraluck-casino.com\/wp-content\/uploads\/Liraluck-Desktop-300x129.webp 300w, https:\/\/liraluck-casino.com\/wp-content\/uploads\/Liraluck-Desktop-1024x440.webp 1024w, https:\/\/liraluck-casino.com\/wp-content\/uploads\/Liraluck-Desktop-768x330.webp 768w\" sizes=\"(max-width: 1248px) 100vw, 1248px\" \/><\/p>\n<\/div><\/div><div style=\"clear: both\"><\/div><div class=\"d-flex justify-content-center\"><button data-item=\"decouvrez_link\" data-group=\"website_links\" class=\"goto fw-bold rounded-pill btn btn-orange\" aria-label=\"Pobierz aplikacj\u0119 Liraluck\" >Pobierz aplikacj\u0119 Liraluck<\/button><\/div><div class=\"scrollable-content-wrap my-5\"><div class=\"scrollable-content-inner\"><h2>Obs\u0142ugiwane przegl\u0105darki<\/h2>\n<p>Pomimo tego, \u017ce aplikacja Liraluck otwiera si\u0119 bez uruchamiania przegl\u0105darki, dzia\u0142a ona na silniku przegl\u0105darki. Nie jest jednak powi\u0105zana z \u017cadn\u0105 konkretn\u0105 opcj\u0105 i jest kompatybilna ze wszystkimi typami przegl\u0105darek obs\u0142ugiwanymi przez Twoje urz\u0105dzenie.<\/p>\n<ul>\n<li>Windows \u2013 Google Chrome, Microsoft Edge, Opera, Brave<\/li>\n<li>macOS \u2013 Safari<\/li>\n<li>Linux \u2013 Firefox<\/li>\n<li>Android \u2013 Samsung Internet<\/li>\n<\/ul>\n<p>Jednocze\u015bnie aplikacja usuwa zb\u0119dne elementy, kt\u00f3re wcze\u015bniej znajdowa\u0142y si\u0119 na naszej stronie internetowej \u2013 na przyk\u0142ad pasek adresu, kt\u00f3ry m\u00f3g\u0142 odwraca\u0107 uwag\u0119 od innych funkcji platformy Lira Luck Casino.<\/p>\n<h2>Cz\u0119sto zadawane pytania<\/h2>\n<h3>Czy mog\u0119 pobra\u0107 aplikacj\u0119 Liraluck z App Store?<\/h3>\n<p>Nie ma takiej potrzeby. Nasza aplikacja jest dost\u0119pna dla wszystkich system\u00f3w operacyjnych, wi\u0119c nie musisz szuka\u0107 osobnej wersji w App Store lub Google Play. Na naszej stronie znajdziesz sprawdzone i bezpieczne rozwi\u0105zanie, kt\u00f3re zajmuje bardzo ma\u0142o miejsca w pami\u0119ci.<\/p>\n<h3>Czy aplikacje PWA s\u0105 bezpieczne?<\/h3>\n<p>Tak, korzystaj\u0105 one z protoko\u0142u HTTPS i tych samych mechanizm\u00f3w bezpiecze\u0144stwa, co nowoczesne strony internetowe. Jeste\u015bmy r\u00f3wnie\u017c licencjonowanym kasynem online, wi\u0119c aplikacja Liraluck posiada dodatkowe narz\u0119dzia do ochrony danych u\u017cytkownik\u00f3w.<\/p>\n<h3>Czy w aplikacji Liraluck mog\u0119 gra\u0107 w gry z krupierem na \u017cywo?<\/h3>\n<p>Tak, nasze mobilne kasyno oferuje pe\u0142en wyb\u00f3r \u2013 ponad 6 000 tytu\u0142\u00f3w. W aplikacji znajdziesz automaty online, a tak\u017ce gry kasynowe na \u017cywo, transmitowane z tak\u0105 sam\u0105 pr\u0119dko\u015bci\u0105 jak na stronie internetowej.<\/p>\n<h3>Czy aplikacja Liraluck Casino jest dost\u0119pna we wszystkich regionach?<\/h3>\n<p>Nie, ale nie wynika to z ogranicze\u0144 samej aplikacji PWA, a raczej z ogranicze\u0144 serwera. Nasza platforma jest dost\u0119pna tylko w krajach przyjaznych iGamingowi. Dlatego nasza strona internetowa i aplikacja wykorzystuj\u0105 wykrywanie adresu IP do identyfikacji Twojej lokalizacji.<\/p>\n<h3>Co mam zrobi\u0107, je\u015bli znajd\u0119 b\u0142\u0105d w aplikacji Lira Luck Casino?<\/h3>\n<p>Je\u015bli napotkasz jakiekolwiek problemy techniczne lub znajdziesz b\u0142\u0105d, skontaktuj si\u0119 z naszym zespo\u0142em pomocy technicznej. Po prostu opisz problem na czacie na \u017cywo, a my do\u0142o\u017cymy wszelkich stara\u0144, aby jak najszybciej go rozwi\u0105za\u0107.<\/p>\n<\/div><\/div><\/p>\n","protected":false},"excerpt":{"rendered":"<p>Aplikacja Liraluck Je\u015bli uwa\u017casz, \u017ce strona internetowa w jaki\u015b spos\u00f3b Ci\u0119 ogranicza, Liraluck app pomo\u017ce Ci pokona\u0107 te bariery. Dzi\u0119ki niej nasi polscy gracze nie b\u0119d\u0105 ju\u017c musieli zmaga\u0107 si\u0119 z d\u0142ugim czasem \u0142adowania spowodowanym ich po\u0142\u0105czeniem internetowym. W ko\u0144cu nasza aplikacja dzia\u0142a szybciej dzi\u0119ki buforowaniu i zapewnia szybkie uruchamianie Twoich ulubionych gier w ka\u017cdych [&hellip;]<\/p>\n","protected":false},"author":1,"featured_media":0,"parent":0,"menu_order":0,"comment_status":"closed","ping_status":"closed","template":"template-builder.php","meta":{"_acf_changed":false,"inline_featured_image":false,"footnotes":""},"class_list":["post-1447","page","type-page","status-publish","hentry"],"acf":[],"yoast_head":"<!-- This site is optimized with the Yoast SEO plugin v24.4 - https:\/\/yoast.com\/wordpress\/plugins\/seo\/ -->\n<title>Liraluck Casino App for iOS &amp; Android<\/title>\n<meta name=\"description\" content=\"Liraluck Casino App \u2013 ciesz si\u0119 slotami, ruletk\u0105 i blackjackiem na ka\u017cdym urz\u0105dzeniu bez pobierania. Zainstaluj nasz\u0105 PWA na iOS lub Android w kilka sekund i graj z do \u20ac1.500 + 250 darmowych spin\u00f3w w Lira Luck.\" \/>\n<meta name=\"robots\" content=\"index, follow, max-snippet:-1, max-image-preview:large, max-video-preview:-1\" \/>\n<link rel=\"canonical\" href=\"https:\/\/liraluck-casino.com\/pl\/aplikacja\/\" \/>\n<meta property=\"og:locale\" content=\"pl_PL\" \/>\n<meta property=\"og:type\" content=\"article\" \/>\n<meta property=\"og:title\" content=\"Liraluck Casino App for iOS &amp; Android\" \/>\n<meta property=\"og:description\" content=\"Liraluck Casino App \u2013 ciesz si\u0119 slotami, ruletk\u0105 i blackjackiem na ka\u017cdym urz\u0105dzeniu bez pobierania. Zainstaluj nasz\u0105 PWA na iOS lub Android w kilka sekund i graj z do \u20ac1.500 + 250 darmowych spin\u00f3w w Lira Luck.\" \/>\n<meta property=\"og:url\" content=\"https:\/\/liraluck-casino.com\/pl\/aplikacja\/\" \/>\n<meta property=\"og:site_name\" content=\"liraluck\" \/>\n<meta property=\"article:modified_time\" content=\"2026-05-05T12:27:00+00:00\" \/>\n<meta name=\"twitter:card\" content=\"summary_large_image\" \/>\n<meta name=\"twitter:label1\" content=\"Est. reading time\" \/>\n\t<meta name=\"twitter:data1\" content=\"1 minute\" \/>\n<script type=\"application\/ld+json\" class=\"yoast-schema-graph\">{\"@context\":\"https:\/\/schema.org\",\"@graph\":[{\"@type\":\"WebPage\",\"@id\":\"https:\/\/liraluck-casino.com\/pl\/aplikacja\/\",\"url\":\"https:\/\/liraluck-casino.com\/pl\/aplikacja\/\",\"name\":\"Liraluck Casino App for iOS & Android\",\"isPartOf\":{\"@id\":\"https:\/\/liraluck-casino.com\/pl\/#website\"},\"datePublished\":\"2026-01-20T12:08:23+00:00\",\"dateModified\":\"2026-05-05T12:27:00+00:00\",\"description\":\"Liraluck Casino App \u2013 ciesz si\u0119 slotami, ruletk\u0105 i blackjackiem na ka\u017cdym urz\u0105dzeniu bez pobierania. Zainstaluj nasz\u0105 PWA na iOS lub Android w kilka sekund i graj z do \u20ac1.500 + 250 darmowych spin\u00f3w w Lira Luck.\",\"breadcrumb\":{\"@id\":\"https:\/\/liraluck-casino.com\/pl\/aplikacja\/#breadcrumb\"},\"inLanguage\":\"pl-PL\",\"potentialAction\":[{\"@type\":\"ReadAction\",\"target\":[\"https:\/\/liraluck-casino.com\/pl\/aplikacja\/\"]}]},{\"@type\":\"BreadcrumbList\",\"@id\":\"https:\/\/liraluck-casino.com\/pl\/aplikacja\/#breadcrumb\",\"itemListElement\":[{\"@type\":\"ListItem\",\"position\":1,\"name\":\"Liraluck\",\"item\":\"https:\/\/liraluck-casino.com\/pl\/\"},{\"@type\":\"ListItem\",\"position\":2,\"name\":\"Aplikacja\"}]},{\"@type\":\"WebSite\",\"@id\":\"https:\/\/liraluck-casino.com\/pl\/#website\",\"url\":\"https:\/\/liraluck-casino.com\/pl\/\",\"name\":\"Liraluck\",\"description\":\"\",\"publisher\":{\"@id\":\"https:\/\/liraluck-casino.com\/pl\/#organization\"},\"potentialAction\":[{\"@type\":\"SearchAction\",\"target\":{\"@type\":\"EntryPoint\",\"urlTemplate\":\"https:\/\/liraluck-casino.com\/pl\/?s={search_term_string}\"},\"query-input\":{\"@type\":\"PropertyValueSpecification\",\"valueRequired\":true,\"valueName\":\"search_term_string\"}}],\"inLanguage\":\"pl-PL\"},{\"@type\":\"Organization\",\"@id\":\"https:\/\/liraluck-casino.com\/pl\/#organization\",\"name\":\"Liraluck\",\"url\":\"https:\/\/liraluck-casino.com\/pl\/\",\"logo\":{\"@type\":\"ImageObject\",\"inLanguage\":\"pl-PL\",\"@id\":\"https:\/\/liraluck-casino.com\/pl\/#\/schema\/logo\/image\/\",\"url\":\"https:\/\/liraluck-casino.com\/wp-content\/uploads\/2026\/05\/logo-liraluck.png\",\"contentUrl\":\"https:\/\/liraluck-casino.com\/wp-content\/uploads\/2026\/05\/logo-liraluck.png\",\"width\":150,\"height\":47,\"caption\":\"Liraluck\"},\"image\":{\"@id\":\"https:\/\/liraluck-casino.com\/pl\/#\/schema\/logo\/image\/\"}}]}<\/script>\n<!-- \/ Yoast SEO plugin. -->","yoast_head_json":{"title":"Liraluck Casino App for iOS & Android","description":"Liraluck Casino App \u2013 ciesz si\u0119 slotami, ruletk\u0105 i blackjackiem na ka\u017cdym urz\u0105dzeniu bez pobierania. Zainstaluj nasz\u0105 PWA na iOS lub Android w kilka sekund i graj z do \u20ac1.500 + 250 darmowych spin\u00f3w w Lira Luck.","robots":{"index":"index","follow":"follow","max-snippet":"max-snippet:-1","max-image-preview":"max-image-preview:large","max-video-preview":"max-video-preview:-1"},"canonical":"https:\/\/liraluck-casino.com\/pl\/aplikacja\/","og_locale":"pl_PL","og_type":"article","og_title":"Liraluck Casino App for iOS & Android","og_description":"Liraluck Casino App \u2013 ciesz si\u0119 slotami, ruletk\u0105 i blackjackiem na ka\u017cdym urz\u0105dzeniu bez pobierania. Zainstaluj nasz\u0105 PWA na iOS lub Android w kilka sekund i graj z do \u20ac1.500 + 250 darmowych spin\u00f3w w Lira Luck.","og_url":"https:\/\/liraluck-casino.com\/pl\/aplikacja\/","og_site_name":"liraluck","article_modified_time":"2026-05-05T12:27:00+00:00","twitter_card":"summary_large_image","twitter_misc":{"Est. reading time":"1 minute"},"schema":{"@context":"https:\/\/schema.org","@graph":[{"@type":"WebPage","@id":"https:\/\/liraluck-casino.com\/pl\/aplikacja\/","url":"https:\/\/liraluck-casino.com\/pl\/aplikacja\/","name":"Liraluck Casino App for iOS & Android","isPartOf":{"@id":"https:\/\/liraluck-casino.com\/pl\/#website"},"datePublished":"2026-01-20T12:08:23+00:00","dateModified":"2026-05-05T12:27:00+00:00","description":"Liraluck Casino App \u2013 ciesz si\u0119 slotami, ruletk\u0105 i blackjackiem na ka\u017cdym urz\u0105dzeniu bez pobierania. Zainstaluj nasz\u0105 PWA na iOS lub Android w kilka sekund i graj z do \u20ac1.500 + 250 darmowych spin\u00f3w w Lira Luck.","breadcrumb":{"@id":"https:\/\/liraluck-casino.com\/pl\/aplikacja\/#breadcrumb"},"inLanguage":"pl-PL","potentialAction":[{"@type":"ReadAction","target":["https:\/\/liraluck-casino.com\/pl\/aplikacja\/"]}]},{"@type":"BreadcrumbList","@id":"https:\/\/liraluck-casino.com\/pl\/aplikacja\/#breadcrumb","itemListElement":[{"@type":"ListItem","position":1,"name":"Liraluck","item":"https:\/\/liraluck-casino.com\/pl\/"},{"@type":"ListItem","position":2,"name":"Aplikacja"}]},{"@type":"WebSite","@id":"https:\/\/liraluck-casino.com\/pl\/#website","url":"https:\/\/liraluck-casino.com\/pl\/","name":"Liraluck","description":"","publisher":{"@id":"https:\/\/liraluck-casino.com\/pl\/#organization"},"potentialAction":[{"@type":"SearchAction","target":{"@type":"EntryPoint","urlTemplate":"https:\/\/liraluck-casino.com\/pl\/?s={search_term_string}"},"query-input":{"@type":"PropertyValueSpecification","valueRequired":true,"valueName":"search_term_string"}}],"inLanguage":"pl-PL"},{"@type":"Organization","@id":"https:\/\/liraluck-casino.com\/pl\/#organization","name":"Liraluck","url":"https:\/\/liraluck-casino.com\/pl\/","logo":{"@type":"ImageObject","inLanguage":"pl-PL","@id":"https:\/\/liraluck-casino.com\/pl\/#\/schema\/logo\/image\/","url":"https:\/\/liraluck-casino.com\/wp-content\/uploads\/2026\/05\/logo-liraluck.png","contentUrl":"https:\/\/liraluck-casino.com\/wp-content\/uploads\/2026\/05\/logo-liraluck.png","width":150,"height":47,"caption":"Liraluck"},"image":{"@id":"https:\/\/liraluck-casino.com\/pl\/#\/schema\/logo\/image\/"}}]}},"_links":{"self":[{"href":"https:\/\/liraluck-casino.com\/pl\/wp-json\/wp\/v2\/pages\/1447"}],"collection":[{"href":"https:\/\/liraluck-casino.com\/pl\/wp-json\/wp\/v2\/pages"}],"about":[{"href":"https:\/\/liraluck-casino.com\/pl\/wp-json\/wp\/v2\/types\/page"}],"author":[{"embeddable":true,"href":"https:\/\/liraluck-casino.com\/pl\/wp-json\/wp\/v2\/users\/1"}],"replies":[{"embeddable":true,"href":"https:\/\/liraluck-casino.com\/pl\/wp-json\/wp\/v2\/comments?post=1447"}],"version-history":[{"count":4,"href":"https:\/\/liraluck-casino.com\/pl\/wp-json\/wp\/v2\/pages\/1447\/revisions"}],"predecessor-version":[{"id":2104,"href":"https:\/\/liraluck-casino.com\/pl\/wp-json\/wp\/v2\/pages\/1447\/revisions\/2104"}],"wp:attachment":[{"href":"https:\/\/liraluck-casino.com\/pl\/wp-json\/wp\/v2\/media?parent=1447"}],"curies":[{"name":"wp","href":"https:\/\/api.w.org\/{rel}","templated":true}]}}