{"id":1485,"date":"2026-01-20T12:11:11","date_gmt":"2026-01-20T12:11:11","guid":{"rendered":"https:\/\/bonuskongcasino.com\/login-and-registration\/"},"modified":"2026-05-05T13:15:28","modified_gmt":"2026-05-05T12:15:28","slug":"accesso-e-registrazione","status":"publish","type":"page","link":"https:\/\/liraluck-casino.com\/it\/accesso-e-registrazione\/","title":{"rendered":"Accesso e registrazione"},"content":{"rendered":"<h1>Accesso e registrazione a Liraluck<\/h1>\n<p>Grazie alla procedura di Liraluck login, puoi passare dall&#8217;essere un semplice visitatore a un utente a tutti gli effetti. I nostri giocatori italiani registrati hanno accesso a vari vantaggi, come bonus e tornei. Inoltre, hanno l&#8217;opportunit\u00e0 di giocare e vincere. E tutto questo avviene dopo una sola azione: la compilazione del modulo.<\/p>\n<p><div class=\"banner-wrap\" aria-label=\"Banner\"><img src=\"https:\/\/liraluck-casino.com\/wp-content\/uploads\/2026\/05\/Liraluck-banner-desktop.webp\" class=\"w-100 d-none d-lg-block img-pc main-banner-img\" alt=\"Liraluck banner desktop\" fetchpriority=\"high\" decoding=\"async\"><img src=\"https:\/\/liraluck-casino.com\/wp-content\/uploads\/2026\/05\/liraluck-banner-mobile.webp\" class=\"w-100 d-none d-md-block d-lg-none main-banner-img\" alt=\"liraluck banner mobile\" fetchpriority=\"high\" decoding=\"async\"><img src=\"https:\/\/liraluck-casino.com\/wp-content\/uploads\/2026\/05\/liraluck-banner-mobile.webp\" class=\"w-100 d-md-none\" alt=\"liraluck banner mobile\" fetchpriority=\"high\" decoding=\"async\"><div class=\"banner-description\">\n<div class=\"banner-title\">Bonus di benvenuto<\/div>\n<p class=\"banner-header-title\">1500 \u20ac<\/p>\n<div class=\"banner-header-AdditionalText\">+ 250 Giri gratuiti<\/div>\n<button data-item=\"homepage_banner_link\" class=\"goto m-button m-gradient-border m-button--primary m-button--large banner-button btn-orange\">\n            <div class=\"m-button-content\">\n                <span>Iscriviti ora<\/span>\n                <span><\/span>\n            <\/div>\n        <\/button>\n<\/div>\n<div class=\"WelcomePack\">\n<p><img loading=\"lazy\" decoding=\"async\" class=\"alignnone size-full wp-image-1848\" src=\"https:\/\/liraluck-casino.com\/wp-content\/uploads\/2026\/05\/welcome-crown.png\" alt=\"crown\" width=\"25\" height=\"26\" \/><\/p>\n<div class=\"WelcomePack-Info\">Cashback settimanale fino al 25%<\/div>\n<p><img loading=\"lazy\" decoding=\"async\" class=\"alignnone size-full wp-image-1848\" src=\"https:\/\/liraluck-casino.com\/wp-content\/uploads\/2026\/05\/welcome-crown.png\" alt=\"crown\" width=\"25\" height=\"26\" \/><\/p>\n<\/div>\n<\/div><div class=\"scrollable-content-wrap my-5\"><div class=\"scrollable-content-inner\"><h2>Procedura di registrazione a Liraluck<\/h2>\n<p>Puoi entrare a far parte della community di Liraluck Casino con un solo clic sul pulsante &#8220;Registrati&#8221;, che trovi sulla nostra homepage. Un altro modo per registrarti \u00e8 creare un account tramite la nostra app, che puoi installare sul tuo PC o sul tuo cellulare.<\/p>\n<p>In tutti i casi, \u00e8 necessario inserire:<\/p>\n<ul>\n<li>password<\/li>\n<li>indirizzo e-mail<\/li>\n<li>nome e cognome<\/li>\n<li>la tua et\u00e0<\/li>\n<\/ul>\n<p>Queste informazioni sono sufficienti per diventare membro a pieno titolo di Lira Luck Casino. Dopo la registrazione, vedrai un nuovo menu disponibile: il tuo profilo. L\u00ec potrai gestire i tuoi dati personali, effettuare depositi e impostare le notifiche.<\/p>\n<p><img loading=\"lazy\" decoding=\"async\" class=\"alignnone size-full wp-image-1974\" src=\"https:\/\/liraluck-casino.com\/wp-content\/uploads\/Liraluck-Login.webp\" alt=\"Liraluck Login\" width=\"1248\" height=\"536\" srcset=\"https:\/\/liraluck-casino.com\/wp-content\/uploads\/Liraluck-Login.webp 1248w, https:\/\/liraluck-casino.com\/wp-content\/uploads\/Liraluck-Login-300x129.webp 300w, https:\/\/liraluck-casino.com\/wp-content\/uploads\/Liraluck-Login-1024x440.webp 1024w, https:\/\/liraluck-casino.com\/wp-content\/uploads\/Liraluck-Login-768x330.webp 768w\" sizes=\"(max-width: 1248px) 100vw, 1248px\" \/><\/p>\n<h2>Procedura di accesso a Liraluck<\/h2>\n<p>La procedura di accesso a Liraluck non richiede alcuna azione da parte tua oltre alla registrazione: infatti, dovrai inserire ancora meno informazioni. Per accedere al sistema, visita la piattaforma Liraluck o utilizza la nostra app. Clicca sul pulsante &#8220;Accedi&#8221; e, in una finestra pop-up, inserisci le tue credenziali: questo \u00e8 tutto.<\/p>\n<p>Se hai salvato la tua password in precedenza, l&#8217;accesso pu\u00f2 essere ancora pi\u00f9 veloce: ti baster\u00e0 aprire il nostro sito web o avviare la piattaforma dal collegamento sul desktop.<\/p>\n<h2>Proteggere il tuo account<\/h2>\n<p>Le piattaforme di gioco d&#8217;azzardo sono spesso prese di mira dagli hacker. Ecco perch\u00e9 abbiamo adottato numerose misure per proteggere gli account di Lira Luck Casino dagli attacchi informatici. Utilizziamo:<\/p>\n<ul>\n<li>Autenticazione a due fattori \u2013 Il tuo account sar\u00e0 al sicuro anche se qualcuno dovesse scoprire la tua password. Infatti, richiediamo comunque un codice di verifica.<\/li>\n<li>CAPTCHA \u2013 Lo utilizziamo per bloccare gli attacchi automatizzati. Se il nostro sistema rileva un&#8217;attivit\u00e0 insolita, potrebbe chiederti di eseguire un test. In questo modo, pu\u00f2 identificare se sei un bot o un essere umano.<\/li>\n<li>Crittografia TLS \u2013 Questo protocollo protegge tutti i tuoi dati personali (come i dati della carta di credito), in modo che non possano essere rubati da altri.<\/li>\n<li>Firewall \u2013 Grazie a questa misura, possiamo rilevare tentativi di accesso sospetti a Liraluck. Inoltre, limitiamo l&#8217;accesso da indirizzi IP di paesi ostili all&#8217;iGaming.<\/li>\n<\/ul>\n<p>In questo modo, la nostra piattaforma offre un elevato livello di sicurezza. Cos\u00ec, i nostri giocatori possono concentrarsi su cose pi\u00f9 importanti e non preoccuparsi della loro sicurezza.<\/p>\n<h2>Account bloccati o sospesi<\/h2>\n<p>Molte delle misure di sicurezza che utilizziamo sulla piattaforma Liraluck Casino mirano a rilevare violazioni e attivit\u00e0 insolite. E se questo comportamento proviene da uno dei nostri utenti registrati, sospendiamo i loro account.<\/p>\n<p>Ecco alcuni motivi per cui il tuo account potrebbe essere bloccato.<\/p>\n<table>\n<tbody>\n<tr>\n<td>Motivo<\/td>\n<td>Dettagli<\/td>\n<td>Perch\u00e9 lo facciamo<\/td>\n<\/tr>\n<tr>\n<td>Possibile tentativo di hacking<\/td>\n<td>Accesso sospetto a Liraluck (ad esempio, da un indirizzo IP diverso)<\/td>\n<td>Per proteggere il tuo profilo<\/td>\n<\/tr>\n<tr>\n<td>Violazione delle regole<\/td>\n<td>Account multipli<\/td>\n<td>Per evitare l&#8217;abuso dei bonus<\/td>\n<\/tr>\n<tr>\n<td>Problemi di pagamento<\/td>\n<td>Utilizzo della carta di qualcun altro<\/td>\n<td>Per prevenire frodi e rischi finanziari<\/td>\n<\/tr>\n<tr>\n<td>Restrizioni relative alla posizione<\/td>\n<td>Accesso da un paese vietato o tramite VPN<\/td>\n<td>Per rispettare le leggi e le norme sulle licenze<\/td>\n<\/tr>\n<tr>\n<td>Attivit\u00e0 dei bot<\/td>\n<td>Azioni molto veloci<\/td>\n<td>Per garantire l&#8217;equit\u00e0 del gioco<\/td>\n<\/tr>\n<tr>\n<td>Problemi relativi al KYC (verifica)<\/td>\n<td>Informazioni false o errate<\/td>\n<td>Per soddisfare i requisiti legali<\/td>\n<\/tr>\n<\/tbody>\n<\/table>\n<p>Ci auguriamo che non compia alcuna delle azioni elencate nella tabella. Dopotutto, \u00e8 qui per vivere esperienze positive \u2013 e la piattaforma Lira Luck Casino offre un&#8217;ampia gamma di funzionalit\u00e0 in grado di garantire proprio questo.<\/p>\n<h2>Domande frequenti<\/h2>\n<h3>Devo registrarmi per giocare?<\/h3>\n<p>Non \u00e8 necessario. Tuttavia, potrai giocare solo alle versioni demo dei nostri giochi, e nemmeno a tutte. Inoltre, se non sei un membro di Liraluck Casino, non avrai accesso ai nostri bonus o ai tornei.<\/p>\n<h3>Perch\u00e9 devo seguire la procedura di verifica di Lira Luck?<\/h3>\n<p>Dobbiamo confermare che hai almeno 18 anni. Poich\u00e9 i giochi con soldi veri sono disponibili solo per gli utenti maggiorenni, ti chiediamo di fornire i documenti pertinenti. Ad esempio, puoi inviarci una copia del tuo passaporto o anche una bolletta.<\/p>\n<h3>Cosa posso fare se ho dimenticato la mia password o il mio indirizzo e-mail?<\/h3>\n<p>Nel primo caso, puoi semplicemente cliccare sul pulsante &#8220;Hai dimenticato la password?&#8221; e crearne una nuova. Puoi trovare questa opzione nel modulo di accesso a Liraluck. Se invece non ricordi l&#8217;indirizzo e-mail collegato al tuo account, contatta il nostro team di assistenza multilingue.<\/p>\n<h3>Cosa devo fare se il mio account Lira Luck \u00e8 stato bloccato?<\/h3>\n<p>Puoi contattare il nostro team di assistenza per scoprire il possibile motivo. A tal fine, puoi cliccare sull&#8217;icona delle cuffie e aprire la nostra chat live. Successivamente, ti forniremo una risposta dettagliata in cui ti spiegheremo cosa puoi fare nella tua situazione.<\/p>\n<\/div><\/div><\/p>\n","protected":false},"excerpt":{"rendered":"<p>Accesso e registrazione a Liraluck Grazie alla procedura di Liraluck login, puoi passare dall&#8217;essere un semplice visitatore a un utente a tutti gli effetti. I nostri giocatori italiani registrati hanno accesso a vari vantaggi, come bonus e tornei. Inoltre, hanno l&#8217;opportunit\u00e0 di giocare e vincere. E tutto questo avviene dopo una sola azione: la compilazione [&hellip;]<\/p>\n","protected":false},"author":1,"featured_media":0,"parent":0,"menu_order":0,"comment_status":"closed","ping_status":"closed","template":"template-builder.php","meta":{"_acf_changed":false,"inline_featured_image":false,"footnotes":""},"class_list":["post-1485","page","type-page","status-publish","hentry"],"acf":[],"yoast_head":"<!-- This site is optimized with the Yoast SEO plugin v24.4 - https:\/\/yoast.com\/wordpress\/plugins\/seo\/ -->\n<title>Liraluck Login &amp; Registration | Accesso Sicuro<\/title>\n<meta name=\"description\" content=\"Liraluck Login &amp; Registration \u2013 accedi al tuo conto o creane uno nuovo in pochi minuti. Goditi un accesso sicuro a slot, roulette, giochi con dealer live e ottieni fino a 1.500 \u20ac + 250 giri gratuiti su Lira Luck.\" \/>\n<meta name=\"robots\" content=\"index, follow, max-snippet:-1, max-image-preview:large, max-video-preview:-1\" \/>\n<link rel=\"canonical\" href=\"https:\/\/liraluck-casino.com\/it\/accesso-e-registrazione\/\" \/>\n<meta property=\"og:locale\" content=\"it_IT\" \/>\n<meta property=\"og:type\" content=\"article\" \/>\n<meta property=\"og:title\" content=\"Liraluck Login &amp; Registration | Accesso Sicuro\" \/>\n<meta property=\"og:description\" content=\"Liraluck Login &amp; Registration \u2013 accedi al tuo conto o creane uno nuovo in pochi minuti. Goditi un accesso sicuro a slot, roulette, giochi con dealer live e ottieni fino a 1.500 \u20ac + 250 giri gratuiti su Lira Luck.\" \/>\n<meta property=\"og:url\" content=\"https:\/\/liraluck-casino.com\/it\/accesso-e-registrazione\/\" \/>\n<meta property=\"og:site_name\" content=\"liraluck\" \/>\n<meta property=\"article:modified_time\" content=\"2026-05-05T12:15:28+00:00\" \/>\n<meta name=\"twitter:card\" content=\"summary_large_image\" \/>\n<meta name=\"twitter:label1\" content=\"Est. reading time\" \/>\n\t<meta name=\"twitter:data1\" content=\"1 minute\" \/>\n<script type=\"application\/ld+json\" class=\"yoast-schema-graph\">{\"@context\":\"https:\/\/schema.org\",\"@graph\":[{\"@type\":\"WebPage\",\"@id\":\"https:\/\/liraluck-casino.com\/it\/accesso-e-registrazione\/\",\"url\":\"https:\/\/liraluck-casino.com\/it\/accesso-e-registrazione\/\",\"name\":\"Liraluck Login & Registration | Accesso Sicuro\",\"isPartOf\":{\"@id\":\"https:\/\/liraluck-casino.com\/it\/#website\"},\"datePublished\":\"2026-01-20T12:11:11+00:00\",\"dateModified\":\"2026-05-05T12:15:28+00:00\",\"description\":\"Liraluck Login & Registration \u2013 accedi al tuo conto o creane uno nuovo in pochi minuti. Goditi un accesso sicuro a slot, roulette, giochi con dealer live e ottieni fino a 1.500 \u20ac + 250 giri gratuiti su Lira Luck.\",\"breadcrumb\":{\"@id\":\"https:\/\/liraluck-casino.com\/it\/accesso-e-registrazione\/#breadcrumb\"},\"inLanguage\":\"it-IT\",\"potentialAction\":[{\"@type\":\"ReadAction\",\"target\":[\"https:\/\/liraluck-casino.com\/it\/accesso-e-registrazione\/\"]}]},{\"@type\":\"BreadcrumbList\",\"@id\":\"https:\/\/liraluck-casino.com\/it\/accesso-e-registrazione\/#breadcrumb\",\"itemListElement\":[{\"@type\":\"ListItem\",\"position\":1,\"name\":\"Liraluck\",\"item\":\"https:\/\/liraluck-casino.com\/it\/\"},{\"@type\":\"ListItem\",\"position\":2,\"name\":\"Accesso e registrazione\"}]},{\"@type\":\"WebSite\",\"@id\":\"https:\/\/liraluck-casino.com\/it\/#website\",\"url\":\"https:\/\/liraluck-casino.com\/it\/\",\"name\":\"Liraluck\",\"description\":\"\",\"publisher\":{\"@id\":\"https:\/\/liraluck-casino.com\/it\/#organization\"},\"potentialAction\":[{\"@type\":\"SearchAction\",\"target\":{\"@type\":\"EntryPoint\",\"urlTemplate\":\"https:\/\/liraluck-casino.com\/it\/?s={search_term_string}\"},\"query-input\":{\"@type\":\"PropertyValueSpecification\",\"valueRequired\":true,\"valueName\":\"search_term_string\"}}],\"inLanguage\":\"it-IT\"},{\"@type\":\"Organization\",\"@id\":\"https:\/\/liraluck-casino.com\/it\/#organization\",\"name\":\"Liraluck\",\"url\":\"https:\/\/liraluck-casino.com\/it\/\",\"logo\":{\"@type\":\"ImageObject\",\"inLanguage\":\"it-IT\",\"@id\":\"https:\/\/liraluck-casino.com\/it\/#\/schema\/logo\/image\/\",\"url\":\"https:\/\/liraluck-casino.com\/wp-content\/uploads\/2026\/05\/logo-liraluck.png\",\"contentUrl\":\"https:\/\/liraluck-casino.com\/wp-content\/uploads\/2026\/05\/logo-liraluck.png\",\"width\":150,\"height\":47,\"caption\":\"Liraluck\"},\"image\":{\"@id\":\"https:\/\/liraluck-casino.com\/it\/#\/schema\/logo\/image\/\"}}]}<\/script>\n<!-- \/ Yoast SEO plugin. -->","yoast_head_json":{"title":"Liraluck Login & Registration | Accesso Sicuro","description":"Liraluck Login & Registration \u2013 accedi al tuo conto o creane uno nuovo in pochi minuti. Goditi un accesso sicuro a slot, roulette, giochi con dealer live e ottieni fino a 1.500 \u20ac + 250 giri gratuiti su Lira Luck.","robots":{"index":"index","follow":"follow","max-snippet":"max-snippet:-1","max-image-preview":"max-image-preview:large","max-video-preview":"max-video-preview:-1"},"canonical":"https:\/\/liraluck-casino.com\/it\/accesso-e-registrazione\/","og_locale":"it_IT","og_type":"article","og_title":"Liraluck Login & Registration | Accesso Sicuro","og_description":"Liraluck Login & Registration \u2013 accedi al tuo conto o creane uno nuovo in pochi minuti. Goditi un accesso sicuro a slot, roulette, giochi con dealer live e ottieni fino a 1.500 \u20ac + 250 giri gratuiti su Lira Luck.","og_url":"https:\/\/liraluck-casino.com\/it\/accesso-e-registrazione\/","og_site_name":"liraluck","article_modified_time":"2026-05-05T12:15:28+00:00","twitter_card":"summary_large_image","twitter_misc":{"Est. reading time":"1 minute"},"schema":{"@context":"https:\/\/schema.org","@graph":[{"@type":"WebPage","@id":"https:\/\/liraluck-casino.com\/it\/accesso-e-registrazione\/","url":"https:\/\/liraluck-casino.com\/it\/accesso-e-registrazione\/","name":"Liraluck Login & Registration | Accesso Sicuro","isPartOf":{"@id":"https:\/\/liraluck-casino.com\/it\/#website"},"datePublished":"2026-01-20T12:11:11+00:00","dateModified":"2026-05-05T12:15:28+00:00","description":"Liraluck Login & Registration \u2013 accedi al tuo conto o creane uno nuovo in pochi minuti. Goditi un accesso sicuro a slot, roulette, giochi con dealer live e ottieni fino a 1.500 \u20ac + 250 giri gratuiti su Lira Luck.","breadcrumb":{"@id":"https:\/\/liraluck-casino.com\/it\/accesso-e-registrazione\/#breadcrumb"},"inLanguage":"it-IT","potentialAction":[{"@type":"ReadAction","target":["https:\/\/liraluck-casino.com\/it\/accesso-e-registrazione\/"]}]},{"@type":"BreadcrumbList","@id":"https:\/\/liraluck-casino.com\/it\/accesso-e-registrazione\/#breadcrumb","itemListElement":[{"@type":"ListItem","position":1,"name":"Liraluck","item":"https:\/\/liraluck-casino.com\/it\/"},{"@type":"ListItem","position":2,"name":"Accesso e registrazione"}]},{"@type":"WebSite","@id":"https:\/\/liraluck-casino.com\/it\/#website","url":"https:\/\/liraluck-casino.com\/it\/","name":"Liraluck","description":"","publisher":{"@id":"https:\/\/liraluck-casino.com\/it\/#organization"},"potentialAction":[{"@type":"SearchAction","target":{"@type":"EntryPoint","urlTemplate":"https:\/\/liraluck-casino.com\/it\/?s={search_term_string}"},"query-input":{"@type":"PropertyValueSpecification","valueRequired":true,"valueName":"search_term_string"}}],"inLanguage":"it-IT"},{"@type":"Organization","@id":"https:\/\/liraluck-casino.com\/it\/#organization","name":"Liraluck","url":"https:\/\/liraluck-casino.com\/it\/","logo":{"@type":"ImageObject","inLanguage":"it-IT","@id":"https:\/\/liraluck-casino.com\/it\/#\/schema\/logo\/image\/","url":"https:\/\/liraluck-casino.com\/wp-content\/uploads\/2026\/05\/logo-liraluck.png","contentUrl":"https:\/\/liraluck-casino.com\/wp-content\/uploads\/2026\/05\/logo-liraluck.png","width":150,"height":47,"caption":"Liraluck"},"image":{"@id":"https:\/\/liraluck-casino.com\/it\/#\/schema\/logo\/image\/"}}]}},"_links":{"self":[{"href":"https:\/\/liraluck-casino.com\/it\/wp-json\/wp\/v2\/pages\/1485"}],"collection":[{"href":"https:\/\/liraluck-casino.com\/it\/wp-json\/wp\/v2\/pages"}],"about":[{"href":"https:\/\/liraluck-casino.com\/it\/wp-json\/wp\/v2\/types\/page"}],"author":[{"embeddable":true,"href":"https:\/\/liraluck-casino.com\/it\/wp-json\/wp\/v2\/users\/1"}],"replies":[{"embeddable":true,"href":"https:\/\/liraluck-casino.com\/it\/wp-json\/wp\/v2\/comments?post=1485"}],"version-history":[{"count":3,"href":"https:\/\/liraluck-casino.com\/it\/wp-json\/wp\/v2\/pages\/1485\/revisions"}],"predecessor-version":[{"id":2095,"href":"https:\/\/liraluck-casino.com\/it\/wp-json\/wp\/v2\/pages\/1485\/revisions\/2095"}],"wp:attachment":[{"href":"https:\/\/liraluck-casino.com\/it\/wp-json\/wp\/v2\/media?parent=1485"}],"curies":[{"name":"wp","href":"https:\/\/api.w.org\/{rel}","templated":true}]}}