{"id":1445,"date":"2026-01-20T12:08:23","date_gmt":"2026-01-20T12:08:23","guid":{"rendered":"https:\/\/bonuskongcasino.com\/app\/"},"modified":"2026-05-05T13:12:28","modified_gmt":"2026-05-05T12:12:28","slug":"applicazione","status":"publish","type":"page","link":"https:\/\/liraluck-casino.com\/it\/applicazione\/","title":{"rendered":"Applicazione"},"content":{"rendered":"<h1>Applicazione Liraluck<\/h1>\n<p>Se ritieni che il sito web ti limiti in qualche modo, Liraluck app ti aiuter\u00e0 a superare queste barriere. Grazie ad essa, i nostri giocatori italiani non dovranno pi\u00f9 fare i conti con tempi di caricamento lenti causati dalla loro connessione Internet. Dopotutto, la nostra app funziona pi\u00f9 velocemente grazie alla cache e garantisce che i tuoi giochi preferiti si avviino rapidamente in qualsiasi condizione.<\/p>\n<div class=\"banner-wrap\" aria-label=\"Banner\"><img src=\"https:\/\/liraluck-casino.com\/wp-content\/uploads\/2026\/05\/Liraluck-banner-desktop.webp\" class=\"w-100 d-none d-lg-block img-pc main-banner-img\" alt=\"Liraluck banner desktop\" fetchpriority=\"high\" decoding=\"async\"><img src=\"https:\/\/liraluck-casino.com\/wp-content\/uploads\/2026\/05\/liraluck-banner-mobile.webp\" class=\"w-100 d-none d-md-block d-lg-none main-banner-img\" alt=\"liraluck banner mobile\" fetchpriority=\"high\" decoding=\"async\"><img src=\"https:\/\/liraluck-casino.com\/wp-content\/uploads\/2026\/05\/liraluck-banner-mobile.webp\" class=\"w-100 d-md-none\" alt=\"liraluck banner mobile\" fetchpriority=\"high\" decoding=\"async\"><div class=\"banner-description\">\n<div class=\"banner-title\">Bonus di benvenuto<\/div>\n<p class=\"banner-header-title\">1500 \u20ac<\/p>\n<div class=\"banner-header-AdditionalText\">+ 250 Giri gratuiti<\/div>\n<button data-item=\"homepage_banner_link\" class=\"goto m-button m-gradient-border m-button--primary m-button--large banner-button btn-orange\">\n            <div class=\"m-button-content\">\n                <span>Iscriviti ora<\/span>\n                <span><\/span>\n            <\/div>\n        <\/button>\n<\/div>\n<div class=\"WelcomePack\">\n<p><img loading=\"lazy\" decoding=\"async\" class=\"alignnone size-full wp-image-1848\" src=\"https:\/\/liraluck-casino.com\/wp-content\/uploads\/2026\/05\/welcome-crown.png\" alt=\"crown\" width=\"25\" height=\"26\" \/><\/p>\n<div class=\"WelcomePack-Info\">Cashback settimanale fino al 25%<\/div>\n<p><img loading=\"lazy\" decoding=\"async\" class=\"alignnone size-full wp-image-1848\" src=\"https:\/\/liraluck-casino.com\/wp-content\/uploads\/2026\/05\/welcome-crown.png\" alt=\"crown\" width=\"25\" height=\"26\" \/><\/p>\n<\/div>\n<\/div>\n<h2>Funzionalit\u00e0 dell&#8217;app Liraluck<\/h2>\n<p>Hai alcuni validi motivi per installare l&#8217;app di Liraluck Casino.<\/p>\n<ul>\n<li>Usabilit\u00e0 \u2013 Questo \u00e8 il vantaggio principale della nostra soluzione. Riproduce perfettamente l&#8217;interfaccia del sito web, quindi ti sar\u00e0 facile navigare attraverso il layout familiare di sezioni e pulsanti.<\/li>\n<li>Installazione semplice \u2013 Ci\u00f2 che rende la nostra app migliore rispetto alle normali applicazioni mobili \u00e8 che non richiede il download di file APK. Puoi installarla direttamente dal nostro sito web. Basta un solo tocco o clic.<\/li>\n<li>Popolarit\u00e0 tra gli utenti \u2013 Il successo si misura meglio non con le parole, ma con i numeri. Pi\u00f9 di 1 milione di utenti ha gi\u00e0 installato la nostra app. E la sua valutazione \u00e8 di 4,9.<\/li>\n<li>Indipendenza dalla piattaforma \u2013 L&#8217;app Lira Luck \u00e8 una soluzione universale, quindi \u00e8 compatibile con vari sistemi operativi e browser. Puoi anche avviarla sul tuo cellulare o PC: non fa differenza, perch\u00e9 l&#8217;applicazione funziona in modo stabile ovunque.<\/li>\n<\/ul>\n<p>Inoltre, la nostra app rispecchia il sito web non solo nell&#8217;interfaccia, ma anche nelle funzionalit\u00e0. Quindi tutto, che si tratti della registrazione o del processo di verifica, \u00e8 esattamente lo stesso.<\/p>\n<p><div class=\"scrollable-content-wrap my-5\"><div class=\"scrollable-content-inner\"><h2>App Liraluck per sistema operativo Android<\/h2>\n<p>Non tutte le app mobili standard supportano ogni versione di Android: molte sono disponibili solo sui sistemi operativi pi\u00f9 recenti. Tuttavia, l&#8217;app Liraluck Casino \u00e8 una PWA. Si adatta automaticamente a qualsiasi sistema operativo su cui viene avviata. Quindi, funzioner\u00e0 anche su dispositivi obsoleti.<\/p>\n<p>Installare la nostra applicazione \u00e8 facile:<\/p>\n<ol>\n<li>Trova l&#8217;icona del telefono con l&#8217;etichetta &#8220;App Casin\u00f2&#8221; sul nostro sito web e toccala.<\/li>\n<li>Nella finestra che si apre, seleziona &#8220;Installa&#8221; per avviare il caricamento.<\/li>\n<li>Attendi che l&#8217;applicazione venga installata (di solito ci vogliono da pochi secondi a un minuto).<\/li>\n<li>Avvia l&#8217;app Lira Luck toccando il collegamento che appare sulla schermata iniziale.<\/li>\n<li>Inserisci i tuoi dati di accesso e continua a utilizzare la nostra piattaforma in un formato pi\u00f9 comodo.<\/li>\n<\/ol>\n<p>Grazie a questi semplici passaggi e al rapido processo di installazione, otterrai una soluzione comoda in grado di migliorare notevolmente la tua esperienza di gioco.<\/p>\n<p><img loading=\"lazy\" decoding=\"async\" class=\"alignnone size-full wp-image-1948\" src=\"https:\/\/liraluck-casino.com\/wp-content\/uploads\/Liraluck-Android-App.webp\" alt=\"Liraluck Android App\" width=\"1248\" height=\"536\" srcset=\"https:\/\/liraluck-casino.com\/wp-content\/uploads\/Liraluck-Android-App.webp 1248w, https:\/\/liraluck-casino.com\/wp-content\/uploads\/Liraluck-Android-App-300x129.webp 300w, https:\/\/liraluck-casino.com\/wp-content\/uploads\/Liraluck-Android-App-1024x440.webp 1024w, https:\/\/liraluck-casino.com\/wp-content\/uploads\/Liraluck-Android-App-768x330.webp 768w\" sizes=\"(max-width: 1248px) 100vw, 1248px\" \/><\/p>\n<\/div><\/div><div style=\"clear: both\"><\/div><div class=\"d-flex justify-content-center\"><button data-item=\"decouvrez_link\" data-group=\"website_links\" class=\"goto fw-bold rounded-pill btn btn-orange\" aria-label=\"Scarica l&#039;app Liraluck\" >Scarica l&#039;app Liraluck<\/button><\/div><div class=\"scrollable-content-wrap my-5\"><div class=\"scrollable-content-inner\"><h2>App Liraluck \u2013 iOS<\/h2>\n<p>L&#8217;app Liraluck Casino \u00e8 disponibile anche su iOS e il processo di installazione \u00e8 esattamente lo stesso di quello per Android. Basta visitare il nostro sito web e scaricare l&#8217;applicazione sul tuo iPhone o iPad in pochi secondi. Inoltre, nella pagina di installazione dell&#8217;app, puoi leggere le recensioni di utenti reali e scoprire le loro esperienze personali con la nostra soluzione.<\/p>\n<p>Se temi che l&#8217;app occupi molto spazio sul tuo dispositivo, non preoccuparti. Per loro natura, le PWA sono estremamente leggere e occupano fino a 10 volte meno spazio rispetto alle app mobili standard. In alcuni casi, questa differenza pu\u00f2 arrivare fino a 50 volte.<\/p>\n<p><img loading=\"lazy\" decoding=\"async\" class=\"alignnone size-full wp-image-1956\" src=\"https:\/\/liraluck-casino.com\/wp-content\/uploads\/Liraluck-iOS-App.webp\" alt=\"Liraluck iOS App\" width=\"1248\" height=\"536\" srcset=\"https:\/\/liraluck-casino.com\/wp-content\/uploads\/Liraluck-iOS-App.webp 1248w, https:\/\/liraluck-casino.com\/wp-content\/uploads\/Liraluck-iOS-App-300x129.webp 300w, https:\/\/liraluck-casino.com\/wp-content\/uploads\/Liraluck-iOS-App-1024x440.webp 1024w, https:\/\/liraluck-casino.com\/wp-content\/uploads\/Liraluck-iOS-App-768x330.webp 768w\" sizes=\"(max-width: 1248px) 100vw, 1248px\" \/><\/p>\n<\/div><\/div><div style=\"clear: both\"><\/div><div class=\"d-flex justify-content-center\"><button data-item=\"decouvrez_link\" data-group=\"website_links\" class=\"goto fw-bold rounded-pill btn btn-orange\" aria-label=\"Scarica Liraluck\" >Scarica Liraluck<\/button><\/div><div class=\"scrollable-content-wrap my-5\"><div class=\"scrollable-content-inner\"><h2>Lira Luck Casino \u2013 versione desktop<\/h2>\n<p>La nostra app non solo migliora l&#8217;esperienza utente sui dispositivi mobili, ma anche sui desktop. Il processo di installazione \u00e8 identico.<\/p>\n<p>Rispetto al nostro sito web, la versione desktop di Liraluck Casino offre una serie di vantaggi.<\/p>\n<table>\n<tbody>\n<tr>\n<td>Criterio<\/td>\n<td>Sito web<\/td>\n<td>PWA desktop<\/td>\n<\/tr>\n<tr>\n<td>Interfaccia<\/td>\n<td>Browser standard con schede<\/td>\n<td>Finestra separata senza interfaccia utente del browser<\/td>\n<\/tr>\n<tr>\n<td>Velocit\u00e0 di avvio<\/td>\n<td>\u00c8 necessario aprire un browser e poi visitare il sito web<\/td>\n<td>Pi\u00f9 veloce \u2013 Lira Luck si avvia come un&#8217;app con un solo clic sul collegamento<\/td>\n<\/tr>\n<tr>\n<td>Connessione a Internet<\/td>\n<td>Sempre necessaria<\/td>\n<td>Pu\u00f2 funzionare parzialmente offline<\/td>\n<\/tr>\n<tr>\n<td>Aggiornamenti<\/td>\n<td>Aggiornato ogni volta che si aggiorna la pagina<\/td>\n<td>Si aggiorna automaticamente in background<\/td>\n<\/tr>\n<\/tbody>\n<\/table>\n<p>Il 70% dei nostri utenti utilizza gi\u00e0 l&#8217;app di Liraluck Casino e questo numero cresce ogni giorno. Questo \u00e8 l&#8217;indicatore principale di quanto sia conveniente la nostra soluzione.<\/p>\n<p><img loading=\"lazy\" decoding=\"async\" class=\"alignnone size-full wp-image-1964\" src=\"https:\/\/liraluck-casino.com\/wp-content\/uploads\/Liraluck-Desktop.webp\" alt=\"Liraluck Desktop\" width=\"1248\" height=\"536\" srcset=\"https:\/\/liraluck-casino.com\/wp-content\/uploads\/Liraluck-Desktop.webp 1248w, https:\/\/liraluck-casino.com\/wp-content\/uploads\/Liraluck-Desktop-300x129.webp 300w, https:\/\/liraluck-casino.com\/wp-content\/uploads\/Liraluck-Desktop-1024x440.webp 1024w, https:\/\/liraluck-casino.com\/wp-content\/uploads\/Liraluck-Desktop-768x330.webp 768w\" sizes=\"(max-width: 1248px) 100vw, 1248px\" \/><\/p>\n<\/div><\/div><div style=\"clear: both\"><\/div><div class=\"d-flex justify-content-center\"><button data-item=\"decouvrez_link\" data-group=\"website_links\" class=\"goto fw-bold rounded-pill btn btn-orange\" aria-label=\"Scarica l&#039;app Liraluck\" >Scarica l&#039;app Liraluck<\/button><\/div><div class=\"scrollable-content-wrap my-5\"><div class=\"scrollable-content-inner\"><h2>Browser supportati<\/h2>\n<p>Nonostante l&#8217;app Liraluck si apra senza avviare un browser, funziona su un motore di navigazione. Tuttavia, non \u00e8 vincolata a nessuna opzione specifica ed \u00e8 compatibile con tutti i tipi di browser supportati dal tuo dispositivo.<\/p>\n<ul>\n<li>Windows \u2013 Google Chrome, Microsoft Edge, Opera, Brave<\/li>\n<li>macOS \u2013 Safari<\/li>\n<li>Linux \u2013 Firefox<\/li>\n<li>Android \u2013 Samsung Internet<\/li>\n<\/ul>\n<p>Allo stesso tempo, l&#8217;app elimina gli elementi superflui che prima erano presenti sul nostro sito web, come ad esempio la barra degli indirizzi, che poteva distrarre dall&#8217;utilizzo delle altre funzionalit\u00e0 della piattaforma Lira Luck Casino.<\/p>\n<h2>Domande frequenti<\/h2>\n<h3>Posso scaricare l&#8217;app Liraluck dall&#8217;App Store?<\/h3>\n<p>Non ce n&#8217;\u00e8 bisogno. La nostra applicazione \u00e8 disponibile per tutti i sistemi operativi, quindi non \u00e8 necessario cercare una versione separata sull&#8217;App Store o su Google Play. Sul nostro sito web puoi trovare una soluzione verificata e sicura che occupa anche pochissimo spazio di archiviazione.<\/p>\n<h3>Le PWA sono sicure?<\/h3>\n<p>S\u00ec, utilizzano HTTPS e gli stessi meccanismi di sicurezza dei siti web moderni. Siamo inoltre un casin\u00f2 online autorizzato, quindi l&#8217;app Liraluck dispone di strumenti aggiuntivi per proteggere i dati degli utenti.<\/p>\n<h3>Posso giocare ai giochi con croupier dal vivo nell&#8217;app Liraluck?<\/h3>\n<p>S\u00ec, il nostro casin\u00f2 mobile offre la selezione completa: oltre 6.000 titoli. Nell&#8217;app troverai slot online e giochi da casin\u00f2 dal vivo, trasmessi in streaming alla stessa velocit\u00e0 del sito web.<\/p>\n<h3>L&#8217;app di Liraluck Casino \u00e8 disponibile in tutte le regioni?<\/h3>\n<p>No, ma ci\u00f2 non \u00e8 dovuto a limitazioni della PWA stessa, bens\u00ec al server. La nostra piattaforma \u00e8 disponibile solo nei paesi in cui l&#8217;iGaming \u00e8 consentito. Pertanto, il nostro sito web e l&#8217;applicazione utilizzano il rilevamento dell&#8217;IP per identificare la tua posizione.<\/p>\n<h3>Cosa devo fare se trovo un bug nell&#8217;app di Lira Luck Casino?<\/h3>\n<p>Se riscontri problemi tecnici o trovi un errore, contatta il nostro team di assistenza. Descrivi il problema nella chat live e faremo del nostro meglio per risolverlo il pi\u00f9 rapidamente possibile.<\/p>\n<\/div><\/div><\/p>\n","protected":false},"excerpt":{"rendered":"<p>Applicazione Liraluck Se ritieni che il sito web ti limiti in qualche modo, Liraluck app ti aiuter\u00e0 a superare queste barriere. Grazie ad essa, i nostri giocatori italiani non dovranno pi\u00f9 fare i conti con tempi di caricamento lenti causati dalla loro connessione Internet. Dopotutto, la nostra app funziona pi\u00f9 velocemente grazie alla cache e [&hellip;]<\/p>\n","protected":false},"author":1,"featured_media":0,"parent":0,"menu_order":0,"comment_status":"closed","ping_status":"closed","template":"template-builder.php","meta":{"_acf_changed":false,"inline_featured_image":false,"footnotes":""},"class_list":["post-1445","page","type-page","status-publish","hentry"],"acf":[],"yoast_head":"<!-- This site is optimized with the Yoast SEO plugin v24.4 - https:\/\/yoast.com\/wordpress\/plugins\/seo\/ -->\n<title>Liraluck Casino App for iOS &amp; Android<\/title>\n<meta name=\"description\" content=\"Liraluck Casino App \u2013 goditi slot, roulette e blackjack su qualsiasi dispositivo senza scaricare nulla. Installa la nostra PWA su iOS o Android in pochi secondi e gioca fino a 1.500 \u20ac + 250 giri gratuiti su Lira Luck.\" \/>\n<meta name=\"robots\" content=\"index, follow, max-snippet:-1, max-image-preview:large, max-video-preview:-1\" \/>\n<link rel=\"canonical\" href=\"https:\/\/liraluck-casino.com\/it\/applicazione\/\" \/>\n<meta property=\"og:locale\" content=\"it_IT\" \/>\n<meta property=\"og:type\" content=\"article\" \/>\n<meta property=\"og:title\" content=\"Liraluck Casino App for iOS &amp; Android\" \/>\n<meta property=\"og:description\" content=\"Liraluck Casino App \u2013 goditi slot, roulette e blackjack su qualsiasi dispositivo senza scaricare nulla. Installa la nostra PWA su iOS o Android in pochi secondi e gioca fino a 1.500 \u20ac + 250 giri gratuiti su Lira Luck.\" \/>\n<meta property=\"og:url\" content=\"https:\/\/liraluck-casino.com\/it\/applicazione\/\" \/>\n<meta property=\"og:site_name\" content=\"liraluck\" \/>\n<meta property=\"article:modified_time\" content=\"2026-05-05T12:12:28+00:00\" \/>\n<meta name=\"twitter:card\" content=\"summary_large_image\" \/>\n<meta name=\"twitter:label1\" content=\"Est. reading time\" \/>\n\t<meta name=\"twitter:data1\" content=\"2 minutes\" \/>\n<script type=\"application\/ld+json\" class=\"yoast-schema-graph\">{\"@context\":\"https:\/\/schema.org\",\"@graph\":[{\"@type\":\"WebPage\",\"@id\":\"https:\/\/liraluck-casino.com\/it\/applicazione\/\",\"url\":\"https:\/\/liraluck-casino.com\/it\/applicazione\/\",\"name\":\"Liraluck Casino App for iOS & Android\",\"isPartOf\":{\"@id\":\"https:\/\/liraluck-casino.com\/it\/#website\"},\"datePublished\":\"2026-01-20T12:08:23+00:00\",\"dateModified\":\"2026-05-05T12:12:28+00:00\",\"description\":\"Liraluck Casino App \u2013 goditi slot, roulette e blackjack su qualsiasi dispositivo senza scaricare nulla. Installa la nostra PWA su iOS o Android in pochi secondi e gioca fino a 1.500 \u20ac + 250 giri gratuiti su Lira Luck.\",\"breadcrumb\":{\"@id\":\"https:\/\/liraluck-casino.com\/it\/applicazione\/#breadcrumb\"},\"inLanguage\":\"it-IT\",\"potentialAction\":[{\"@type\":\"ReadAction\",\"target\":[\"https:\/\/liraluck-casino.com\/it\/applicazione\/\"]}]},{\"@type\":\"BreadcrumbList\",\"@id\":\"https:\/\/liraluck-casino.com\/it\/applicazione\/#breadcrumb\",\"itemListElement\":[{\"@type\":\"ListItem\",\"position\":1,\"name\":\"Liraluck\",\"item\":\"https:\/\/liraluck-casino.com\/it\/\"},{\"@type\":\"ListItem\",\"position\":2,\"name\":\"Applicazione\"}]},{\"@type\":\"WebSite\",\"@id\":\"https:\/\/liraluck-casino.com\/it\/#website\",\"url\":\"https:\/\/liraluck-casino.com\/it\/\",\"name\":\"Liraluck\",\"description\":\"\",\"publisher\":{\"@id\":\"https:\/\/liraluck-casino.com\/it\/#organization\"},\"potentialAction\":[{\"@type\":\"SearchAction\",\"target\":{\"@type\":\"EntryPoint\",\"urlTemplate\":\"https:\/\/liraluck-casino.com\/it\/?s={search_term_string}\"},\"query-input\":{\"@type\":\"PropertyValueSpecification\",\"valueRequired\":true,\"valueName\":\"search_term_string\"}}],\"inLanguage\":\"it-IT\"},{\"@type\":\"Organization\",\"@id\":\"https:\/\/liraluck-casino.com\/it\/#organization\",\"name\":\"Liraluck\",\"url\":\"https:\/\/liraluck-casino.com\/it\/\",\"logo\":{\"@type\":\"ImageObject\",\"inLanguage\":\"it-IT\",\"@id\":\"https:\/\/liraluck-casino.com\/it\/#\/schema\/logo\/image\/\",\"url\":\"https:\/\/liraluck-casino.com\/wp-content\/uploads\/2026\/05\/logo-liraluck.png\",\"contentUrl\":\"https:\/\/liraluck-casino.com\/wp-content\/uploads\/2026\/05\/logo-liraluck.png\",\"width\":150,\"height\":47,\"caption\":\"Liraluck\"},\"image\":{\"@id\":\"https:\/\/liraluck-casino.com\/it\/#\/schema\/logo\/image\/\"}}]}<\/script>\n<!-- \/ Yoast SEO plugin. -->","yoast_head_json":{"title":"Liraluck Casino App for iOS & Android","description":"Liraluck Casino App \u2013 goditi slot, roulette e blackjack su qualsiasi dispositivo senza scaricare nulla. Installa la nostra PWA su iOS o Android in pochi secondi e gioca fino a 1.500 \u20ac + 250 giri gratuiti su Lira Luck.","robots":{"index":"index","follow":"follow","max-snippet":"max-snippet:-1","max-image-preview":"max-image-preview:large","max-video-preview":"max-video-preview:-1"},"canonical":"https:\/\/liraluck-casino.com\/it\/applicazione\/","og_locale":"it_IT","og_type":"article","og_title":"Liraluck Casino App for iOS & Android","og_description":"Liraluck Casino App \u2013 goditi slot, roulette e blackjack su qualsiasi dispositivo senza scaricare nulla. Installa la nostra PWA su iOS o Android in pochi secondi e gioca fino a 1.500 \u20ac + 250 giri gratuiti su Lira Luck.","og_url":"https:\/\/liraluck-casino.com\/it\/applicazione\/","og_site_name":"liraluck","article_modified_time":"2026-05-05T12:12:28+00:00","twitter_card":"summary_large_image","twitter_misc":{"Est. reading time":"2 minutes"},"schema":{"@context":"https:\/\/schema.org","@graph":[{"@type":"WebPage","@id":"https:\/\/liraluck-casino.com\/it\/applicazione\/","url":"https:\/\/liraluck-casino.com\/it\/applicazione\/","name":"Liraluck Casino App for iOS & Android","isPartOf":{"@id":"https:\/\/liraluck-casino.com\/it\/#website"},"datePublished":"2026-01-20T12:08:23+00:00","dateModified":"2026-05-05T12:12:28+00:00","description":"Liraluck Casino App \u2013 goditi slot, roulette e blackjack su qualsiasi dispositivo senza scaricare nulla. Installa la nostra PWA su iOS o Android in pochi secondi e gioca fino a 1.500 \u20ac + 250 giri gratuiti su Lira Luck.","breadcrumb":{"@id":"https:\/\/liraluck-casino.com\/it\/applicazione\/#breadcrumb"},"inLanguage":"it-IT","potentialAction":[{"@type":"ReadAction","target":["https:\/\/liraluck-casino.com\/it\/applicazione\/"]}]},{"@type":"BreadcrumbList","@id":"https:\/\/liraluck-casino.com\/it\/applicazione\/#breadcrumb","itemListElement":[{"@type":"ListItem","position":1,"name":"Liraluck","item":"https:\/\/liraluck-casino.com\/it\/"},{"@type":"ListItem","position":2,"name":"Applicazione"}]},{"@type":"WebSite","@id":"https:\/\/liraluck-casino.com\/it\/#website","url":"https:\/\/liraluck-casino.com\/it\/","name":"Liraluck","description":"","publisher":{"@id":"https:\/\/liraluck-casino.com\/it\/#organization"},"potentialAction":[{"@type":"SearchAction","target":{"@type":"EntryPoint","urlTemplate":"https:\/\/liraluck-casino.com\/it\/?s={search_term_string}"},"query-input":{"@type":"PropertyValueSpecification","valueRequired":true,"valueName":"search_term_string"}}],"inLanguage":"it-IT"},{"@type":"Organization","@id":"https:\/\/liraluck-casino.com\/it\/#organization","name":"Liraluck","url":"https:\/\/liraluck-casino.com\/it\/","logo":{"@type":"ImageObject","inLanguage":"it-IT","@id":"https:\/\/liraluck-casino.com\/it\/#\/schema\/logo\/image\/","url":"https:\/\/liraluck-casino.com\/wp-content\/uploads\/2026\/05\/logo-liraluck.png","contentUrl":"https:\/\/liraluck-casino.com\/wp-content\/uploads\/2026\/05\/logo-liraluck.png","width":150,"height":47,"caption":"Liraluck"},"image":{"@id":"https:\/\/liraluck-casino.com\/it\/#\/schema\/logo\/image\/"}}]}},"_links":{"self":[{"href":"https:\/\/liraluck-casino.com\/it\/wp-json\/wp\/v2\/pages\/1445"}],"collection":[{"href":"https:\/\/liraluck-casino.com\/it\/wp-json\/wp\/v2\/pages"}],"about":[{"href":"https:\/\/liraluck-casino.com\/it\/wp-json\/wp\/v2\/types\/page"}],"author":[{"embeddable":true,"href":"https:\/\/liraluck-casino.com\/it\/wp-json\/wp\/v2\/users\/1"}],"replies":[{"embeddable":true,"href":"https:\/\/liraluck-casino.com\/it\/wp-json\/wp\/v2\/comments?post=1445"}],"version-history":[{"count":4,"href":"https:\/\/liraluck-casino.com\/it\/wp-json\/wp\/v2\/pages\/1445\/revisions"}],"predecessor-version":[{"id":2093,"href":"https:\/\/liraluck-casino.com\/it\/wp-json\/wp\/v2\/pages\/1445\/revisions\/2093"}],"wp:attachment":[{"href":"https:\/\/liraluck-casino.com\/it\/wp-json\/wp\/v2\/media?parent=1445"}],"curies":[{"name":"wp","href":"https:\/\/api.w.org\/{rel}","templated":true}]}}