{"id":1482,"date":"2026-01-20T12:11:11","date_gmt":"2026-01-20T12:11:11","guid":{"rendered":"https:\/\/bonuskongcasino.com\/login-and-registration\/"},"modified":"2026-05-05T12:23:45","modified_gmt":"2026-05-05T11:23:45","slug":"connexion-et-inscription","status":"publish","type":"page","link":"https:\/\/liraluck-casino.com\/fr\/connexion-et-inscription\/","title":{"rendered":"Connexion et inscription"},"content":{"rendered":"<h1>Connexionet inscription sur Liraluck<\/h1>\n<p>Gr\u00e2ce \u00e0 la proc\u00e9dure de Liraluck login, vous pouvez passer du statut de simple visiteur \u00e0 celui d&rsquo;utilisateur \u00e0 part enti\u00e8re. Nos joueurs inscrits ont acc\u00e8s \u00e0 divers avantages, tels que des bonus et des tournois. Ils ont \u00e9galement la possibilit\u00e9 de jouer et de gagner. Et tout cela apr\u00e8s une seule action : remplir le formulaire.<\/p>\n<p><div class=\"banner-wrap\" aria-label=\"Banner\"><img src=\"https:\/\/liraluck-casino.com\/wp-content\/uploads\/2026\/05\/Liraluck-banner-desktop.webp\" class=\"w-100 d-none d-lg-block img-pc main-banner-img\" alt=\"Liraluck banner desktop\" fetchpriority=\"high\" decoding=\"async\"><img src=\"https:\/\/liraluck-casino.com\/wp-content\/uploads\/2026\/05\/liraluck-banner-mobile.webp\" class=\"w-100 d-none d-md-block d-lg-none main-banner-img\" alt=\"liraluck banner mobile\" fetchpriority=\"high\" decoding=\"async\"><img src=\"https:\/\/liraluck-casino.com\/wp-content\/uploads\/2026\/05\/liraluck-banner-mobile.webp\" class=\"w-100 d-md-none\" alt=\"liraluck banner mobile\" fetchpriority=\"high\" decoding=\"async\"><div class=\"banner-description\">\n<div class=\"banner-title\">Bonus de bienvenue<\/div>\n<p class=\"banner-header-title\">1500 \u20ac<\/p>\n<div class=\"banner-header-AdditionalText\">+ 250 Tours gratuits<\/div>\n<button data-item=\"homepage_banner_link\" class=\"goto m-button m-gradient-border m-button--primary m-button--large banner-button btn-orange\">\n            <div class=\"m-button-content\">\n                <span>Inscrivez-vous d\u00e8s maintenant<\/span>\n                <span><\/span>\n            <\/div>\n        <\/button>\n<\/div>\n<div class=\"WelcomePack\">\n<p><img loading=\"lazy\" decoding=\"async\" class=\"alignnone size-full wp-image-1845\" src=\"https:\/\/liraluck-casino.com\/wp-content\/uploads\/2026\/05\/welcome-crown.png\" alt=\"crown\" width=\"25\" height=\"26\" \/><\/p>\n<div class=\"WelcomePack-Info\">Cashback hebdomadaire jusqu&rsquo;\u00e0 25 %<\/div>\n<p><img loading=\"lazy\" decoding=\"async\" class=\"alignnone size-full wp-image-1845\" src=\"https:\/\/liraluck-casino.com\/wp-content\/uploads\/2026\/05\/welcome-crown.png\" alt=\"crown\" width=\"25\" height=\"26\" \/><\/p>\n<\/div>\n<\/div><div class=\"scrollable-content-wrap my-5\"><div class=\"scrollable-content-inner\"><h2>Proc\u00e9dure d&rsquo;inscription sur Liraluck<\/h2>\n<p>Vous pouvez rejoindre la communaut\u00e9 du casino Liraluck d&rsquo;un simple clic sur le bouton \u00ab S&rsquo;inscrire \u00bb \u2013 vous le trouverez sur notre page d&rsquo;accueil. Une autre fa\u00e7on de s&rsquo;inscrire consiste \u00e0 cr\u00e9er un compte via notre application, qui peut \u00eatre install\u00e9e sur votre PC ou votre t\u00e9l\u00e9phone portable.<\/p>\n<p>Dans tous les cas, vous devez saisir :<\/p>\n<ul>\n<li>mot de passe<\/li>\n<li>adresse e-mail<\/li>\n<li>votre pr\u00e9nom et votre nom<\/li>\n<li>votre \u00e2ge<\/li>\n<\/ul>\n<p>Ces informations suffisent pour devenir membre \u00e0 part enti\u00e8re du casino Lira Luck. Une fois inscrit, un nouveau menu s&rsquo;affichera : votre profil. Vous pourrez y g\u00e9rer vos donn\u00e9es personnelles, effectuer des d\u00e9p\u00f4ts et configurer des notifications.<\/p>\n<p><img loading=\"lazy\" decoding=\"async\" class=\"alignnone size-full wp-image-1971\" src=\"https:\/\/liraluck-casino.com\/wp-content\/uploads\/Liraluck-Login.webp\" alt=\"Liraluck Login\" width=\"1248\" height=\"536\" srcset=\"https:\/\/liraluck-casino.com\/wp-content\/uploads\/Liraluck-Login.webp 1248w, https:\/\/liraluck-casino.com\/wp-content\/uploads\/Liraluck-Login-300x129.webp 300w, https:\/\/liraluck-casino.com\/wp-content\/uploads\/Liraluck-Login-1024x440.webp 1024w, https:\/\/liraluck-casino.com\/wp-content\/uploads\/Liraluck-Login-768x330.webp 768w\" sizes=\"(max-width: 1248px) 100vw, 1248px\" \/><\/p>\n<h2>Proc\u00e9dure de connexion \u00e0 Liraluck<\/h2>\n<p>La proc\u00e9dure de connexion \u00e0 Liraluck ne n\u00e9cessite pas plus d&rsquo;\u00e9tapes que l&rsquo;inscription : en fait, vous devrez saisir encore moins d&rsquo;informations. Pour acc\u00e9der au syst\u00e8me, rendez-vous sur la plateforme Liraluck ou utilisez notre application. Cliquez sur le bouton \u00ab Se connecter \u00bb et, dans la fen\u00eatre contextuelle, saisissez vos identifiants : c&rsquo;est tout.<\/p>\n<p>Si vous avez pr\u00e9c\u00e9demment enregistr\u00e9 votre mot de passe, la connexion peut \u00eatre encore plus rapide : il vous suffit d&rsquo;ouvrir notre site web ou de lancer la plateforme \u00e0 partir du raccourci sur votre bureau.<\/p>\n<h2>Protection de votre compte<\/h2>\n<p>Les plateformes de jeux d&rsquo;argent sont souvent la cible de pirates informatiques. C&rsquo;est pourquoi nous avons mis en place de nombreuses mesures pour prot\u00e9ger les comptes du casino Lira Luck contre les cyberattaques. Nous utilisons :<\/p>\n<ul>\n<li>Authentification \u00e0 deux facteurs \u2013 Votre compte restera s\u00e9curis\u00e9 m\u00eame si quelqu&rsquo;un venait \u00e0 obtenir votre mot de passe. En effet, nous vous demanderons toujours un code de v\u00e9rification.<\/li>\n<li>CAPTCHA \u2013 Nous l&rsquo;utilisons pour bloquer les attaques automatis\u00e9es. Si notre syst\u00e8me d\u00e9tecte une activit\u00e9 inhabituelle, il peut vous demander d&rsquo;effectuer un test. Cela lui permet de d\u00e9terminer si vous \u00eates un robot ou un humain.<\/li>\n<li>Cryptage TLS \u2013 Ce protocole prot\u00e8ge toutes vos donn\u00e9es personnelles (telles que vos informations de carte de cr\u00e9dit), afin qu&rsquo;elles ne puissent pas \u00eatre vol\u00e9es par des tiers.<\/li>\n<li>Pare-feu \u2013 Gr\u00e2ce \u00e0 cette mesure, nous pouvons d\u00e9tecter les tentatives de connexion suspectes \u00e0 Liraluck. De plus, nous restreignons l&rsquo;acc\u00e8s depuis les adresses IP situ\u00e9es dans des pays hostiles aux jeux d&rsquo;argent en ligne.<\/li>\n<\/ul>\n<p>Ainsi, notre plateforme offre un niveau de s\u00e9curit\u00e9 \u00e9lev\u00e9. Nos joueurs peuvent donc se concentrer sur des choses plus importantes sans se soucier de leur s\u00e9curit\u00e9.<\/p>\n<h2>Comptes verrouill\u00e9s ou suspendus<\/h2>\n<p>Bon nombre des mesures de s\u00e9curit\u00e9 que nous utilisons sur la plateforme Liraluck Casino visent \u00e0 d\u00e9tecter les violations et les activit\u00e9s inhabituelles. Et si ce comportement provient de l&rsquo;un de nos utilisateurs enregistr\u00e9s, nous suspendons son compte.<\/p>\n<p>Voici quelques raisons pour lesquelles votre compte peut \u00eatre bloqu\u00e9.<\/p>\n<table>\n<tbody>\n<tr>\n<td>Raison<\/td>\n<td>D\u00e9tails<\/td>\n<td>Pourquoi nous agissons ainsi<\/td>\n<\/tr>\n<tr>\n<td>Tentative de piratage<\/td>\n<td>Connexion suspecte \u00e0 Liraluck (par exemple, depuis une adresse IP diff\u00e9rente)<\/td>\n<td>Pour prot\u00e9ger votre profil<\/td>\n<\/tr>\n<tr>\n<td>Violation des r\u00e8gles<\/td>\n<td>Comptes multiples<\/td>\n<td>Pour \u00e9viter les abus de bonus<\/td>\n<\/tr>\n<tr>\n<td>Probl\u00e8mes de paiement<\/td>\n<td>Utilisation de la carte d&rsquo;une autre personne<\/td>\n<td>Pour pr\u00e9venir la fraude et les risques financiers<\/td>\n<\/tr>\n<tr>\n<td>Restrictions g\u00e9ographiques<\/td>\n<td>Connexion depuis un pays interdit ou via un VPN<\/td>\n<td>Pour respecter les lois et les r\u00e8gles d&rsquo;octroi de licence<\/td>\n<\/tr>\n<tr>\n<td>Activit\u00e9 des bots<\/td>\n<td>Actions tr\u00e8s rapides<\/td>\n<td>Pour garantir l&rsquo;\u00e9quit\u00e9 du jeu<\/td>\n<\/tr>\n<tr>\n<td>Probl\u00e8mes li\u00e9s \u00e0 la v\u00e9rification d&rsquo;identit\u00e9 (KYC)<\/td>\n<td>Informations fausses ou incorrectes<\/td>\n<td>Pour respecter les exigences l\u00e9gales<\/td>\n<\/tr>\n<\/tbody>\n<\/table>\n<p>Nous esp\u00e9rons que vous ne ferez rien de ce qui est indiqu\u00e9 dans le tableau. Apr\u00e8s tout, vous \u00eates ici pour vivre des exp\u00e9riences positives \u2013 et la plateforme Lira Luck Casino offre un large \u00e9ventail de fonctionnalit\u00e9s qui peuvent vous apporter exactement cela.<\/p>\n<h2>FAQ<\/h2>\n<h3>Dois-je m&rsquo;inscrire pour jouer ?<\/h3>\n<p>Ce n&rsquo;est pas obligatoire. Mais vous ne pourrez jouer qu&rsquo;aux versions d\u00e9mo de nos jeux, et pas m\u00eame \u00e0 toutes. De plus, si vous n&rsquo;\u00eates pas membre de Liraluck Casino, vous n&rsquo;aurez pas acc\u00e8s \u00e0 nos bonus ni \u00e0 nos tournois.<\/p>\n<h3>Pourquoi dois-je suivre la proc\u00e9dure de v\u00e9rification de Lira Luck ?<\/h3>\n<p>Nous devons v\u00e9rifier que vous avez bien 18 ans ou plus. Les jeux en argent r\u00e9el \u00e9tant r\u00e9serv\u00e9s aux utilisateurs ayant l&rsquo;\u00e2ge l\u00e9gal, nous vous demandons de fournir les documents n\u00e9cessaires. Vous pouvez par exemple nous envoyer une copie de votre passeport ou m\u00eame une facture d&rsquo;\u00e9lectricit\u00e9.<\/p>\n<h3>Que faire si j&rsquo;ai oubli\u00e9 mon mot de passe ou mon adresse e-mail ?<\/h3>\n<p>Dans le premier cas, il vous suffit de cliquer sur le bouton \u00ab Mot de passe oubli\u00e9 ? \u00bb et d&rsquo;en cr\u00e9er un nouveau. Vous trouverez cette option dans le formulaire de connexion de Liraluck. Et si vous ne vous souvenez pas de l&rsquo;adresse e-mail associ\u00e9e \u00e0 votre compte, veuillez contacter notre \u00e9quipe d&rsquo;assistance multilingue.<\/p>\n<h3>Que dois-je faire si mon compte Lira Luck a \u00e9t\u00e9 suspendu ?<\/h3>\n<p>Vous pouvez contacter notre \u00e9quipe d&rsquo;assistance pour conna\u00eetre la raison possible. Pour cela, vous pouvez cliquer sur l&rsquo;ic\u00f4ne repr\u00e9sentant un casque et ouvrir notre chat en direct. Nous vous fournirons ensuite une r\u00e9ponse d\u00e9taill\u00e9e dans laquelle nous vous expliquerons ce que vous pouvez faire dans votre situation.<\/p>\n<\/div><\/div><\/p>\n","protected":false},"excerpt":{"rendered":"<p>Connexionet inscription sur Liraluck Gr\u00e2ce \u00e0 la proc\u00e9dure de Liraluck login, vous pouvez passer du statut de simple visiteur \u00e0 celui d&rsquo;utilisateur \u00e0 part enti\u00e8re. Nos joueurs inscrits ont acc\u00e8s \u00e0 divers avantages, tels que des bonus et des tournois. Ils ont \u00e9galement la possibilit\u00e9 de jouer et de gagner. Et tout cela apr\u00e8s une [&hellip;]<\/p>\n","protected":false},"author":1,"featured_media":0,"parent":0,"menu_order":0,"comment_status":"closed","ping_status":"closed","template":"template-builder.php","meta":{"_acf_changed":false,"inline_featured_image":false,"footnotes":""},"class_list":["post-1482","page","type-page","status-publish","hentry"],"acf":[],"yoast_head":"<!-- This site is optimized with the Yoast SEO plugin v24.4 - https:\/\/yoast.com\/wordpress\/plugins\/seo\/ -->\n<title>Liraluck Login &amp; Registration | Acc\u00e8s S\u00e9curis\u00e9<\/title>\n<meta name=\"description\" content=\"Liraluck Login &amp; Registration \u2013 connectez-vous \u00e0 votre compte ou cr\u00e9ez-en un nouveau en quelques minutes. Profitez d&#039;un acc\u00e8s s\u00e9curis\u00e9 aux machines \u00e0 sous, \u00e0 la roulette, aux jeux avec croupiers en direct et obtenez jusqu&#039;\u00e0 1 500 \u20ac + 250 tours gratuits chez Lira Luck.\" \/>\n<meta name=\"robots\" content=\"index, follow, max-snippet:-1, max-image-preview:large, max-video-preview:-1\" \/>\n<link rel=\"canonical\" href=\"https:\/\/liraluck-casino.com\/fr\/connexion-et-inscription\/\" \/>\n<meta property=\"og:locale\" content=\"fr_FR\" \/>\n<meta property=\"og:type\" content=\"article\" \/>\n<meta property=\"og:title\" content=\"Liraluck Login &amp; Registration | Acc\u00e8s S\u00e9curis\u00e9\" \/>\n<meta property=\"og:description\" content=\"Liraluck Login &amp; Registration \u2013 connectez-vous \u00e0 votre compte ou cr\u00e9ez-en un nouveau en quelques minutes. Profitez d&#039;un acc\u00e8s s\u00e9curis\u00e9 aux machines \u00e0 sous, \u00e0 la roulette, aux jeux avec croupiers en direct et obtenez jusqu&#039;\u00e0 1 500 \u20ac + 250 tours gratuits chez Lira Luck.\" \/>\n<meta property=\"og:url\" content=\"https:\/\/liraluck-casino.com\/fr\/connexion-et-inscription\/\" \/>\n<meta property=\"og:site_name\" content=\"liraluck\" \/>\n<meta property=\"article:modified_time\" content=\"2026-05-05T11:23:45+00:00\" \/>\n<meta name=\"twitter:card\" content=\"summary_large_image\" \/>\n<meta name=\"twitter:label1\" content=\"Dur\u00e9e de lecture estim\u00e9e\" \/>\n\t<meta name=\"twitter:data1\" content=\"1 minute\" \/>\n<script type=\"application\/ld+json\" class=\"yoast-schema-graph\">{\"@context\":\"https:\/\/schema.org\",\"@graph\":[{\"@type\":\"WebPage\",\"@id\":\"https:\/\/liraluck-casino.com\/fr\/connexion-et-inscription\/\",\"url\":\"https:\/\/liraluck-casino.com\/fr\/connexion-et-inscription\/\",\"name\":\"Liraluck Login & Registration | Acc\u00e8s S\u00e9curis\u00e9\",\"isPartOf\":{\"@id\":\"https:\/\/liraluck-casino.com\/fr\/#website\"},\"datePublished\":\"2026-01-20T12:11:11+00:00\",\"dateModified\":\"2026-05-05T11:23:45+00:00\",\"description\":\"Liraluck Login & Registration \u2013 connectez-vous \u00e0 votre compte ou cr\u00e9ez-en un nouveau en quelques minutes. Profitez d'un acc\u00e8s s\u00e9curis\u00e9 aux machines \u00e0 sous, \u00e0 la roulette, aux jeux avec croupiers en direct et obtenez jusqu'\u00e0 1 500 \u20ac + 250 tours gratuits chez Lira Luck.\",\"breadcrumb\":{\"@id\":\"https:\/\/liraluck-casino.com\/fr\/connexion-et-inscription\/#breadcrumb\"},\"inLanguage\":\"fr-FR\",\"potentialAction\":[{\"@type\":\"ReadAction\",\"target\":[\"https:\/\/liraluck-casino.com\/fr\/connexion-et-inscription\/\"]}]},{\"@type\":\"BreadcrumbList\",\"@id\":\"https:\/\/liraluck-casino.com\/fr\/connexion-et-inscription\/#breadcrumb\",\"itemListElement\":[{\"@type\":\"ListItem\",\"position\":1,\"name\":\"Liraluck\",\"item\":\"https:\/\/liraluck-casino.com\/fr\/\"},{\"@type\":\"ListItem\",\"position\":2,\"name\":\"Connexion et inscription\"}]},{\"@type\":\"WebSite\",\"@id\":\"https:\/\/liraluck-casino.com\/fr\/#website\",\"url\":\"https:\/\/liraluck-casino.com\/fr\/\",\"name\":\"Liraluck\",\"description\":\"\",\"publisher\":{\"@id\":\"https:\/\/liraluck-casino.com\/fr\/#organization\"},\"potentialAction\":[{\"@type\":\"SearchAction\",\"target\":{\"@type\":\"EntryPoint\",\"urlTemplate\":\"https:\/\/liraluck-casino.com\/fr\/?s={search_term_string}\"},\"query-input\":{\"@type\":\"PropertyValueSpecification\",\"valueRequired\":true,\"valueName\":\"search_term_string\"}}],\"inLanguage\":\"fr-FR\"},{\"@type\":\"Organization\",\"@id\":\"https:\/\/liraluck-casino.com\/fr\/#organization\",\"name\":\"Liraluck\",\"url\":\"https:\/\/liraluck-casino.com\/fr\/\",\"logo\":{\"@type\":\"ImageObject\",\"inLanguage\":\"fr-FR\",\"@id\":\"https:\/\/liraluck-casino.com\/fr\/#\/schema\/logo\/image\/\",\"url\":\"https:\/\/liraluck-casino.com\/wp-content\/uploads\/2026\/05\/logo-liraluck.png\",\"contentUrl\":\"https:\/\/liraluck-casino.com\/wp-content\/uploads\/2026\/05\/logo-liraluck.png\",\"width\":150,\"height\":47,\"caption\":\"Liraluck\"},\"image\":{\"@id\":\"https:\/\/liraluck-casino.com\/fr\/#\/schema\/logo\/image\/\"}}]}<\/script>\n<!-- \/ Yoast SEO plugin. -->","yoast_head_json":{"title":"Liraluck Login & Registration | Acc\u00e8s S\u00e9curis\u00e9","description":"Liraluck Login & Registration \u2013 connectez-vous \u00e0 votre compte ou cr\u00e9ez-en un nouveau en quelques minutes. Profitez d'un acc\u00e8s s\u00e9curis\u00e9 aux machines \u00e0 sous, \u00e0 la roulette, aux jeux avec croupiers en direct et obtenez jusqu'\u00e0 1 500 \u20ac + 250 tours gratuits chez Lira Luck.","robots":{"index":"index","follow":"follow","max-snippet":"max-snippet:-1","max-image-preview":"max-image-preview:large","max-video-preview":"max-video-preview:-1"},"canonical":"https:\/\/liraluck-casino.com\/fr\/connexion-et-inscription\/","og_locale":"fr_FR","og_type":"article","og_title":"Liraluck Login & Registration | Acc\u00e8s S\u00e9curis\u00e9","og_description":"Liraluck Login & Registration \u2013 connectez-vous \u00e0 votre compte ou cr\u00e9ez-en un nouveau en quelques minutes. Profitez d'un acc\u00e8s s\u00e9curis\u00e9 aux machines \u00e0 sous, \u00e0 la roulette, aux jeux avec croupiers en direct et obtenez jusqu'\u00e0 1 500 \u20ac + 250 tours gratuits chez Lira Luck.","og_url":"https:\/\/liraluck-casino.com\/fr\/connexion-et-inscription\/","og_site_name":"liraluck","article_modified_time":"2026-05-05T11:23:45+00:00","twitter_card":"summary_large_image","twitter_misc":{"Dur\u00e9e de lecture estim\u00e9e":"1 minute"},"schema":{"@context":"https:\/\/schema.org","@graph":[{"@type":"WebPage","@id":"https:\/\/liraluck-casino.com\/fr\/connexion-et-inscription\/","url":"https:\/\/liraluck-casino.com\/fr\/connexion-et-inscription\/","name":"Liraluck Login & Registration | Acc\u00e8s S\u00e9curis\u00e9","isPartOf":{"@id":"https:\/\/liraluck-casino.com\/fr\/#website"},"datePublished":"2026-01-20T12:11:11+00:00","dateModified":"2026-05-05T11:23:45+00:00","description":"Liraluck Login & Registration \u2013 connectez-vous \u00e0 votre compte ou cr\u00e9ez-en un nouveau en quelques minutes. Profitez d'un acc\u00e8s s\u00e9curis\u00e9 aux machines \u00e0 sous, \u00e0 la roulette, aux jeux avec croupiers en direct et obtenez jusqu'\u00e0 1 500 \u20ac + 250 tours gratuits chez Lira Luck.","breadcrumb":{"@id":"https:\/\/liraluck-casino.com\/fr\/connexion-et-inscription\/#breadcrumb"},"inLanguage":"fr-FR","potentialAction":[{"@type":"ReadAction","target":["https:\/\/liraluck-casino.com\/fr\/connexion-et-inscription\/"]}]},{"@type":"BreadcrumbList","@id":"https:\/\/liraluck-casino.com\/fr\/connexion-et-inscription\/#breadcrumb","itemListElement":[{"@type":"ListItem","position":1,"name":"Liraluck","item":"https:\/\/liraluck-casino.com\/fr\/"},{"@type":"ListItem","position":2,"name":"Connexion et inscription"}]},{"@type":"WebSite","@id":"https:\/\/liraluck-casino.com\/fr\/#website","url":"https:\/\/liraluck-casino.com\/fr\/","name":"Liraluck","description":"","publisher":{"@id":"https:\/\/liraluck-casino.com\/fr\/#organization"},"potentialAction":[{"@type":"SearchAction","target":{"@type":"EntryPoint","urlTemplate":"https:\/\/liraluck-casino.com\/fr\/?s={search_term_string}"},"query-input":{"@type":"PropertyValueSpecification","valueRequired":true,"valueName":"search_term_string"}}],"inLanguage":"fr-FR"},{"@type":"Organization","@id":"https:\/\/liraluck-casino.com\/fr\/#organization","name":"Liraluck","url":"https:\/\/liraluck-casino.com\/fr\/","logo":{"@type":"ImageObject","inLanguage":"fr-FR","@id":"https:\/\/liraluck-casino.com\/fr\/#\/schema\/logo\/image\/","url":"https:\/\/liraluck-casino.com\/wp-content\/uploads\/2026\/05\/logo-liraluck.png","contentUrl":"https:\/\/liraluck-casino.com\/wp-content\/uploads\/2026\/05\/logo-liraluck.png","width":150,"height":47,"caption":"Liraluck"},"image":{"@id":"https:\/\/liraluck-casino.com\/fr\/#\/schema\/logo\/image\/"}}]}},"_links":{"self":[{"href":"https:\/\/liraluck-casino.com\/fr\/wp-json\/wp\/v2\/pages\/1482"}],"collection":[{"href":"https:\/\/liraluck-casino.com\/fr\/wp-json\/wp\/v2\/pages"}],"about":[{"href":"https:\/\/liraluck-casino.com\/fr\/wp-json\/wp\/v2\/types\/page"}],"author":[{"embeddable":true,"href":"https:\/\/liraluck-casino.com\/fr\/wp-json\/wp\/v2\/users\/1"}],"replies":[{"embeddable":true,"href":"https:\/\/liraluck-casino.com\/fr\/wp-json\/wp\/v2\/comments?post=1482"}],"version-history":[{"count":3,"href":"https:\/\/liraluck-casino.com\/fr\/wp-json\/wp\/v2\/pages\/1482\/revisions"}],"predecessor-version":[{"id":2063,"href":"https:\/\/liraluck-casino.com\/fr\/wp-json\/wp\/v2\/pages\/1482\/revisions\/2063"}],"wp:attachment":[{"href":"https:\/\/liraluck-casino.com\/fr\/wp-json\/wp\/v2\/media?parent=1482"}],"curies":[{"name":"wp","href":"https:\/\/api.w.org\/{rel}","templated":true}]}}