{"id":1440,"date":"2026-01-20T12:08:23","date_gmt":"2026-01-20T12:08:23","guid":{"rendered":"https:\/\/bonuskongcasino.com\/app\/"},"modified":"2026-05-05T12:22:27","modified_gmt":"2026-05-05T11:22:27","slug":"app","status":"publish","type":"page","link":"https:\/\/liraluck-casino.com\/fr\/app\/","title":{"rendered":"App"},"content":{"rendered":"<h1>Application Liraluck<\/h1>\n<p>Si vous avez l&rsquo;impression que le site web vous limite d&rsquo;une mani\u00e8re ou d&rsquo;une autre, Liraluck app vous aidera \u00e0 surmonter ces obstacles. Gr\u00e2ce \u00e0 elle, vous n&rsquo;aurez plus \u00e0 subir les temps de chargement lents dus \u00e0 la vitesse de votre connexion. Apr\u00e8s tout, notre application fonctionne plus rapidement gr\u00e2ce \u00e0 la mise en cache et garantit que vos jeux pr\u00e9f\u00e9r\u00e9s se lancent rapidement, quelles que soient les conditions.<\/p>\n<div class=\"banner-wrap\" aria-label=\"Banner\"><img src=\"https:\/\/liraluck-casino.com\/wp-content\/uploads\/2026\/05\/Liraluck-banner-desktop.webp\" class=\"w-100 d-none d-lg-block img-pc main-banner-img\" alt=\"Liraluck banner desktop\" fetchpriority=\"high\" decoding=\"async\"><img src=\"https:\/\/liraluck-casino.com\/wp-content\/uploads\/2026\/05\/liraluck-banner-mobile.webp\" class=\"w-100 d-none d-md-block d-lg-none main-banner-img\" alt=\"liraluck banner mobile\" fetchpriority=\"high\" decoding=\"async\"><img src=\"https:\/\/liraluck-casino.com\/wp-content\/uploads\/2026\/05\/liraluck-banner-mobile.webp\" class=\"w-100 d-md-none\" alt=\"liraluck banner mobile\" fetchpriority=\"high\" decoding=\"async\"><div class=\"banner-description\">\n<div class=\"banner-title\">Bonus de bienvenue<\/div>\n<p class=\"banner-header-title\">1500 \u20ac<\/p>\n<div class=\"banner-header-AdditionalText\">+ 250 Tours gratuits<\/div>\n<button data-item=\"homepage_banner_link\" class=\"goto m-button m-gradient-border m-button--primary m-button--large banner-button btn-orange\">\n            <div class=\"m-button-content\">\n                <span>Inscrivez-vous d\u00e8s maintenant<\/span>\n                <span><\/span>\n            <\/div>\n        <\/button>\n<\/div>\n<div class=\"WelcomePack\">\n<p><img loading=\"lazy\" decoding=\"async\" class=\"alignnone size-full wp-image-1845\" src=\"https:\/\/liraluck-casino.com\/wp-content\/uploads\/2026\/05\/welcome-crown.png\" alt=\"crown\" width=\"25\" height=\"26\" \/><\/p>\n<div class=\"WelcomePack-Info\">Cashback hebdomadaire jusqu&rsquo;\u00e0 25 %<\/div>\n<p><img loading=\"lazy\" decoding=\"async\" class=\"alignnone size-full wp-image-1845\" src=\"https:\/\/liraluck-casino.com\/wp-content\/uploads\/2026\/05\/welcome-crown.png\" alt=\"crown\" width=\"25\" height=\"26\" \/><\/p>\n<\/div>\n<\/div>\n<h2>Fonctionnalit\u00e9s de l&rsquo;application Liraluck<\/h2>\n<p>Vous avez plusieurs bonnes raisons d&rsquo;installer l&rsquo;application Liraluck Casino.<\/p>\n<ul>\n<li>Facilit\u00e9 d&rsquo;utilisation \u2013 C&rsquo;est le principal avantage de notre solution. Elle reproduit parfaitement l&rsquo;interface du site web, vous permettant ainsi de naviguer facilement gr\u00e2ce \u00e0 une disposition famili\u00e8re des sections et des boutons.<\/li>\n<li>Installation facile \u2013 Ce qui rend notre application meilleure que les logiciels mobiles standard, c&rsquo;est qu&rsquo;elle ne n\u00e9cessite pas de t\u00e9l\u00e9charger de fichiers APK. Vous pouvez l&rsquo;installer depuis notre site web. Il suffit d&rsquo;un simple clic ou d&rsquo;une simple pression.<\/li>\n<li>Popularit\u00e9 aupr\u00e8s des utilisateurs \u2013 Le succ\u00e8s ne se mesure pas tant par les mots que par les chiffres. Plus d&rsquo;un million d&rsquo;utilisateurs ont d\u00e9j\u00e0 install\u00e9 notre application. Et sa note est de 4,9.<\/li>\n<li>Ind\u00e9pendance vis-\u00e0-vis des plateformes \u2013 L&rsquo;application Lira Luck est une solution universelle, elle est donc compatible avec divers syst\u00e8mes d&rsquo;exploitation et navigateurs. Vous pouvez \u00e9galement la lancer sur votre t\u00e9l\u00e9phone portable ou votre PC : cela ne fait aucune diff\u00e9rence, car l&rsquo;application fonctionne de mani\u00e8re stable partout.<\/li>\n<\/ul>\n<p>De plus, notre application refl\u00e8te le site web non seulement au niveau de son interface, mais aussi de ses fonctionnalit\u00e9s. Ainsi, tout, qu&rsquo;il s&rsquo;agisse de l&rsquo;inscription ou du processus de v\u00e9rification, est exactement identique.<\/p>\n<p><div class=\"scrollable-content-wrap my-5\"><div class=\"scrollable-content-inner\"><h2>Application Liraluck pour Android<\/h2>\n<p>Toutes les applications mobiles standard ne prennent pas en charge toutes les versions d&rsquo;Android : beaucoup ne sont disponibles que sur les syst\u00e8mes d&rsquo;exploitation les plus r\u00e9cents. Cependant, l&rsquo;application Liraluck Casino est une PWA. Elle s&rsquo;adapte automatiquement \u00e0 n&rsquo;importe quel syst\u00e8me d&rsquo;exploitation sur lequel elle est lanc\u00e9e. Elle fonctionnera donc m\u00eame sur des appareils obsol\u00e8tes.<\/p>\n<p>L&rsquo;installation de notre application est simple :<\/p>\n<ol>\n<li>Recherchez l&rsquo;ic\u00f4ne en forme de t\u00e9l\u00e9phone intitul\u00e9e \u00ab Casino App \u00bb sur notre site web et appuyez dessus.<\/li>\n<li>Dans la fen\u00eatre qui s&rsquo;ouvre, s\u00e9lectionnez \u00ab Installer \u00bb pour lancer le t\u00e9l\u00e9chargement.<\/li>\n<li>Attendez que l&rsquo;application s&rsquo;installe (cela prend g\u00e9n\u00e9ralement entre quelques secondes et une minute).<\/li>\n<li>Lancez l&rsquo;application Lira Luck en appuyant sur le raccourci qui appara\u00eet sur votre \u00e9cran d&rsquo;accueil.<\/li>\n<li>Saisissez vos identifiants de connexion et continuez \u00e0 utiliser notre plateforme dans un format plus pratique.<\/li>\n<\/ol>\n<p>Gr\u00e2ce \u00e0 ces \u00e9tapes simples et \u00e0 la rapidit\u00e9 du processus d&rsquo;installation, vous b\u00e9n\u00e9ficierez d&rsquo;une solution pratique qui am\u00e9liorera consid\u00e9rablement votre exp\u00e9rience de jeu.<\/p>\n<p><img loading=\"lazy\" decoding=\"async\" class=\"alignnone size-full wp-image-1945\" src=\"https:\/\/liraluck-casino.com\/wp-content\/uploads\/Liraluck-Android-App.webp\" alt=\"Liraluck Android App\" width=\"1248\" height=\"536\" srcset=\"https:\/\/liraluck-casino.com\/wp-content\/uploads\/Liraluck-Android-App.webp 1248w, https:\/\/liraluck-casino.com\/wp-content\/uploads\/Liraluck-Android-App-300x129.webp 300w, https:\/\/liraluck-casino.com\/wp-content\/uploads\/Liraluck-Android-App-1024x440.webp 1024w, https:\/\/liraluck-casino.com\/wp-content\/uploads\/Liraluck-Android-App-768x330.webp 768w\" sizes=\"(max-width: 1248px) 100vw, 1248px\" \/><\/p>\n<\/div><\/div><div style=\"clear: both\"><\/div><div class=\"d-flex justify-content-center\"><button data-item=\"decouvrez_link\" data-group=\"website_links\" class=\"goto fw-bold rounded-pill btn btn-orange\" aria-label=\"T\u00e9l\u00e9chargez l&#039;application Liraluck\" >T\u00e9l\u00e9chargez l&#039;application Liraluck<\/button><\/div><div class=\"scrollable-content-wrap my-5\"><div class=\"scrollable-content-inner\"><h2>Application Liraluck \u2013 iOS<\/h2>\n<p>L&rsquo;application Liraluck Casino est \u00e9galement disponible sur iOS, et le processus d&rsquo;installation est exactement le m\u00eame que pour Android. Il vous suffit de vous rendre sur notre site web et de t\u00e9l\u00e9charger l&rsquo;application sur votre iPhone ou votre iPad en quelques secondes seulement. De plus, sur la page d&rsquo;installation de l&rsquo;application, vous pouvez lire les avis d&rsquo;utilisateurs r\u00e9els et d\u00e9couvrir leurs exp\u00e9riences personnelles avec notre solution.<\/p>\n<p>Si vous craignez que l&rsquo;application ne prenne beaucoup de place sur votre appareil, rassurez-vous. De par leur nature, les PWA sont extr\u00eamement l\u00e9g\u00e8res et occupent jusqu&rsquo;\u00e0 10 fois moins d&rsquo;espace que les applications mobiles standard. Dans certains cas, cette diff\u00e9rence peut m\u00eame atteindre 50 fois.<\/p>\n<p><img loading=\"lazy\" decoding=\"async\" class=\"alignnone size-full wp-image-1953\" src=\"https:\/\/liraluck-casino.com\/wp-content\/uploads\/Liraluck-iOS-App.webp\" alt=\"Liraluck iOS App\" width=\"1248\" height=\"536\" srcset=\"https:\/\/liraluck-casino.com\/wp-content\/uploads\/Liraluck-iOS-App.webp 1248w, https:\/\/liraluck-casino.com\/wp-content\/uploads\/Liraluck-iOS-App-300x129.webp 300w, https:\/\/liraluck-casino.com\/wp-content\/uploads\/Liraluck-iOS-App-1024x440.webp 1024w, https:\/\/liraluck-casino.com\/wp-content\/uploads\/Liraluck-iOS-App-768x330.webp 768w\" sizes=\"(max-width: 1248px) 100vw, 1248px\" \/><\/p>\n<\/div><\/div><div style=\"clear: both\"><\/div><div class=\"d-flex justify-content-center\"><button data-item=\"decouvrez_link\" data-group=\"website_links\" class=\"goto fw-bold rounded-pill btn btn-orange\" aria-label=\"T\u00e9l\u00e9charger Liraluck\" >T\u00e9l\u00e9charger Liraluck<\/button><\/div><div class=\"scrollable-content-wrap my-5\"><div class=\"scrollable-content-inner\"><h2>Lira Luck Casino \u2013 version pour ordinateur<\/h2>\n<p>Notre application am\u00e9liore non seulement l&rsquo;exp\u00e9rience utilisateur sur les appareils mobiles, mais aussi sur les ordinateurs de bureau. Le processus d&rsquo;installation est identique.<\/p>\n<p>Par rapport \u00e0 notre site web, la version pour ordinateur de Liraluck Casino offre de nombreux avantages.<\/p>\n<table>\n<tbody>\n<tr>\n<td>Crit\u00e8re<\/td>\n<td>Site web<\/td>\n<td>PWA pour ordinateur<\/td>\n<\/tr>\n<tr>\n<td>Interface<\/td>\n<td>Navigateur standard avec onglets<\/td>\n<td>Fen\u00eatre s\u00e9par\u00e9e sans interface utilisateur du navigateur<\/td>\n<\/tr>\n<tr>\n<td>Vitesse de lancement<\/td>\n<td>Vous devez ouvrir un navigateur, puis vous rendre sur le site web<\/td>\n<td>Plus rapide \u2013 Lira Luck se lance comme une application d&rsquo;un simple clic sur le raccourci<\/td>\n<\/tr>\n<tr>\n<td>Connexion Internet<\/td>\n<td>Toujours requise<\/td>\n<td>Peut fonctionner partiellement hors ligne<\/td>\n<\/tr>\n<tr>\n<td>Mises \u00e0 jour<\/td>\n<td>\u00c0 jour \u00e0 chaque fois que vous actualisez la page<\/td>\n<td>Se met \u00e0 jour automatiquement en arri\u00e8re-plan<\/td>\n<\/tr>\n<\/tbody>\n<\/table>\n<p>70 % de nos utilisateurs utilisent d\u00e9j\u00e0 l&rsquo;application Liraluck Casino, et ce chiffre augmente chaque jour. C&rsquo;est le principal indicateur de la commodit\u00e9 de notre solution.<\/p>\n<p><img loading=\"lazy\" decoding=\"async\" class=\"alignnone size-full wp-image-1961\" src=\"https:\/\/liraluck-casino.com\/wp-content\/uploads\/Liraluck-Desktop.webp\" alt=\"Liraluck Desktop\" width=\"1248\" height=\"536\" srcset=\"https:\/\/liraluck-casino.com\/wp-content\/uploads\/Liraluck-Desktop.webp 1248w, https:\/\/liraluck-casino.com\/wp-content\/uploads\/Liraluck-Desktop-300x129.webp 300w, https:\/\/liraluck-casino.com\/wp-content\/uploads\/Liraluck-Desktop-1024x440.webp 1024w, https:\/\/liraluck-casino.com\/wp-content\/uploads\/Liraluck-Desktop-768x330.webp 768w\" sizes=\"(max-width: 1248px) 100vw, 1248px\" \/><\/p>\n<\/div><\/div><div style=\"clear: both\"><\/div><div class=\"d-flex justify-content-center\"><button data-item=\"decouvrez_link\" data-group=\"website_links\" class=\"goto fw-bold rounded-pill btn btn-orange\" aria-label=\"T\u00e9l\u00e9chargez l&#039;application Liraluck\" >T\u00e9l\u00e9chargez l&#039;application Liraluck<\/button><\/div><div class=\"scrollable-content-wrap my-5\"><div class=\"scrollable-content-inner\"><h2>Navigateurs pris en charge<\/h2>\n<p>Bien que l&rsquo;application Liraluck s&rsquo;ouvre sans lancer de navigateur, elle fonctionne sur un moteur de navigateur. Cependant, elle n&rsquo;est li\u00e9e \u00e0 aucune option en particulier et est compatible avec tous les types de navigateurs pris en charge par votre appareil.<\/p>\n<ul>\n<li>Windows \u2013 Google Chrome, Microsoft Edge, Opera, Brave<\/li>\n<li>macOS \u2013 Safari<\/li>\n<li>Linux \u2013 Firefox<\/li>\n<li>Android \u2013 Samsung Internet<\/li>\n<\/ul>\n<p>Par ailleurs, l&rsquo;application supprime les \u00e9l\u00e9ments superflus qui figuraient auparavant sur notre site web, comme la barre d&rsquo;adresse, qui pouvait d\u00e9tourner l&rsquo;attention des autres fonctionnalit\u00e9s de la plateforme Lira Luck Casino.<\/p>\n<h2>FAQ<\/h2>\n<h3>Puis-je t\u00e9l\u00e9charger l&rsquo;application Liraluck depuis l&rsquo;App Store ?<\/h3>\n<p>Ce n&rsquo;est pas n\u00e9cessaire. Notre application est disponible pour tous les syst\u00e8mes d&rsquo;exploitation, vous n&rsquo;avez donc pas besoin de rechercher une version sp\u00e9cifique sur l&rsquo;App Store ou Google Play. Sur notre site web, vous trouverez une solution v\u00e9rifi\u00e9e et s\u00e9curis\u00e9e qui occupe \u00e9galement tr\u00e8s peu d&rsquo;espace de stockage.<\/p>\n<h3>Les PWA sont-elles s\u00fbres ?<\/h3>\n<p>Oui, elles utilisent le protocole HTTPS et les m\u00eames m\u00e9canismes de s\u00e9curit\u00e9 que les sites web modernes. Nous sommes \u00e9galement un casino en ligne agr\u00e9\u00e9, l&rsquo;application Liraluck dispose donc d&rsquo;outils suppl\u00e9mentaires pour prot\u00e9ger les donn\u00e9es des utilisateurs.<\/p>\n<h3>Puis-je jouer \u00e0 des jeux avec croupier en direct dans l&rsquo;application Liraluck ?<\/h3>\n<p>Oui, notre casino mobile propose la s\u00e9lection compl\u00e8te, soit plus de 6 000 titres. Dans l&rsquo;application, vous trouverez des machines \u00e0 sous en ligne ainsi que des jeux de casino en direct, diffus\u00e9s en streaming \u00e0 la m\u00eame vitesse que sur le site web.<\/p>\n<h3>L&rsquo;application Liraluck Casino est-elle disponible dans toutes les r\u00e9gions ?<\/h3>\n<p>Non, mais cela n&rsquo;est pas d\u00fb \u00e0 des limitations de l&rsquo;application PWA elle-m\u00eame, mais plut\u00f4t du serveur. Notre plateforme n&rsquo;est disponible que dans les pays o\u00f9 les jeux d&rsquo;argent en ligne sont autoris\u00e9s. Notre site web et l&rsquo;application utilisent donc la d\u00e9tection d&rsquo;adresse IP pour identifier votre emplacement.<\/p>\n<h3>Que dois-je faire si je trouve un bug dans l&rsquo;application Lira Luck Casino ?<\/h3>\n<p>Si vous rencontrez des probl\u00e8mes techniques ou constatez une erreur, veuillez contacter notre \u00e9quipe d&rsquo;assistance. Il vous suffit de d\u00e9crire le probl\u00e8me dans le chat en direct, et nous ferons de notre mieux pour le r\u00e9soudre le plus rapidement possible.<\/p>\n<\/div><\/div><\/p>\n","protected":false},"excerpt":{"rendered":"<p>Application Liraluck Si vous avez l&rsquo;impression que le site web vous limite d&rsquo;une mani\u00e8re ou d&rsquo;une autre, Liraluck app vous aidera \u00e0 surmonter ces obstacles. Gr\u00e2ce \u00e0 elle, vous n&rsquo;aurez plus \u00e0 subir les temps de chargement lents dus \u00e0 la vitesse de votre connexion. Apr\u00e8s tout, notre application fonctionne plus rapidement gr\u00e2ce \u00e0 la [&hellip;]<\/p>\n","protected":false},"author":1,"featured_media":0,"parent":0,"menu_order":0,"comment_status":"closed","ping_status":"closed","template":"template-builder.php","meta":{"_acf_changed":false,"inline_featured_image":false,"footnotes":""},"class_list":["post-1440","page","type-page","status-publish","hentry"],"acf":[],"yoast_head":"<!-- This site is optimized with the Yoast SEO plugin v24.4 - https:\/\/yoast.com\/wordpress\/plugins\/seo\/ -->\n<title>Liraluck Casino App for iOS &amp; Android<\/title>\n<meta name=\"description\" content=\"Liraluck Casino App \u2013 profitez des machines \u00e0 sous, de la roulette et du blackjack sur tous vos appareils sans t\u00e9l\u00e9chargement. Installez notre PWA sur iOS ou Android en quelques secondes et jouez jusqu&#039;\u00e0 1 500 \u20ac + 250 tours gratuits chez Lira Luck.\" \/>\n<meta name=\"robots\" content=\"index, follow, max-snippet:-1, max-image-preview:large, max-video-preview:-1\" \/>\n<link rel=\"canonical\" href=\"https:\/\/liraluck-casino.com\/fr\/app\/\" \/>\n<meta property=\"og:locale\" content=\"fr_FR\" \/>\n<meta property=\"og:type\" content=\"article\" \/>\n<meta property=\"og:title\" content=\"Liraluck Casino App for iOS &amp; Android\" \/>\n<meta property=\"og:description\" content=\"Liraluck Casino App \u2013 profitez des machines \u00e0 sous, de la roulette et du blackjack sur tous vos appareils sans t\u00e9l\u00e9chargement. Installez notre PWA sur iOS ou Android en quelques secondes et jouez jusqu&#039;\u00e0 1 500 \u20ac + 250 tours gratuits chez Lira Luck.\" \/>\n<meta property=\"og:url\" content=\"https:\/\/liraluck-casino.com\/fr\/app\/\" \/>\n<meta property=\"og:site_name\" content=\"liraluck\" \/>\n<meta property=\"article:modified_time\" content=\"2026-05-05T11:22:27+00:00\" \/>\n<meta name=\"twitter:card\" content=\"summary_large_image\" \/>\n<meta name=\"twitter:label1\" content=\"Dur\u00e9e de lecture estim\u00e9e\" \/>\n\t<meta name=\"twitter:data1\" content=\"2 minutes\" \/>\n<script type=\"application\/ld+json\" class=\"yoast-schema-graph\">{\"@context\":\"https:\/\/schema.org\",\"@graph\":[{\"@type\":\"WebPage\",\"@id\":\"https:\/\/liraluck-casino.com\/fr\/app\/\",\"url\":\"https:\/\/liraluck-casino.com\/fr\/app\/\",\"name\":\"Liraluck Casino App for iOS & Android\",\"isPartOf\":{\"@id\":\"https:\/\/liraluck-casino.com\/fr\/#website\"},\"datePublished\":\"2026-01-20T12:08:23+00:00\",\"dateModified\":\"2026-05-05T11:22:27+00:00\",\"description\":\"Liraluck Casino App \u2013 profitez des machines \u00e0 sous, de la roulette et du blackjack sur tous vos appareils sans t\u00e9l\u00e9chargement. Installez notre PWA sur iOS ou Android en quelques secondes et jouez jusqu'\u00e0 1 500 \u20ac + 250 tours gratuits chez Lira Luck.\",\"breadcrumb\":{\"@id\":\"https:\/\/liraluck-casino.com\/fr\/app\/#breadcrumb\"},\"inLanguage\":\"fr-FR\",\"potentialAction\":[{\"@type\":\"ReadAction\",\"target\":[\"https:\/\/liraluck-casino.com\/fr\/app\/\"]}]},{\"@type\":\"BreadcrumbList\",\"@id\":\"https:\/\/liraluck-casino.com\/fr\/app\/#breadcrumb\",\"itemListElement\":[{\"@type\":\"ListItem\",\"position\":1,\"name\":\"Liraluck\",\"item\":\"https:\/\/liraluck-casino.com\/fr\/\"},{\"@type\":\"ListItem\",\"position\":2,\"name\":\"App\"}]},{\"@type\":\"WebSite\",\"@id\":\"https:\/\/liraluck-casino.com\/fr\/#website\",\"url\":\"https:\/\/liraluck-casino.com\/fr\/\",\"name\":\"Liraluck\",\"description\":\"\",\"publisher\":{\"@id\":\"https:\/\/liraluck-casino.com\/fr\/#organization\"},\"potentialAction\":[{\"@type\":\"SearchAction\",\"target\":{\"@type\":\"EntryPoint\",\"urlTemplate\":\"https:\/\/liraluck-casino.com\/fr\/?s={search_term_string}\"},\"query-input\":{\"@type\":\"PropertyValueSpecification\",\"valueRequired\":true,\"valueName\":\"search_term_string\"}}],\"inLanguage\":\"fr-FR\"},{\"@type\":\"Organization\",\"@id\":\"https:\/\/liraluck-casino.com\/fr\/#organization\",\"name\":\"Liraluck\",\"url\":\"https:\/\/liraluck-casino.com\/fr\/\",\"logo\":{\"@type\":\"ImageObject\",\"inLanguage\":\"fr-FR\",\"@id\":\"https:\/\/liraluck-casino.com\/fr\/#\/schema\/logo\/image\/\",\"url\":\"https:\/\/liraluck-casino.com\/wp-content\/uploads\/2026\/05\/logo-liraluck.png\",\"contentUrl\":\"https:\/\/liraluck-casino.com\/wp-content\/uploads\/2026\/05\/logo-liraluck.png\",\"width\":150,\"height\":47,\"caption\":\"Liraluck\"},\"image\":{\"@id\":\"https:\/\/liraluck-casino.com\/fr\/#\/schema\/logo\/image\/\"}}]}<\/script>\n<!-- \/ Yoast SEO plugin. -->","yoast_head_json":{"title":"Liraluck Casino App for iOS & Android","description":"Liraluck Casino App \u2013 profitez des machines \u00e0 sous, de la roulette et du blackjack sur tous vos appareils sans t\u00e9l\u00e9chargement. Installez notre PWA sur iOS ou Android en quelques secondes et jouez jusqu'\u00e0 1 500 \u20ac + 250 tours gratuits chez Lira Luck.","robots":{"index":"index","follow":"follow","max-snippet":"max-snippet:-1","max-image-preview":"max-image-preview:large","max-video-preview":"max-video-preview:-1"},"canonical":"https:\/\/liraluck-casino.com\/fr\/app\/","og_locale":"fr_FR","og_type":"article","og_title":"Liraluck Casino App for iOS & Android","og_description":"Liraluck Casino App \u2013 profitez des machines \u00e0 sous, de la roulette et du blackjack sur tous vos appareils sans t\u00e9l\u00e9chargement. Installez notre PWA sur iOS ou Android en quelques secondes et jouez jusqu'\u00e0 1 500 \u20ac + 250 tours gratuits chez Lira Luck.","og_url":"https:\/\/liraluck-casino.com\/fr\/app\/","og_site_name":"liraluck","article_modified_time":"2026-05-05T11:22:27+00:00","twitter_card":"summary_large_image","twitter_misc":{"Dur\u00e9e de lecture estim\u00e9e":"2 minutes"},"schema":{"@context":"https:\/\/schema.org","@graph":[{"@type":"WebPage","@id":"https:\/\/liraluck-casino.com\/fr\/app\/","url":"https:\/\/liraluck-casino.com\/fr\/app\/","name":"Liraluck Casino App for iOS & Android","isPartOf":{"@id":"https:\/\/liraluck-casino.com\/fr\/#website"},"datePublished":"2026-01-20T12:08:23+00:00","dateModified":"2026-05-05T11:22:27+00:00","description":"Liraluck Casino App \u2013 profitez des machines \u00e0 sous, de la roulette et du blackjack sur tous vos appareils sans t\u00e9l\u00e9chargement. Installez notre PWA sur iOS ou Android en quelques secondes et jouez jusqu'\u00e0 1 500 \u20ac + 250 tours gratuits chez Lira Luck.","breadcrumb":{"@id":"https:\/\/liraluck-casino.com\/fr\/app\/#breadcrumb"},"inLanguage":"fr-FR","potentialAction":[{"@type":"ReadAction","target":["https:\/\/liraluck-casino.com\/fr\/app\/"]}]},{"@type":"BreadcrumbList","@id":"https:\/\/liraluck-casino.com\/fr\/app\/#breadcrumb","itemListElement":[{"@type":"ListItem","position":1,"name":"Liraluck","item":"https:\/\/liraluck-casino.com\/fr\/"},{"@type":"ListItem","position":2,"name":"App"}]},{"@type":"WebSite","@id":"https:\/\/liraluck-casino.com\/fr\/#website","url":"https:\/\/liraluck-casino.com\/fr\/","name":"Liraluck","description":"","publisher":{"@id":"https:\/\/liraluck-casino.com\/fr\/#organization"},"potentialAction":[{"@type":"SearchAction","target":{"@type":"EntryPoint","urlTemplate":"https:\/\/liraluck-casino.com\/fr\/?s={search_term_string}"},"query-input":{"@type":"PropertyValueSpecification","valueRequired":true,"valueName":"search_term_string"}}],"inLanguage":"fr-FR"},{"@type":"Organization","@id":"https:\/\/liraluck-casino.com\/fr\/#organization","name":"Liraluck","url":"https:\/\/liraluck-casino.com\/fr\/","logo":{"@type":"ImageObject","inLanguage":"fr-FR","@id":"https:\/\/liraluck-casino.com\/fr\/#\/schema\/logo\/image\/","url":"https:\/\/liraluck-casino.com\/wp-content\/uploads\/2026\/05\/logo-liraluck.png","contentUrl":"https:\/\/liraluck-casino.com\/wp-content\/uploads\/2026\/05\/logo-liraluck.png","width":150,"height":47,"caption":"Liraluck"},"image":{"@id":"https:\/\/liraluck-casino.com\/fr\/#\/schema\/logo\/image\/"}}]}},"_links":{"self":[{"href":"https:\/\/liraluck-casino.com\/fr\/wp-json\/wp\/v2\/pages\/1440"}],"collection":[{"href":"https:\/\/liraluck-casino.com\/fr\/wp-json\/wp\/v2\/pages"}],"about":[{"href":"https:\/\/liraluck-casino.com\/fr\/wp-json\/wp\/v2\/types\/page"}],"author":[{"embeddable":true,"href":"https:\/\/liraluck-casino.com\/fr\/wp-json\/wp\/v2\/users\/1"}],"replies":[{"embeddable":true,"href":"https:\/\/liraluck-casino.com\/fr\/wp-json\/wp\/v2\/comments?post=1440"}],"version-history":[{"count":4,"href":"https:\/\/liraluck-casino.com\/fr\/wp-json\/wp\/v2\/pages\/1440\/revisions"}],"predecessor-version":[{"id":2061,"href":"https:\/\/liraluck-casino.com\/fr\/wp-json\/wp\/v2\/pages\/1440\/revisions\/2061"}],"wp:attachment":[{"href":"https:\/\/liraluck-casino.com\/fr\/wp-json\/wp\/v2\/media?parent=1440"}],"curies":[{"name":"wp","href":"https:\/\/api.w.org\/{rel}","templated":true}]}}