{"id":1487,"date":"2026-01-20T12:11:11","date_gmt":"2026-01-20T12:11:11","guid":{"rendered":"https:\/\/bonuskongcasino.com\/login-and-registration\/"},"modified":"2026-05-05T13:44:59","modified_gmt":"2026-05-05T12:44:59","slug":"inicio-de-sesion-y-registro","status":"publish","type":"page","link":"https:\/\/liraluck-casino.com\/es\/inicio-de-sesion-y-registro\/","title":{"rendered":"Inicio de sesi\u00f3n y Registro"},"content":{"rendered":"<h1>Inicio de sesi\u00f3n y registro en Liraluck<\/h1>\n<p>Gracias al proceso de Liraluck login, puedes pasar de ser un simple visitante a un usuario de pleno derecho. Nuestros jugadores espa\u00f1oles registrados tienen acceso a diversas ventajas, como bonos y torneos. Adem\u00e1s, tienen la oportunidad de jugar y ganar. Y todo esto con una sola acci\u00f3n: rellenar el formulario.<\/p>\n<p><div class=\"banner-wrap\" aria-label=\"Banner\"><img src=\"https:\/\/liraluck-casino.com\/wp-content\/uploads\/2026\/05\/Liraluck-banner-desktop.webp\" class=\"w-100 d-none d-lg-block img-pc main-banner-img\" alt=\"Liraluck banner desktop\" fetchpriority=\"high\" decoding=\"async\"><img src=\"https:\/\/liraluck-casino.com\/wp-content\/uploads\/2026\/05\/liraluck-banner-mobile.webp\" class=\"w-100 d-none d-md-block d-lg-none main-banner-img\" alt=\"liraluck banner mobile\" fetchpriority=\"high\" decoding=\"async\"><img src=\"https:\/\/liraluck-casino.com\/wp-content\/uploads\/2026\/05\/liraluck-banner-mobile.webp\" class=\"w-100 d-md-none\" alt=\"liraluck banner mobile\" fetchpriority=\"high\" decoding=\"async\"><div class=\"banner-description\">\n<div class=\"banner-title\">Bonos de bienvenida<\/div>\n<p class=\"banner-header-title\">1500 \u20ac<\/p>\n<div class=\"banner-header-AdditionalText\">+ 250 Tiradas gratis<\/div>\n<button data-item=\"homepage_banner_link\" class=\"goto m-button m-gradient-border m-button--primary m-button--large banner-button btn-orange\">\n            <div class=\"m-button-content\">\n                <span>Reg\u00edstrate ahora<\/span>\n                <span><\/span>\n            <\/div>\n        <\/button>\n<\/div>\n<div class=\"WelcomePack\">\n<p><img loading=\"lazy\" decoding=\"async\" class=\"alignnone size-full wp-image-1850\" src=\"https:\/\/liraluck-casino.com\/wp-content\/uploads\/2026\/05\/welcome-crown.png\" alt=\"crown\" width=\"25\" height=\"26\" \/><\/p>\n<div class=\"WelcomePack-Info\">Reembolso semanal de hasta el 25 %<\/div>\n<p><img loading=\"lazy\" decoding=\"async\" class=\"alignnone size-full wp-image-1850\" src=\"https:\/\/liraluck-casino.com\/wp-content\/uploads\/2026\/05\/welcome-crown.png\" alt=\"crown\" width=\"25\" height=\"26\" \/><\/p>\n<\/div>\n<\/div><div class=\"scrollable-content-wrap my-5\"><div class=\"scrollable-content-inner\"><h2>Procedimiento de registro en Liraluck<\/h2>\n<p>Puedes unirte a la comunidad de Liraluck Casino con solo un clic en el bot\u00f3n \u00abReg\u00edstrate\u00bb, que encontrar\u00e1s en nuestra p\u00e1gina de inicio. Otra forma de registrarte es crear una cuenta a trav\u00e9s de nuestra aplicaci\u00f3n, que puedes instalar en tu PC o tel\u00e9fono m\u00f3vil.<\/p>\n<p>En todos los casos, debes introducir:<\/p>\n<ul>\n<li>contrase\u00f1a<\/li>\n<li>direcci\u00f3n de correo electr\u00f3nico<\/li>\n<li>tu nombre y apellidos<\/li>\n<li>tu edad<\/li>\n<\/ul>\n<p>Esta informaci\u00f3n es suficiente para convertirte en miembro de pleno derecho de Lira Luck Casino. Una vez te hayas registrado, ver\u00e1s un nuevo men\u00fa disponible: tu perfil. All\u00ed podr\u00e1s gestionar tus datos personales, realizar dep\u00f3sitos y configurar notificaciones.<\/p>\n<p><img loading=\"lazy\" decoding=\"async\" class=\"alignnone size-full wp-image-1976\" src=\"https:\/\/liraluck-casino.com\/wp-content\/uploads\/Liraluck-Login.webp\" alt=\"Liraluck Login\" width=\"1248\" height=\"536\" srcset=\"https:\/\/liraluck-casino.com\/wp-content\/uploads\/Liraluck-Login.webp 1248w, https:\/\/liraluck-casino.com\/wp-content\/uploads\/Liraluck-Login-300x129.webp 300w, https:\/\/liraluck-casino.com\/wp-content\/uploads\/Liraluck-Login-1024x440.webp 1024w, https:\/\/liraluck-casino.com\/wp-content\/uploads\/Liraluck-Login-768x330.webp 768w\" sizes=\"(max-width: 1248px) 100vw, 1248px\" \/><\/p>\n<h2>Proceso de inicio de sesi\u00f3n en Liraluck<\/h2>\n<p>El procedimiento de inicio de sesi\u00f3n en Liraluck no requiere m\u00e1s pasos por tu parte que el registro: de hecho, tendr\u00e1s que introducir a\u00fan menos informaci\u00f3n. Para acceder al sistema, visita la plataforma de Liraluck o utiliza nuestra aplicaci\u00f3n. Haz clic en el bot\u00f3n \u00abIniciar sesi\u00f3n\u00bb y, en una ventana emergente, introduce tus credenciales: ese es todo el proceso.<\/p>\n<p>Si ya has guardado tu contrase\u00f1a, iniciar sesi\u00f3n puede ser a\u00fan m\u00e1s r\u00e1pido: solo tienes que abrir nuestra p\u00e1gina web o iniciar la plataforma desde el acceso directo de tu escritorio.<\/p>\n<h2>Protege tu cuenta<\/h2>\n<p>Las plataformas de juego suelen ser blanco de los hackers. Por eso hemos puesto en marcha un mont\u00f3n de medidas para proteger las cuentas de Lira Luck Casino frente a los ciberataques. Usamos:<\/p>\n<ul>\n<li>Autenticaci\u00f3n de dos factores: tu cuenta estar\u00e1 segura incluso si alguien consigue tu contrase\u00f1a. Al fin y al cabo, seguimos pidiendo un c\u00f3digo de verificaci\u00f3n.<\/li>\n<li>CAPTCHA: lo usamos para bloquear ataques automatizados. Si nuestro sistema detecta actividad inusual, es posible que te pida que realices una prueba. De esa forma, puede identificar si eres un bot o una persona.<\/li>\n<li>Cifrado TLS: este protocolo protege todos tus datos personales (como la informaci\u00f3n de tu tarjeta de cr\u00e9dito), para que nadie pueda rob\u00e1rtelos.<\/li>\n<li>Cortafuegos: gracias a esta medida, podemos detectar intentos sospechosos de inicio de sesi\u00f3n en Liraluck. Adem\u00e1s, restringimos el acceso desde direcciones IP de pa\u00edses donde el iGaming no est\u00e1 bien visto.<\/li>\n<\/ul>\n<p>De esta forma, nuestra plataforma ofrece un alto nivel de seguridad. As\u00ed, nuestros jugadores pueden centrarse en cosas m\u00e1s importantes y no preocuparse por su seguridad.<\/p>\n<h2>Cuentas bloqueadas o suspendidas<\/h2>\n<p>Muchas de las medidas de seguridad que utilizamos en la plataforma de Liraluck Casino tienen como objetivo detectar infracciones y actividades inusuales. Y si este comportamiento proviene de uno de nuestros usuarios registrados, suspendemos sus cuentas.<\/p>\n<p>Aqu\u00ed tienes algunas razones por las que tu cuenta podr\u00eda estar bloqueada.<\/p>\n<table>\n<tbody>\n<tr>\n<td>Motivo<\/td>\n<td>Detalles<\/td>\n<td>Por qu\u00e9 lo hacemos<\/td>\n<\/tr>\n<tr>\n<td>Posible intento de pirater\u00eda<\/td>\n<td>Inicio de sesi\u00f3n sospechoso en Liraluck (por ejemplo, desde una direcci\u00f3n IP diferente)<\/td>\n<td>Para proteger tu perfil<\/td>\n<\/tr>\n<tr>\n<td>Incumplimiento de las normas<\/td>\n<td>Cuentas m\u00faltiples<\/td>\n<td>Para evitar el abuso de bonificaciones<\/td>\n<\/tr>\n<tr>\n<td>Problemas de pago<\/td>\n<td>Uso de la tarjeta de otra persona<\/td>\n<td>Para prevenir el fraude y el riesgo financiero<\/td>\n<\/tr>\n<tr>\n<td>Restricciones de ubicaci\u00f3n<\/td>\n<td>Iniciar sesi\u00f3n desde un pa\u00eds prohibido o a trav\u00e9s de una VPN<\/td>\n<td>Para cumplir con las leyes y las normas de licencia<\/td>\n<\/tr>\n<tr>\n<td>Actividad de bots<\/td>\n<td>Acciones muy r\u00e1pidas<\/td>\n<td>Para mantener la imparcialidad del juego<\/td>\n<\/tr>\n<tr>\n<td>Problemas con el KYC (verificaci\u00f3n)<\/td>\n<td>Informaci\u00f3n falsa o incorrecta<\/td>\n<td>Para cumplir con los requisitos legales<\/td>\n<\/tr>\n<\/tbody>\n<\/table>\n<p>Esperamos que no hagas nada de lo que aparece en la tabla. Al fin y al cabo, est\u00e1s aqu\u00ed para vivir experiencias positivas, y la plataforma de Lira Luck Casino ofrece una amplia gama de funciones que pueden proporcionarte precisamente eso.<\/p>\n<h2>Preguntas frecuentes<\/h2>\n<h3>\u00bfTengo que registrarme para jugar?<\/h3>\n<p>No es necesario. Pero solo podr\u00e1s jugar a las versiones demo de nuestros juegos, y ni siquiera a todas. Adem\u00e1s, si no eres miembro de Liraluck Casino, no tendr\u00e1s acceso a nuestros bonos ni a nuestros torneos.<\/p>\n<h3>\u00bfPor qu\u00e9 tengo que pasar por el proceso de verificaci\u00f3n de Lira Luck?<\/h3>\n<p>Necesitamos confirmar que tienes 18 a\u00f1os o m\u00e1s. Como los juegos con dinero real solo est\u00e1n disponibles para usuarios mayores de edad, te pedimos que nos env\u00edes los documentos pertinentes. Por ejemplo, puedes enviarnos una copia de tu pasaporte o incluso una factura de servicios p\u00fablicos.<\/p>\n<h3>\u00bfQu\u00e9 puedo hacer si he olvidado mi contrase\u00f1a o mi direcci\u00f3n de correo electr\u00f3nico?<\/h3>\n<p>En el primer caso, solo tienes que hacer clic en el bot\u00f3n \u00ab\u00bfHas olvidado tu contrase\u00f1a?\u00bb y crear una nueva. Encontrar\u00e1s esta opci\u00f3n en el formulario de inicio de sesi\u00f3n de Liraluck. Y si no recuerdas la direcci\u00f3n de correo electr\u00f3nico vinculada a tu cuenta, ponte en contacto con nuestro equipo de atenci\u00f3n al cliente multiling\u00fce.<\/p>\n<h3>\u00bfQu\u00e9 debo hacer si mi cuenta de Lira Luck ha sido bloqueada?<\/h3>\n<p>Puedes ponerte en contacto con nuestro equipo de atenci\u00f3n al cliente para averiguar el posible motivo. Para ello, haz clic en el icono de los auriculares y abre nuestro chat en vivo. A continuaci\u00f3n, te daremos una respuesta detallada en la que te explicaremos qu\u00e9 puedes hacer en tu situaci\u00f3n.<\/p>\n<\/div><\/div><\/p>\n","protected":false},"excerpt":{"rendered":"<p>Inicio de sesi\u00f3n y registro en Liraluck Gracias al proceso de Liraluck login, puedes pasar de ser un simple visitante a un usuario de pleno derecho. Nuestros jugadores espa\u00f1oles registrados tienen acceso a diversas ventajas, como bonos y torneos. Adem\u00e1s, tienen la oportunidad de jugar y ganar. Y todo esto con una sola acci\u00f3n: rellenar [&hellip;]<\/p>\n","protected":false},"author":1,"featured_media":0,"parent":0,"menu_order":0,"comment_status":"closed","ping_status":"closed","template":"template-builder.php","meta":{"_acf_changed":false,"inline_featured_image":false,"footnotes":""},"class_list":["post-1487","page","type-page","status-publish","hentry"],"acf":[],"yoast_head":"<!-- This site is optimized with the Yoast SEO plugin v24.4 - https:\/\/yoast.com\/wordpress\/plugins\/seo\/ -->\n<title>Liraluck Login &amp; Registration | Acceso Seguro<\/title>\n<meta name=\"description\" content=\"Liraluck Login &amp; Registration \u2013 accede a tu cuenta o crea una nueva en minutos. Disfruta de acceso seguro a tragaperras, ruleta, juegos con crupieres en vivo y obt\u00e9n hasta \u20ac1.500 + 250 giros gratis en Lira Luck.\" \/>\n<meta name=\"robots\" content=\"index, follow, max-snippet:-1, max-image-preview:large, max-video-preview:-1\" \/>\n<link rel=\"canonical\" href=\"https:\/\/liraluck-casino.com\/es\/inicio-de-sesion-y-registro\/\" \/>\n<meta property=\"og:locale\" content=\"es_ES\" \/>\n<meta property=\"og:type\" content=\"article\" \/>\n<meta property=\"og:title\" content=\"Liraluck Login &amp; Registration | Acceso Seguro\" \/>\n<meta property=\"og:description\" content=\"Liraluck Login &amp; Registration \u2013 accede a tu cuenta o crea una nueva en minutos. Disfruta de acceso seguro a tragaperras, ruleta, juegos con crupieres en vivo y obt\u00e9n hasta \u20ac1.500 + 250 giros gratis en Lira Luck.\" \/>\n<meta property=\"og:url\" content=\"https:\/\/liraluck-casino.com\/es\/inicio-de-sesion-y-registro\/\" \/>\n<meta property=\"og:site_name\" content=\"liraluck\" \/>\n<meta property=\"article:modified_time\" content=\"2026-05-05T12:44:59+00:00\" \/>\n<meta name=\"twitter:card\" content=\"summary_large_image\" \/>\n<meta name=\"twitter:label1\" content=\"Est. reading time\" \/>\n\t<meta name=\"twitter:data1\" content=\"1 minute\" \/>\n<script type=\"application\/ld+json\" class=\"yoast-schema-graph\">{\"@context\":\"https:\/\/schema.org\",\"@graph\":[{\"@type\":\"WebPage\",\"@id\":\"https:\/\/liraluck-casino.com\/es\/inicio-de-sesion-y-registro\/\",\"url\":\"https:\/\/liraluck-casino.com\/es\/inicio-de-sesion-y-registro\/\",\"name\":\"Liraluck Login & Registration | Acceso Seguro\",\"isPartOf\":{\"@id\":\"https:\/\/liraluck-casino.com\/es\/#website\"},\"datePublished\":\"2026-01-20T12:11:11+00:00\",\"dateModified\":\"2026-05-05T12:44:59+00:00\",\"description\":\"Liraluck Login & Registration \u2013 accede a tu cuenta o crea una nueva en minutos. Disfruta de acceso seguro a tragaperras, ruleta, juegos con crupieres en vivo y obt\u00e9n hasta \u20ac1.500 + 250 giros gratis en Lira Luck.\",\"breadcrumb\":{\"@id\":\"https:\/\/liraluck-casino.com\/es\/inicio-de-sesion-y-registro\/#breadcrumb\"},\"inLanguage\":\"es-ES\",\"potentialAction\":[{\"@type\":\"ReadAction\",\"target\":[\"https:\/\/liraluck-casino.com\/es\/inicio-de-sesion-y-registro\/\"]}]},{\"@type\":\"BreadcrumbList\",\"@id\":\"https:\/\/liraluck-casino.com\/es\/inicio-de-sesion-y-registro\/#breadcrumb\",\"itemListElement\":[{\"@type\":\"ListItem\",\"position\":1,\"name\":\"Liraluck\",\"item\":\"https:\/\/liraluck-casino.com\/es\/\"},{\"@type\":\"ListItem\",\"position\":2,\"name\":\"Inicio de sesi\u00f3n y Registro\"}]},{\"@type\":\"WebSite\",\"@id\":\"https:\/\/liraluck-casino.com\/es\/#website\",\"url\":\"https:\/\/liraluck-casino.com\/es\/\",\"name\":\"Liraluck\",\"description\":\"\",\"publisher\":{\"@id\":\"https:\/\/liraluck-casino.com\/es\/#organization\"},\"potentialAction\":[{\"@type\":\"SearchAction\",\"target\":{\"@type\":\"EntryPoint\",\"urlTemplate\":\"https:\/\/liraluck-casino.com\/es\/?s={search_term_string}\"},\"query-input\":{\"@type\":\"PropertyValueSpecification\",\"valueRequired\":true,\"valueName\":\"search_term_string\"}}],\"inLanguage\":\"es-ES\"},{\"@type\":\"Organization\",\"@id\":\"https:\/\/liraluck-casino.com\/es\/#organization\",\"name\":\"Liraluck\",\"url\":\"https:\/\/liraluck-casino.com\/es\/\",\"logo\":{\"@type\":\"ImageObject\",\"inLanguage\":\"es-ES\",\"@id\":\"https:\/\/liraluck-casino.com\/es\/#\/schema\/logo\/image\/\",\"url\":\"https:\/\/liraluck-casino.com\/wp-content\/uploads\/2026\/05\/logo-liraluck.png\",\"contentUrl\":\"https:\/\/liraluck-casino.com\/wp-content\/uploads\/2026\/05\/logo-liraluck.png\",\"width\":150,\"height\":47,\"caption\":\"Liraluck\"},\"image\":{\"@id\":\"https:\/\/liraluck-casino.com\/es\/#\/schema\/logo\/image\/\"}}]}<\/script>\n<!-- \/ Yoast SEO plugin. -->","yoast_head_json":{"title":"Liraluck Login & Registration | Acceso Seguro","description":"Liraluck Login & Registration \u2013 accede a tu cuenta o crea una nueva en minutos. Disfruta de acceso seguro a tragaperras, ruleta, juegos con crupieres en vivo y obt\u00e9n hasta \u20ac1.500 + 250 giros gratis en Lira Luck.","robots":{"index":"index","follow":"follow","max-snippet":"max-snippet:-1","max-image-preview":"max-image-preview:large","max-video-preview":"max-video-preview:-1"},"canonical":"https:\/\/liraluck-casino.com\/es\/inicio-de-sesion-y-registro\/","og_locale":"es_ES","og_type":"article","og_title":"Liraluck Login & Registration | Acceso Seguro","og_description":"Liraluck Login & Registration \u2013 accede a tu cuenta o crea una nueva en minutos. Disfruta de acceso seguro a tragaperras, ruleta, juegos con crupieres en vivo y obt\u00e9n hasta \u20ac1.500 + 250 giros gratis en Lira Luck.","og_url":"https:\/\/liraluck-casino.com\/es\/inicio-de-sesion-y-registro\/","og_site_name":"liraluck","article_modified_time":"2026-05-05T12:44:59+00:00","twitter_card":"summary_large_image","twitter_misc":{"Est. reading time":"1 minute"},"schema":{"@context":"https:\/\/schema.org","@graph":[{"@type":"WebPage","@id":"https:\/\/liraluck-casino.com\/es\/inicio-de-sesion-y-registro\/","url":"https:\/\/liraluck-casino.com\/es\/inicio-de-sesion-y-registro\/","name":"Liraluck Login & Registration | Acceso Seguro","isPartOf":{"@id":"https:\/\/liraluck-casino.com\/es\/#website"},"datePublished":"2026-01-20T12:11:11+00:00","dateModified":"2026-05-05T12:44:59+00:00","description":"Liraluck Login & Registration \u2013 accede a tu cuenta o crea una nueva en minutos. Disfruta de acceso seguro a tragaperras, ruleta, juegos con crupieres en vivo y obt\u00e9n hasta \u20ac1.500 + 250 giros gratis en Lira Luck.","breadcrumb":{"@id":"https:\/\/liraluck-casino.com\/es\/inicio-de-sesion-y-registro\/#breadcrumb"},"inLanguage":"es-ES","potentialAction":[{"@type":"ReadAction","target":["https:\/\/liraluck-casino.com\/es\/inicio-de-sesion-y-registro\/"]}]},{"@type":"BreadcrumbList","@id":"https:\/\/liraluck-casino.com\/es\/inicio-de-sesion-y-registro\/#breadcrumb","itemListElement":[{"@type":"ListItem","position":1,"name":"Liraluck","item":"https:\/\/liraluck-casino.com\/es\/"},{"@type":"ListItem","position":2,"name":"Inicio de sesi\u00f3n y Registro"}]},{"@type":"WebSite","@id":"https:\/\/liraluck-casino.com\/es\/#website","url":"https:\/\/liraluck-casino.com\/es\/","name":"Liraluck","description":"","publisher":{"@id":"https:\/\/liraluck-casino.com\/es\/#organization"},"potentialAction":[{"@type":"SearchAction","target":{"@type":"EntryPoint","urlTemplate":"https:\/\/liraluck-casino.com\/es\/?s={search_term_string}"},"query-input":{"@type":"PropertyValueSpecification","valueRequired":true,"valueName":"search_term_string"}}],"inLanguage":"es-ES"},{"@type":"Organization","@id":"https:\/\/liraluck-casino.com\/es\/#organization","name":"Liraluck","url":"https:\/\/liraluck-casino.com\/es\/","logo":{"@type":"ImageObject","inLanguage":"es-ES","@id":"https:\/\/liraluck-casino.com\/es\/#\/schema\/logo\/image\/","url":"https:\/\/liraluck-casino.com\/wp-content\/uploads\/2026\/05\/logo-liraluck.png","contentUrl":"https:\/\/liraluck-casino.com\/wp-content\/uploads\/2026\/05\/logo-liraluck.png","width":150,"height":47,"caption":"Liraluck"},"image":{"@id":"https:\/\/liraluck-casino.com\/es\/#\/schema\/logo\/image\/"}}]}},"_links":{"self":[{"href":"https:\/\/liraluck-casino.com\/es\/wp-json\/wp\/v2\/pages\/1487"}],"collection":[{"href":"https:\/\/liraluck-casino.com\/es\/wp-json\/wp\/v2\/pages"}],"about":[{"href":"https:\/\/liraluck-casino.com\/es\/wp-json\/wp\/v2\/types\/page"}],"author":[{"embeddable":true,"href":"https:\/\/liraluck-casino.com\/es\/wp-json\/wp\/v2\/users\/1"}],"replies":[{"embeddable":true,"href":"https:\/\/liraluck-casino.com\/es\/wp-json\/wp\/v2\/comments?post=1487"}],"version-history":[{"count":2,"href":"https:\/\/liraluck-casino.com\/es\/wp-json\/wp\/v2\/pages\/1487\/revisions"}],"predecessor-version":[{"id":2116,"href":"https:\/\/liraluck-casino.com\/es\/wp-json\/wp\/v2\/pages\/1487\/revisions\/2116"}],"wp:attachment":[{"href":"https:\/\/liraluck-casino.com\/es\/wp-json\/wp\/v2\/media?parent=1487"}],"curies":[{"name":"wp","href":"https:\/\/api.w.org\/{rel}","templated":true}]}}