{"id":1449,"date":"2026-01-20T12:08:23","date_gmt":"2026-01-20T12:08:23","guid":{"rendered":"https:\/\/bonuskongcasino.com\/app-2\/"},"modified":"2026-05-05T13:43:51","modified_gmt":"2026-05-05T12:43:51","slug":"aplicacion","status":"publish","type":"page","link":"https:\/\/liraluck-casino.com\/es\/aplicacion\/","title":{"rendered":"Aplicaci\u00f3n"},"content":{"rendered":"<h1>Aplicaci\u00f3n Liraluck<\/h1>\n<p>Si sientes que la p\u00e1gina web te limita de alguna manera, Liraluck app te ayudar\u00e1 a superar esas barreras. Gracias a ella, nuestros jugadores espa\u00f1oles ya no tendr\u00e1n que lidiar con tiempos de carga lentos causados por su conexi\u00f3n a Internet. Al fin y al cabo, nuestra app funciona m\u00e1s r\u00e1pido gracias al almacenamiento en cach\u00e9 y garantiza que tus juegos favoritos se inicien r\u00e1pidamente en cualquier circunstancia.<\/p>\n<div class=\"banner-wrap\" aria-label=\"Banner\"><img src=\"https:\/\/liraluck-casino.com\/wp-content\/uploads\/2026\/05\/Liraluck-banner-desktop.webp\" class=\"w-100 d-none d-lg-block img-pc main-banner-img\" alt=\"Liraluck banner desktop\" fetchpriority=\"high\" decoding=\"async\"><img src=\"https:\/\/liraluck-casino.com\/wp-content\/uploads\/2026\/05\/liraluck-banner-mobile.webp\" class=\"w-100 d-none d-md-block d-lg-none main-banner-img\" alt=\"liraluck banner mobile\" fetchpriority=\"high\" decoding=\"async\"><img src=\"https:\/\/liraluck-casino.com\/wp-content\/uploads\/2026\/05\/liraluck-banner-mobile.webp\" class=\"w-100 d-md-none\" alt=\"liraluck banner mobile\" fetchpriority=\"high\" decoding=\"async\"><div class=\"banner-description\">\n<div class=\"banner-title\">Bonos de bienvenida<\/div>\n<p class=\"banner-header-title\">1500 \u20ac<\/p>\n<div class=\"banner-header-AdditionalText\">+ 250 Tiradas gratis<\/div>\n<button data-item=\"homepage_banner_link\" class=\"goto m-button m-gradient-border m-button--primary m-button--large banner-button btn-orange\">\n            <div class=\"m-button-content\">\n                <span>Reg\u00edstrate ahora<\/span>\n                <span><\/span>\n            <\/div>\n        <\/button>\n<\/div>\n<div class=\"WelcomePack\">\n<p><img loading=\"lazy\" decoding=\"async\" class=\"alignnone size-full wp-image-1850\" src=\"https:\/\/liraluck-casino.com\/wp-content\/uploads\/2026\/05\/welcome-crown.png\" alt=\"crown\" width=\"25\" height=\"26\" \/><\/p>\n<div class=\"WelcomePack-Info\">Reembolso semanal de hasta el 25 %<\/div>\n<p><img loading=\"lazy\" decoding=\"async\" class=\"alignnone size-full wp-image-1850\" src=\"https:\/\/liraluck-casino.com\/wp-content\/uploads\/2026\/05\/welcome-crown.png\" alt=\"crown\" width=\"25\" height=\"26\" \/><\/p>\n<\/div>\n<\/div>\n<h2>Caracter\u00edsticas de la app de Liraluck<\/h2>\n<p>Tienes varias razones de peso para instalar la aplicaci\u00f3n de Liraluck Casino.<\/p>\n<ul>\n<li>Usabilidad: esta es la mayor ventaja de nuestra soluci\u00f3n. Reproduce a la perfecci\u00f3n la interfaz del sitio web, por lo que te resultar\u00e1 f\u00e1cil navegar por el dise\u00f1o familiar de secciones y botones.<\/li>\n<li>F\u00e1cil instalaci\u00f3n: lo que hace que nuestra app sea mejor que el software m\u00f3vil habitual es que no hace falta descargar archivos APK. Puedes instalarla desde nuestra p\u00e1gina web. Solo hace falta un toque o un clic.<\/li>\n<li>Popularidad entre los usuarios: el \u00e9xito no se mide con palabras, sino con n\u00fameros. M\u00e1s de un mill\u00f3n de usuarios ya han instalado nuestra app. Y tiene una valoraci\u00f3n de 4,9.<\/li>\n<li>Independencia de plataforma: la app de Lira Luck es una soluci\u00f3n universal, as\u00ed que es compatible con varios sistemas operativos y navegadores. Tambi\u00e9n puedes abrirla en tu m\u00f3vil o en tu PC; da igual, porque la aplicaci\u00f3n funciona de forma estable en cualquier sitio.<\/li>\n<\/ul>\n<p>Adem\u00e1s, nuestra app es un reflejo del sitio web, no solo en su interfaz, sino tambi\u00e9n en su funcionalidad. As\u00ed que todo, ya sea el registro o el proceso de verificaci\u00f3n, es exactamente igual.<\/p>\n<p><div class=\"scrollable-content-wrap my-5\"><div class=\"scrollable-content-inner\"><h2>Aplicaci\u00f3n Liraluck para Android<\/h2>\n<p>No todas las aplicaciones m\u00f3viles est\u00e1ndar son compatibles con todas las versiones de Android: muchas solo est\u00e1n disponibles en los sistemas operativos m\u00e1s recientes. Sin embargo, la aplicaci\u00f3n de Liraluck Casino es una PWA. Se adapta autom\u00e1ticamente a cualquier sistema operativo en el que se ejecute. Por lo tanto, funcionar\u00e1 incluso en dispositivos obsoletos.<\/p>\n<p>Instalar nuestra aplicaci\u00f3n es muy f\u00e1cil:<\/p>\n<ol>\n<li>Busca el icono del tel\u00e9fono con la etiqueta \u00abAplicaci\u00f3n del casino\u00bb en nuestra p\u00e1gina web y pulsa sobre \u00e9l.<\/li>\n<li>En la ventana que se abre, selecciona \u00abInstalar\u00bb para iniciar la descarga.<\/li>\n<li>Espera a que se instale la aplicaci\u00f3n (esto suele tardar entre unos segundos y un minuto).<\/li>\n<li>Abre la aplicaci\u00f3n de Lira Luck tocando el acceso directo que aparece en tu pantalla de inicio.<\/li>\n<li>Introduce tus datos de inicio de sesi\u00f3n y sigue utilizando nuestra plataforma de una forma m\u00e1s c\u00f3moda.<\/li>\n<\/ol>\n<p>Gracias a estos sencillos pasos y al r\u00e1pido proceso de instalaci\u00f3n, obtendr\u00e1s una soluci\u00f3n pr\u00e1ctica que puede mejorar enormemente tu experiencia de juego.<\/p>\n<p><img loading=\"lazy\" decoding=\"async\" class=\"alignnone size-full wp-image-1950\" src=\"https:\/\/liraluck-casino.com\/wp-content\/uploads\/Liraluck-Android-App.webp\" alt=\"Liraluck Android App\" width=\"1248\" height=\"536\" srcset=\"https:\/\/liraluck-casino.com\/wp-content\/uploads\/Liraluck-Android-App.webp 1248w, https:\/\/liraluck-casino.com\/wp-content\/uploads\/Liraluck-Android-App-300x129.webp 300w, https:\/\/liraluck-casino.com\/wp-content\/uploads\/Liraluck-Android-App-1024x440.webp 1024w, https:\/\/liraluck-casino.com\/wp-content\/uploads\/Liraluck-Android-App-768x330.webp 768w\" sizes=\"(max-width: 1248px) 100vw, 1248px\" \/><\/p>\n<\/div><\/div><div style=\"clear: both\"><\/div><div class=\"d-flex justify-content-center\"><button data-item=\"decouvrez_link\" data-group=\"website_links\" class=\"goto fw-bold rounded-pill btn btn-orange\" aria-label=\"Descarga la aplicaci\u00f3n Liraluck\" >Descarga la aplicaci\u00f3n Liraluck<\/button><\/div><div class=\"scrollable-content-wrap my-5\"><div class=\"scrollable-content-inner\"><h2>Aplicaci\u00f3n Liraluck \u2013 iOS<\/h2>\n<p>La aplicaci\u00f3n de Liraluck Casino tambi\u00e9n est\u00e1 disponible para iOS, y el proceso de instalaci\u00f3n es exactamente el mismo que para Android. Solo tienes que visitar nuestra p\u00e1gina web y descargar la aplicaci\u00f3n en tu iPhone o iPad en tan solo unos segundos. Adem\u00e1s, en la p\u00e1gina de instalaci\u00f3n de la aplicaci\u00f3n, puedes leer opiniones de usuarios reales y conocer sus experiencias personales con nuestra soluci\u00f3n.<\/p>\n<p>Si te preocupa que la aplicaci\u00f3n ocupe mucho espacio en tu dispositivo, no te preocupes. Por su naturaleza, las PWA son extremadamente ligeras y ocupan hasta 10 veces menos espacio que las aplicaciones m\u00f3viles est\u00e1ndar. Y, en algunos casos, esta diferencia puede llegar a ser de hasta 50 veces.<\/p>\n<p><img loading=\"lazy\" decoding=\"async\" class=\"alignnone size-full wp-image-1958\" src=\"https:\/\/liraluck-casino.com\/wp-content\/uploads\/Liraluck-iOS-App.webp\" alt=\"Liraluck iOS App\" width=\"1248\" height=\"536\" srcset=\"https:\/\/liraluck-casino.com\/wp-content\/uploads\/Liraluck-iOS-App.webp 1248w, https:\/\/liraluck-casino.com\/wp-content\/uploads\/Liraluck-iOS-App-300x129.webp 300w, https:\/\/liraluck-casino.com\/wp-content\/uploads\/Liraluck-iOS-App-1024x440.webp 1024w, https:\/\/liraluck-casino.com\/wp-content\/uploads\/Liraluck-iOS-App-768x330.webp 768w\" sizes=\"(max-width: 1248px) 100vw, 1248px\" \/><\/p>\n<\/div><\/div><div style=\"clear: both\"><\/div><div class=\"d-flex justify-content-center\"><button data-item=\"decouvrez_link\" data-group=\"website_links\" class=\"goto fw-bold rounded-pill btn btn-orange\" aria-label=\"Descargar Liraluck\" >Descargar Liraluck<\/button><\/div><div class=\"scrollable-content-wrap my-5\"><div class=\"scrollable-content-inner\"><h2>Lira Luck Casino \u2013 versi\u00f3n para ordenador<\/h2>\n<p>Nuestra aplicaci\u00f3n no solo mejora la experiencia del usuario en dispositivos m\u00f3viles, sino tambi\u00e9n en ordenadores de sobremesa. El proceso de instalaci\u00f3n es id\u00e9ntico.<\/p>\n<p>En comparaci\u00f3n con nuestra p\u00e1gina web, la versi\u00f3n de escritorio de Liraluck Casino ofrece una serie de ventajas.<\/p>\n<table>\n<tbody>\n<tr>\n<td>Criterio<\/td>\n<td>Sitio web<\/td>\n<td>PWA de escritorio<\/td>\n<\/tr>\n<tr>\n<td>Interfaz<\/td>\n<td>Navegador est\u00e1ndar con pesta\u00f1as<\/td>\n<td>Ventana independiente sin interfaz de usuario del navegador<\/td>\n<\/tr>\n<tr>\n<td>Velocidad de inicio<\/td>\n<td>Tienes que abrir un navegador y luego visitar la p\u00e1gina web<\/td>\n<td>M\u00e1s r\u00e1pido: Lira Luck se abre como una app con solo un clic en el acceso directo<\/td>\n<\/tr>\n<tr>\n<td>Conexi\u00f3n a Internet<\/td>\n<td>Siempre necesaria<\/td>\n<td>Puede funcionar parcialmente sin conexi\u00f3n<\/td>\n<\/tr>\n<tr>\n<td>Actualizaciones<\/td>\n<td>Se actualiza cada vez que refrescas la p\u00e1gina<\/td>\n<td>Se actualiza autom\u00e1ticamente en segundo plano<\/td>\n<\/tr>\n<\/tbody>\n<\/table>\n<p>El 70 % de nuestros usuarios ya usa la app de Liraluck Casino, y ese n\u00famero crece cada d\u00eda. Ese es el principal indicador de lo pr\u00e1ctica que es nuestra soluci\u00f3n.<\/p>\n<p><img loading=\"lazy\" decoding=\"async\" class=\"alignnone size-full wp-image-1966\" src=\"https:\/\/liraluck-casino.com\/wp-content\/uploads\/Liraluck-Desktop.webp\" alt=\"Liraluck Desktop\" width=\"1248\" height=\"536\" srcset=\"https:\/\/liraluck-casino.com\/wp-content\/uploads\/Liraluck-Desktop.webp 1248w, https:\/\/liraluck-casino.com\/wp-content\/uploads\/Liraluck-Desktop-300x129.webp 300w, https:\/\/liraluck-casino.com\/wp-content\/uploads\/Liraluck-Desktop-1024x440.webp 1024w, https:\/\/liraluck-casino.com\/wp-content\/uploads\/Liraluck-Desktop-768x330.webp 768w\" sizes=\"(max-width: 1248px) 100vw, 1248px\" \/><\/p>\n<\/div><\/div><div style=\"clear: both\"><\/div><div class=\"d-flex justify-content-center\"><button data-item=\"decouvrez_link\" data-group=\"website_links\" class=\"goto fw-bold rounded-pill btn btn-orange\" aria-label=\"Descarga la aplicaci\u00f3n Liraluck\" >Descarga la aplicaci\u00f3n Liraluck<\/button><\/div><div class=\"scrollable-content-wrap my-5\"><div class=\"scrollable-content-inner\"><h2>Navegadores compatibles<\/h2>\n<p>Aunque la app de Liraluck se abre sin necesidad de iniciar un navegador, funciona con un motor de navegador. Sin embargo, no est\u00e1 limitada a una sola opci\u00f3n y es compatible con todos los tipos de navegadores que admite tu dispositivo.<\/p>\n<ul>\n<li>Windows: Google Chrome, Microsoft Edge, Opera, Brave<\/li>\n<li>macOS \u2013 Safari<\/li>\n<li>Linux: Firefox<\/li>\n<li>Android: Samsung Internet<\/li>\n<\/ul>\n<p>Al mismo tiempo, la app elimina elementos innecesarios que antes formaban parte de nuestra p\u00e1gina web, como por ejemplo la barra de direcciones, que pod\u00eda distraer la atenci\u00f3n de otras funciones de la plataforma de Lira Luck Casino.<\/p>\n<h2>Preguntas frecuentes<\/h2>\n<h3>\u00bfPuedo descargar la app de Liraluck desde la App Store?<\/h3>\n<p>No es necesario. Nuestra aplicaci\u00f3n est\u00e1 disponible para todos los sistemas operativos, as\u00ed que no tienes que buscar una versi\u00f3n espec\u00edfica en la App Store o en Google Play. En nuestra web encontrar\u00e1s una soluci\u00f3n verificada y segura que, adem\u00e1s, ocupa muy poco espacio de almacenamiento.<\/p>\n<h3>\u00bfSon seguras las PWA?<\/h3>\n<p>S\u00ed, utilizan HTTPS y los mismos mecanismos de seguridad que los sitios web modernos. Adem\u00e1s, somos un casino online con licencia, por lo que la aplicaci\u00f3n de Liraluck cuenta con herramientas adicionales para proteger los datos de los usuarios.<\/p>\n<h3>\u00bfPuedo jugar a juegos con crupier en vivo en la app de Liraluck?<\/h3>\n<p>S\u00ed, nuestro casino m\u00f3vil ofrece la selecci\u00f3n completa: m\u00e1s de 6.000 t\u00edtulos. En la app encontrar\u00e1s tragaperras online, as\u00ed como juegos de casino en vivo, retransmitidos a la misma velocidad que en la web.<\/p>\n<h3>\u00bfEst\u00e1 disponible la app de Liraluck Casino en todas las regiones?<\/h3>\n<p>No, pero esto no se debe a limitaciones de la propia PWA, sino del servidor. Nuestra plataforma solo est\u00e1 disponible en pa\u00edses donde el iGaming est\u00e1 permitido. Por eso, nuestro sitio web y la aplicaci\u00f3n utilizan la detecci\u00f3n de IP para identificar tu ubicaci\u00f3n.<\/p>\n<h3>\u00bfQu\u00e9 debo hacer si encuentro un error en la aplicaci\u00f3n de Lira Luck Casino?<\/h3>\n<p>Si tienes alg\u00fan problema t\u00e9cnico o encuentras un error, ponte en contacto con nuestro equipo de atenci\u00f3n al cliente. Solo tienes que describir el problema en el chat en vivo y haremos todo lo posible por resolverlo lo antes posible.<\/p>\n<\/div><\/div><\/p>\n","protected":false},"excerpt":{"rendered":"<p>Aplicaci\u00f3n Liraluck Si sientes que la p\u00e1gina web te limita de alguna manera, Liraluck app te ayudar\u00e1 a superar esas barreras. Gracias a ella, nuestros jugadores espa\u00f1oles ya no tendr\u00e1n que lidiar con tiempos de carga lentos causados por su conexi\u00f3n a Internet. Al fin y al cabo, nuestra app funciona m\u00e1s r\u00e1pido gracias al [&hellip;]<\/p>\n","protected":false},"author":1,"featured_media":0,"parent":0,"menu_order":0,"comment_status":"closed","ping_status":"closed","template":"template-builder.php","meta":{"_acf_changed":false,"inline_featured_image":false,"footnotes":""},"class_list":["post-1449","page","type-page","status-publish","hentry"],"acf":[],"yoast_head":"<!-- This site is optimized with the Yoast SEO plugin v24.4 - https:\/\/yoast.com\/wordpress\/plugins\/seo\/ -->\n<title>Liraluck Casino App for iOS &amp; Android<\/title>\n<meta name=\"description\" content=\"Liraluck Casino App \u2013 disfruta de tragaperras, ruleta y blackjack en cualquier dispositivo sin necesidad de descarga. Instala nuestra PWA en iOS o Android en segundos y juega con hasta \u20ac1.500 + 250 giros gratis en Lira Luck.\" \/>\n<meta name=\"robots\" content=\"index, follow, max-snippet:-1, max-image-preview:large, max-video-preview:-1\" \/>\n<link rel=\"canonical\" href=\"https:\/\/liraluck-casino.com\/es\/aplicacion\/\" \/>\n<meta property=\"og:locale\" content=\"es_ES\" \/>\n<meta property=\"og:type\" content=\"article\" \/>\n<meta property=\"og:title\" content=\"Liraluck Casino App for iOS &amp; Android\" \/>\n<meta property=\"og:description\" content=\"Liraluck Casino App \u2013 disfruta de tragaperras, ruleta y blackjack en cualquier dispositivo sin necesidad de descarga. Instala nuestra PWA en iOS o Android en segundos y juega con hasta \u20ac1.500 + 250 giros gratis en Lira Luck.\" \/>\n<meta property=\"og:url\" content=\"https:\/\/liraluck-casino.com\/es\/aplicacion\/\" \/>\n<meta property=\"og:site_name\" content=\"liraluck\" \/>\n<meta property=\"article:modified_time\" content=\"2026-05-05T12:43:51+00:00\" \/>\n<meta name=\"twitter:card\" content=\"summary_large_image\" \/>\n<meta name=\"twitter:label1\" content=\"Est. reading time\" \/>\n\t<meta name=\"twitter:data1\" content=\"2 minutes\" \/>\n<script type=\"application\/ld+json\" class=\"yoast-schema-graph\">{\"@context\":\"https:\/\/schema.org\",\"@graph\":[{\"@type\":\"WebPage\",\"@id\":\"https:\/\/liraluck-casino.com\/es\/aplicacion\/\",\"url\":\"https:\/\/liraluck-casino.com\/es\/aplicacion\/\",\"name\":\"Liraluck Casino App for iOS & Android\",\"isPartOf\":{\"@id\":\"https:\/\/liraluck-casino.com\/es\/#website\"},\"datePublished\":\"2026-01-20T12:08:23+00:00\",\"dateModified\":\"2026-05-05T12:43:51+00:00\",\"description\":\"Liraluck Casino App \u2013 disfruta de tragaperras, ruleta y blackjack en cualquier dispositivo sin necesidad de descarga. Instala nuestra PWA en iOS o Android en segundos y juega con hasta \u20ac1.500 + 250 giros gratis en Lira Luck.\",\"breadcrumb\":{\"@id\":\"https:\/\/liraluck-casino.com\/es\/aplicacion\/#breadcrumb\"},\"inLanguage\":\"es-ES\",\"potentialAction\":[{\"@type\":\"ReadAction\",\"target\":[\"https:\/\/liraluck-casino.com\/es\/aplicacion\/\"]}]},{\"@type\":\"BreadcrumbList\",\"@id\":\"https:\/\/liraluck-casino.com\/es\/aplicacion\/#breadcrumb\",\"itemListElement\":[{\"@type\":\"ListItem\",\"position\":1,\"name\":\"Liraluck\",\"item\":\"https:\/\/liraluck-casino.com\/es\/\"},{\"@type\":\"ListItem\",\"position\":2,\"name\":\"Aplicaci\u00f3n\"}]},{\"@type\":\"WebSite\",\"@id\":\"https:\/\/liraluck-casino.com\/es\/#website\",\"url\":\"https:\/\/liraluck-casino.com\/es\/\",\"name\":\"Liraluck\",\"description\":\"\",\"publisher\":{\"@id\":\"https:\/\/liraluck-casino.com\/es\/#organization\"},\"potentialAction\":[{\"@type\":\"SearchAction\",\"target\":{\"@type\":\"EntryPoint\",\"urlTemplate\":\"https:\/\/liraluck-casino.com\/es\/?s={search_term_string}\"},\"query-input\":{\"@type\":\"PropertyValueSpecification\",\"valueRequired\":true,\"valueName\":\"search_term_string\"}}],\"inLanguage\":\"es-ES\"},{\"@type\":\"Organization\",\"@id\":\"https:\/\/liraluck-casino.com\/es\/#organization\",\"name\":\"Liraluck\",\"url\":\"https:\/\/liraluck-casino.com\/es\/\",\"logo\":{\"@type\":\"ImageObject\",\"inLanguage\":\"es-ES\",\"@id\":\"https:\/\/liraluck-casino.com\/es\/#\/schema\/logo\/image\/\",\"url\":\"https:\/\/liraluck-casino.com\/wp-content\/uploads\/2026\/05\/logo-liraluck.png\",\"contentUrl\":\"https:\/\/liraluck-casino.com\/wp-content\/uploads\/2026\/05\/logo-liraluck.png\",\"width\":150,\"height\":47,\"caption\":\"Liraluck\"},\"image\":{\"@id\":\"https:\/\/liraluck-casino.com\/es\/#\/schema\/logo\/image\/\"}}]}<\/script>\n<!-- \/ Yoast SEO plugin. -->","yoast_head_json":{"title":"Liraluck Casino App for iOS & Android","description":"Liraluck Casino App \u2013 disfruta de tragaperras, ruleta y blackjack en cualquier dispositivo sin necesidad de descarga. Instala nuestra PWA en iOS o Android en segundos y juega con hasta \u20ac1.500 + 250 giros gratis en Lira Luck.","robots":{"index":"index","follow":"follow","max-snippet":"max-snippet:-1","max-image-preview":"max-image-preview:large","max-video-preview":"max-video-preview:-1"},"canonical":"https:\/\/liraluck-casino.com\/es\/aplicacion\/","og_locale":"es_ES","og_type":"article","og_title":"Liraluck Casino App for iOS & Android","og_description":"Liraluck Casino App \u2013 disfruta de tragaperras, ruleta y blackjack en cualquier dispositivo sin necesidad de descarga. Instala nuestra PWA en iOS o Android en segundos y juega con hasta \u20ac1.500 + 250 giros gratis en Lira Luck.","og_url":"https:\/\/liraluck-casino.com\/es\/aplicacion\/","og_site_name":"liraluck","article_modified_time":"2026-05-05T12:43:51+00:00","twitter_card":"summary_large_image","twitter_misc":{"Est. reading time":"2 minutes"},"schema":{"@context":"https:\/\/schema.org","@graph":[{"@type":"WebPage","@id":"https:\/\/liraluck-casino.com\/es\/aplicacion\/","url":"https:\/\/liraluck-casino.com\/es\/aplicacion\/","name":"Liraluck Casino App for iOS & Android","isPartOf":{"@id":"https:\/\/liraluck-casino.com\/es\/#website"},"datePublished":"2026-01-20T12:08:23+00:00","dateModified":"2026-05-05T12:43:51+00:00","description":"Liraluck Casino App \u2013 disfruta de tragaperras, ruleta y blackjack en cualquier dispositivo sin necesidad de descarga. Instala nuestra PWA en iOS o Android en segundos y juega con hasta \u20ac1.500 + 250 giros gratis en Lira Luck.","breadcrumb":{"@id":"https:\/\/liraluck-casino.com\/es\/aplicacion\/#breadcrumb"},"inLanguage":"es-ES","potentialAction":[{"@type":"ReadAction","target":["https:\/\/liraluck-casino.com\/es\/aplicacion\/"]}]},{"@type":"BreadcrumbList","@id":"https:\/\/liraluck-casino.com\/es\/aplicacion\/#breadcrumb","itemListElement":[{"@type":"ListItem","position":1,"name":"Liraluck","item":"https:\/\/liraluck-casino.com\/es\/"},{"@type":"ListItem","position":2,"name":"Aplicaci\u00f3n"}]},{"@type":"WebSite","@id":"https:\/\/liraluck-casino.com\/es\/#website","url":"https:\/\/liraluck-casino.com\/es\/","name":"Liraluck","description":"","publisher":{"@id":"https:\/\/liraluck-casino.com\/es\/#organization"},"potentialAction":[{"@type":"SearchAction","target":{"@type":"EntryPoint","urlTemplate":"https:\/\/liraluck-casino.com\/es\/?s={search_term_string}"},"query-input":{"@type":"PropertyValueSpecification","valueRequired":true,"valueName":"search_term_string"}}],"inLanguage":"es-ES"},{"@type":"Organization","@id":"https:\/\/liraluck-casino.com\/es\/#organization","name":"Liraluck","url":"https:\/\/liraluck-casino.com\/es\/","logo":{"@type":"ImageObject","inLanguage":"es-ES","@id":"https:\/\/liraluck-casino.com\/es\/#\/schema\/logo\/image\/","url":"https:\/\/liraluck-casino.com\/wp-content\/uploads\/2026\/05\/logo-liraluck.png","contentUrl":"https:\/\/liraluck-casino.com\/wp-content\/uploads\/2026\/05\/logo-liraluck.png","width":150,"height":47,"caption":"Liraluck"},"image":{"@id":"https:\/\/liraluck-casino.com\/es\/#\/schema\/logo\/image\/"}}]}},"_links":{"self":[{"href":"https:\/\/liraluck-casino.com\/es\/wp-json\/wp\/v2\/pages\/1449"}],"collection":[{"href":"https:\/\/liraluck-casino.com\/es\/wp-json\/wp\/v2\/pages"}],"about":[{"href":"https:\/\/liraluck-casino.com\/es\/wp-json\/wp\/v2\/types\/page"}],"author":[{"embeddable":true,"href":"https:\/\/liraluck-casino.com\/es\/wp-json\/wp\/v2\/users\/1"}],"replies":[{"embeddable":true,"href":"https:\/\/liraluck-casino.com\/es\/wp-json\/wp\/v2\/comments?post=1449"}],"version-history":[{"count":4,"href":"https:\/\/liraluck-casino.com\/es\/wp-json\/wp\/v2\/pages\/1449\/revisions"}],"predecessor-version":[{"id":2115,"href":"https:\/\/liraluck-casino.com\/es\/wp-json\/wp\/v2\/pages\/1449\/revisions\/2115"}],"wp:attachment":[{"href":"https:\/\/liraluck-casino.com\/es\/wp-json\/wp\/v2\/media?parent=1449"}],"curies":[{"name":"wp","href":"https:\/\/api.w.org\/{rel}","templated":true}]}}