{"id":1483,"date":"2026-01-20T12:11:11","date_gmt":"2026-01-20T12:11:11","guid":{"rendered":"https:\/\/bonuskongcasino.com\/login-and-registration\/"},"modified":"2026-05-05T12:40:20","modified_gmt":"2026-05-05T11:40:20","slug":"anmeldung-und-registrierung","status":"publish","type":"page","link":"https:\/\/liraluck-casino.com\/de\/anmeldung-und-registrierung\/","title":{"rendered":"Anmeldung und Registrierung"},"content":{"rendered":"<h1>Liraluck Anmeldung und Registrierung<\/h1>\n<p>Dank des Liraluck Login Prozesses k\u00f6nnen Sie von einem einfachen Besucher zu einem vollwertigen Nutzer werden. Unsere registrierten Spieler erhalten Zugang zu verschiedenen Vorteilen, wie Boni und Turnieren. Au\u00dferdem haben sie die M\u00f6glichkeit, Spiele zu spielen und zu gewinnen. Und all dies ist nach nur einem einzigen Schritt m\u00f6glich \u2013 dem Ausf\u00fcllen des Formulars.<\/p>\n<p><div class=\"banner-wrap\" aria-label=\"Banner\"><img src=\"https:\/\/liraluck-casino.com\/wp-content\/uploads\/2026\/05\/Liraluck-banner-desktop.webp\" class=\"w-100 d-none d-lg-block img-pc main-banner-img\" alt=\"Liraluck banner desktop\" fetchpriority=\"high\" decoding=\"async\"><img src=\"https:\/\/liraluck-casino.com\/wp-content\/uploads\/2026\/05\/liraluck-banner-mobile.webp\" class=\"w-100 d-none d-md-block d-lg-none main-banner-img\" alt=\"liraluck banner mobile\" fetchpriority=\"high\" decoding=\"async\"><img src=\"https:\/\/liraluck-casino.com\/wp-content\/uploads\/2026\/05\/liraluck-banner-mobile.webp\" class=\"w-100 d-md-none\" alt=\"liraluck banner mobile\" fetchpriority=\"high\" decoding=\"async\"><div class=\"banner-description\">\n<div class=\"banner-title\">Willkommensboni<\/div>\n<p class=\"banner-header-title\">1500 \u20ac<\/p>\n<div class=\"banner-header-AdditionalText\">+ 250 Freispiele<\/div>\n<button data-item=\"homepage_banner_link\" class=\"goto m-button m-gradient-border m-button--primary m-button--large banner-button btn-orange\">\n            <div class=\"m-button-content\">\n                <span>Jetzt anmelden<\/span>\n                <span><\/span>\n            <\/div>\n        <\/button>\n<\/div>\n<div class=\"WelcomePack\">\n<p><img loading=\"lazy\" decoding=\"async\" class=\"alignnone size-full wp-image-1846\" src=\"https:\/\/liraluck-casino.com\/wp-content\/uploads\/2026\/05\/welcome-crown.png\" alt=\"crown\" width=\"25\" height=\"26\" \/><\/p>\n<div class=\"WelcomePack-Info\">W\u00f6chentlicher Cashback von bis zu 25 %<\/div>\n<p><img loading=\"lazy\" decoding=\"async\" class=\"alignnone size-full wp-image-1846\" src=\"https:\/\/liraluck-casino.com\/wp-content\/uploads\/2026\/05\/welcome-crown.png\" alt=\"crown\" width=\"25\" height=\"26\" \/><\/p>\n<\/div>\n<\/div><div class=\"scrollable-content-wrap my-5\"><div class=\"scrollable-content-inner\"><h2>Liraluck Registrierungsverfahren<\/h2>\n<p>Sie k\u00f6nnen der Liraluck Casino Community mit nur einem Klick auf die Schaltfl\u00e4che \u201eRegistrieren\u201c beitreten \u2013 Sie finden diese auf unserer Homepage. Eine weitere M\u00f6glichkeit zur Registrierung ist die Erstellung eines Kontos \u00fcber unsere App, die Sie auf Ihrem PC oder Mobiltelefon installieren k\u00f6nnen.<\/p>\n<p>In jedem Fall m\u00fcssen Sie Folgendes eingeben:<\/p>\n<ul>\n<li>Passwort<\/li>\n<li>E-Mail-Adresse<\/li>\n<li>Ihren Vor- und Nachnamen<\/li>\n<li>Ihr Alter<\/li>\n<\/ul>\n<p>Diese Angaben reichen aus, um Vollmitglied bei Lira Luck Casino zu werden. Nach Ihrer Anmeldung sehen Sie ein neues Men\u00fc \u2013 Ihr Profil. Dort k\u00f6nnen Sie Ihre pers\u00f6nlichen Daten verwalten, Einzahlungen vornehmen und Benachrichtigungen einrichten.<\/p>\n<p><img loading=\"lazy\" decoding=\"async\" class=\"alignnone size-full wp-image-1972\" src=\"https:\/\/liraluck-casino.com\/wp-content\/uploads\/Liraluck-Login.webp\" alt=\"Liraluck Login\" width=\"1248\" height=\"536\" srcset=\"https:\/\/liraluck-casino.com\/wp-content\/uploads\/Liraluck-Login.webp 1248w, https:\/\/liraluck-casino.com\/wp-content\/uploads\/Liraluck-Login-300x129.webp 300w, https:\/\/liraluck-casino.com\/wp-content\/uploads\/Liraluck-Login-1024x440.webp 1024w, https:\/\/liraluck-casino.com\/wp-content\/uploads\/Liraluck-Login-768x330.webp 768w\" sizes=\"(max-width: 1248px) 100vw, 1248px\" \/><\/p>\n<h2>Anmeldeprozess bei Liraluck<\/h2>\n<p>Der Anmeldevorgang bei Liraluck erfordert von Ihnen nicht mehr Aufwand als die Registrierung: Tats\u00e4chlich m\u00fcssen Sie sogar noch weniger Informationen eingeben. Um auf das System zuzugreifen, besuchen Sie die Liraluck Plattform oder nutzen Sie unsere App. Klicken Sie auf die Schaltfl\u00e4che \u201eAnmelden\u201c und geben Sie in einem Popup-Fenster Ihre Zugangsdaten ein \u2013 das ist schon alles.<\/p>\n<p>Wenn Sie Ihr Passwort zuvor gespeichert haben, geht die Anmeldung noch schneller: Sie m\u00fcssen lediglich unsere Website \u00f6ffnen oder die Plattform \u00fcber die Verkn\u00fcpfung auf Ihrem Desktop starten.<\/p>\n<h2>Schutz Ihres Kontos<\/h2>\n<p>Gl\u00fccksspielplattformen sind h\u00e4ufig das Ziel von Hackern. Deshalb haben wir zahlreiche Ma\u00dfnahmen ergriffen, um die Konten bei Lira Luck Casino vor Cyberangriffen zu sch\u00fctzen. Wir nutzen:<\/p>\n<ul>\n<li>Zwei-Faktor-Authentifizierung \u2013 Ihr Konto ist auch dann sicher, wenn jemand Ihr Passwort in die H\u00e4nde bekommt. Schlie\u00dflich ben\u00f6tigen wir zus\u00e4tzlich einen Best\u00e4tigungscode.<\/li>\n<li>CAPTCHA \u2013 Wir nutzen es, um automatisierte Angriffe zu blockieren. Wenn unser System ungew\u00f6hnliche Aktivit\u00e4ten feststellt, werden Sie m\u00f6glicherweise gebeten, einen Test durchzuf\u00fchren. Auf diese Weise kann es feststellen, ob Sie ein Bot oder ein Mensch sind.<\/li>\n<li>TLS-Verschl\u00fcsselung \u2013 Dieses Protokoll sch\u00fctzt alle Ihre pers\u00f6nlichen Daten (wie z. B. Kreditkarteninformationen), sodass diese nicht von anderen gestohlen werden k\u00f6nnen.<\/li>\n<li>Firewalls \u2013 Dank dieser Ma\u00dfnahme k\u00f6nnen wir verd\u00e4chtige Anmeldeversuche bei Liraluck erkennen. Au\u00dferdem beschr\u00e4nken wir den Zugriff von IP-Adressen in L\u00e4ndern, in denen iGaming nicht erlaubt ist.<\/li>\n<\/ul>\n<p>Auf diese Weise bietet unsere Plattform ein hohes Ma\u00df an Sicherheit. So k\u00f6nnen sich unsere Spieler auf wichtigere Dinge konzentrieren und m\u00fcssen sich keine Sorgen um ihre Sicherheit machen.<\/p>\n<h2>Gesperrte oder suspendierte Konten<\/h2>\n<p>Viele der Sicherheitsma\u00dfnahmen, die wir auf der Liraluck Casino Plattform einsetzen, zielen darauf ab, Verst\u00f6\u00dfe und ungew\u00f6hnliche Aktivit\u00e4ten zu erkennen. Und wenn dieses Verhalten von einem unserer registrierten Nutzer ausgeht, sperren wir dessen Konto.<\/p>\n<p>Hier sind einige Gr\u00fcnde, warum Ihr Konto gesperrt werden k\u00f6nnte.<\/p>\n<table>\n<tbody>\n<tr>\n<td>Grund<\/td>\n<td>Details<\/td>\n<td>Warum wir dies tun<\/td>\n<\/tr>\n<tr>\n<td>M\u00f6glicher Hacking-Versuch<\/td>\n<td>Verd\u00e4chtige Anmeldung bei Liraluck (z. B. von einer anderen IP-Adresse)<\/td>\n<td>Zum Schutz Ihres Profils<\/td>\n<\/tr>\n<tr>\n<td>Regelverst\u00f6\u00dfe<\/td>\n<td>Mehrere Konten<\/td>\n<td>Um Bonusmissbrauch zu vermeiden<\/td>\n<\/tr>\n<tr>\n<td>Zahlungsprobleme<\/td>\n<td>Verwendung der Karte einer anderen Person<\/td>\n<td>Zur Verhinderung von Betrug und finanziellen Risiken<\/td>\n<\/tr>\n<tr>\n<td>Standortbeschr\u00e4nkungen<\/td>\n<td>Anmeldung aus einem gesperrten Land oder \u00fcber ein VPN<\/td>\n<td>Zur Einhaltung von Gesetzen und Lizenzbestimmungen<\/td>\n<\/tr>\n<tr>\n<td>Bot-Aktivit\u00e4ten<\/td>\n<td>Sehr schnelle Aktionen<\/td>\n<td>Um das Spiel fair zu halten<\/td>\n<\/tr>\n<tr>\n<td>KYC-Probleme (Verifizierung)<\/td>\n<td>Gef\u00e4lschte oder falsche Angaben<\/td>\n<td>Zur Erf\u00fcllung gesetzlicher Anforderungen<\/td>\n<\/tr>\n<\/tbody>\n<\/table>\n<p>Wir hoffen, dass Sie nichts von dem tun, was in der Tabelle aufgef\u00fchrt ist. Schlie\u00dflich sind Sie hier, um positive Erfahrungen zu machen \u2013 und die Lira Luck Casino Plattform bietet eine Vielzahl von Funktionen, die genau das erm\u00f6glichen.<\/p>\n<h2>FAQ<\/h2>\n<h3>Muss ich mich anmelden, um zu spielen?<\/h3>\n<p>Das m\u00fcssen Sie nicht. Sie k\u00f6nnen jedoch nur die Demoversionen unserer Spiele spielen \u2013 und nicht einmal alle davon. Au\u00dferdem haben Sie als Nicht-Mitglied des Liraluck Casinos keinen Zugang zu unseren Boni oder Turnieren.<\/p>\n<h3>Warum sollte ich den Verifizierungsprozess bei Lira Luck durchlaufen?<\/h3>\n<p>Wir m\u00fcssen sicherstellen, dass Sie mindestens 18 Jahre alt sind. Da Echtgeldspiele nur f\u00fcr vollj\u00e4hrige Nutzer verf\u00fcgbar sind, bitten wir Sie, entsprechende Dokumente vorzulegen. Sie k\u00f6nnen uns beispielsweise eine Kopie Ihres Reisepasses oder auch eine Stromrechnung zusenden.<\/p>\n<h3>Was kann ich tun, wenn ich mein Passwort oder meine E-Mail-Adresse vergessen habe?<\/h3>\n<p>Im ersten Fall k\u00f6nnen Sie einfach auf die Schaltfl\u00e4che \u201ePasswort vergessen?\u201c klicken und ein neues Passwort erstellen. Diese Option finden Sie im Anmeldeformular von Lira Luck. Und wenn Sie sich nicht an die mit Ihrem Konto verkn\u00fcpfte E-Mail-Adresse erinnern k\u00f6nnen, wenden Sie sich bitte an unser mehrsprachiges Support-Team.<\/p>\n<h3>Was soll ich tun, wenn mein Lira Luck Konto gesperrt wurde?<\/h3>\n<p>Sie k\u00f6nnen sich an unser Support-Team wenden, um den m\u00f6glichen Grund zu erfahren. Klicken Sie dazu auf das Headset-Symbol und \u00f6ffnen Sie unseren Live-Chat. Anschlie\u00dfend erhalten Sie von uns eine ausf\u00fchrliche Antwort, in der wir Ihnen erkl\u00e4ren, was Sie in Ihrer Situation tun k\u00f6nnen.<\/p>\n<\/div><\/div><\/p>\n","protected":false},"excerpt":{"rendered":"<p>Liraluck Anmeldung und Registrierung Dank des Liraluck Login Prozesses k\u00f6nnen Sie von einem einfachen Besucher zu einem vollwertigen Nutzer werden. Unsere registrierten Spieler erhalten Zugang zu verschiedenen Vorteilen, wie Boni und Turnieren. Au\u00dferdem haben sie die M\u00f6glichkeit, Spiele zu spielen und zu gewinnen. Und all dies ist nach nur einem einzigen Schritt m\u00f6glich \u2013 dem [&hellip;]<\/p>\n","protected":false},"author":1,"featured_media":0,"parent":0,"menu_order":0,"comment_status":"closed","ping_status":"closed","template":"template-builder.php","meta":{"_acf_changed":false,"inline_featured_image":false,"footnotes":""},"class_list":["post-1483","page","type-page","status-publish","hentry"],"acf":[],"yoast_head":"<!-- This site is optimized with the Yoast SEO plugin v24.4 - https:\/\/yoast.com\/wordpress\/plugins\/seo\/ -->\n<title>Liraluck Login &amp; Registration | Sicherer Zugang<\/title>\n<meta name=\"description\" content=\"Liraluck Login &amp; Registration \u2013 melde dich in deinem Konto an oder erstelle in wenigen Minuten ein neues. Genie\u00dfe sicheren Zugang zu Slots, Roulette, Live-Dealer-Spielen und sichere dir bis zu 1.500 \u20ac + 250 Freispiele bei Lira Luck.\" \/>\n<meta name=\"robots\" content=\"index, follow, max-snippet:-1, max-image-preview:large, max-video-preview:-1\" \/>\n<link rel=\"canonical\" href=\"https:\/\/liraluck-casino.com\/de\/anmeldung-und-registrierung\/\" \/>\n<meta property=\"og:locale\" content=\"de_DE\" \/>\n<meta property=\"og:type\" content=\"article\" \/>\n<meta property=\"og:title\" content=\"Liraluck Login &amp; Registration | Sicherer Zugang\" \/>\n<meta property=\"og:description\" content=\"Liraluck Login &amp; Registration \u2013 melde dich in deinem Konto an oder erstelle in wenigen Minuten ein neues. Genie\u00dfe sicheren Zugang zu Slots, Roulette, Live-Dealer-Spielen und sichere dir bis zu 1.500 \u20ac + 250 Freispiele bei Lira Luck.\" \/>\n<meta property=\"og:url\" content=\"https:\/\/liraluck-casino.com\/de\/anmeldung-und-registrierung\/\" \/>\n<meta property=\"og:site_name\" content=\"liraluck\" \/>\n<meta property=\"article:modified_time\" content=\"2026-05-05T11:40:20+00:00\" \/>\n<meta name=\"twitter:card\" content=\"summary_large_image\" \/>\n<meta name=\"twitter:label1\" content=\"Gesch\u00e4tzte Lesezeit\" \/>\n\t<meta name=\"twitter:data1\" content=\"1\u00a0Minute\" \/>\n<script type=\"application\/ld+json\" class=\"yoast-schema-graph\">{\"@context\":\"https:\/\/schema.org\",\"@graph\":[{\"@type\":\"WebPage\",\"@id\":\"https:\/\/liraluck-casino.com\/de\/anmeldung-und-registrierung\/\",\"url\":\"https:\/\/liraluck-casino.com\/de\/anmeldung-und-registrierung\/\",\"name\":\"Liraluck Login & Registration | Sicherer Zugang\",\"isPartOf\":{\"@id\":\"https:\/\/liraluck-casino.com\/de\/#website\"},\"datePublished\":\"2026-01-20T12:11:11+00:00\",\"dateModified\":\"2026-05-05T11:40:20+00:00\",\"description\":\"Liraluck Login & Registration \u2013 melde dich in deinem Konto an oder erstelle in wenigen Minuten ein neues. Genie\u00dfe sicheren Zugang zu Slots, Roulette, Live-Dealer-Spielen und sichere dir bis zu 1.500 \u20ac + 250 Freispiele bei Lira Luck.\",\"breadcrumb\":{\"@id\":\"https:\/\/liraluck-casino.com\/de\/anmeldung-und-registrierung\/#breadcrumb\"},\"inLanguage\":\"de\",\"potentialAction\":[{\"@type\":\"ReadAction\",\"target\":[\"https:\/\/liraluck-casino.com\/de\/anmeldung-und-registrierung\/\"]}]},{\"@type\":\"BreadcrumbList\",\"@id\":\"https:\/\/liraluck-casino.com\/de\/anmeldung-und-registrierung\/#breadcrumb\",\"itemListElement\":[{\"@type\":\"ListItem\",\"position\":1,\"name\":\"Liraluck\",\"item\":\"https:\/\/liraluck-casino.com\/de\/\"},{\"@type\":\"ListItem\",\"position\":2,\"name\":\"Anmeldung und Registrierung\"}]},{\"@type\":\"WebSite\",\"@id\":\"https:\/\/liraluck-casino.com\/de\/#website\",\"url\":\"https:\/\/liraluck-casino.com\/de\/\",\"name\":\"Liraluck\",\"description\":\"\",\"publisher\":{\"@id\":\"https:\/\/liraluck-casino.com\/de\/#organization\"},\"potentialAction\":[{\"@type\":\"SearchAction\",\"target\":{\"@type\":\"EntryPoint\",\"urlTemplate\":\"https:\/\/liraluck-casino.com\/de\/?s={search_term_string}\"},\"query-input\":{\"@type\":\"PropertyValueSpecification\",\"valueRequired\":true,\"valueName\":\"search_term_string\"}}],\"inLanguage\":\"de\"},{\"@type\":\"Organization\",\"@id\":\"https:\/\/liraluck-casino.com\/de\/#organization\",\"name\":\"Liraluck\",\"url\":\"https:\/\/liraluck-casino.com\/de\/\",\"logo\":{\"@type\":\"ImageObject\",\"inLanguage\":\"de\",\"@id\":\"https:\/\/liraluck-casino.com\/de\/#\/schema\/logo\/image\/\",\"url\":\"https:\/\/liraluck-casino.com\/wp-content\/uploads\/2026\/05\/logo-liraluck.png\",\"contentUrl\":\"https:\/\/liraluck-casino.com\/wp-content\/uploads\/2026\/05\/logo-liraluck.png\",\"width\":150,\"height\":47,\"caption\":\"Liraluck\"},\"image\":{\"@id\":\"https:\/\/liraluck-casino.com\/de\/#\/schema\/logo\/image\/\"}}]}<\/script>\n<!-- \/ Yoast SEO plugin. -->","yoast_head_json":{"title":"Liraluck Login & Registration | Sicherer Zugang","description":"Liraluck Login & Registration \u2013 melde dich in deinem Konto an oder erstelle in wenigen Minuten ein neues. Genie\u00dfe sicheren Zugang zu Slots, Roulette, Live-Dealer-Spielen und sichere dir bis zu 1.500 \u20ac + 250 Freispiele bei Lira Luck.","robots":{"index":"index","follow":"follow","max-snippet":"max-snippet:-1","max-image-preview":"max-image-preview:large","max-video-preview":"max-video-preview:-1"},"canonical":"https:\/\/liraluck-casino.com\/de\/anmeldung-und-registrierung\/","og_locale":"de_DE","og_type":"article","og_title":"Liraluck Login & Registration | Sicherer Zugang","og_description":"Liraluck Login & Registration \u2013 melde dich in deinem Konto an oder erstelle in wenigen Minuten ein neues. Genie\u00dfe sicheren Zugang zu Slots, Roulette, Live-Dealer-Spielen und sichere dir bis zu 1.500 \u20ac + 250 Freispiele bei Lira Luck.","og_url":"https:\/\/liraluck-casino.com\/de\/anmeldung-und-registrierung\/","og_site_name":"liraluck","article_modified_time":"2026-05-05T11:40:20+00:00","twitter_card":"summary_large_image","twitter_misc":{"Gesch\u00e4tzte Lesezeit":"1\u00a0Minute"},"schema":{"@context":"https:\/\/schema.org","@graph":[{"@type":"WebPage","@id":"https:\/\/liraluck-casino.com\/de\/anmeldung-und-registrierung\/","url":"https:\/\/liraluck-casino.com\/de\/anmeldung-und-registrierung\/","name":"Liraluck Login & Registration | Sicherer Zugang","isPartOf":{"@id":"https:\/\/liraluck-casino.com\/de\/#website"},"datePublished":"2026-01-20T12:11:11+00:00","dateModified":"2026-05-05T11:40:20+00:00","description":"Liraluck Login & Registration \u2013 melde dich in deinem Konto an oder erstelle in wenigen Minuten ein neues. Genie\u00dfe sicheren Zugang zu Slots, Roulette, Live-Dealer-Spielen und sichere dir bis zu 1.500 \u20ac + 250 Freispiele bei Lira Luck.","breadcrumb":{"@id":"https:\/\/liraluck-casino.com\/de\/anmeldung-und-registrierung\/#breadcrumb"},"inLanguage":"de","potentialAction":[{"@type":"ReadAction","target":["https:\/\/liraluck-casino.com\/de\/anmeldung-und-registrierung\/"]}]},{"@type":"BreadcrumbList","@id":"https:\/\/liraluck-casino.com\/de\/anmeldung-und-registrierung\/#breadcrumb","itemListElement":[{"@type":"ListItem","position":1,"name":"Liraluck","item":"https:\/\/liraluck-casino.com\/de\/"},{"@type":"ListItem","position":2,"name":"Anmeldung und Registrierung"}]},{"@type":"WebSite","@id":"https:\/\/liraluck-casino.com\/de\/#website","url":"https:\/\/liraluck-casino.com\/de\/","name":"Liraluck","description":"","publisher":{"@id":"https:\/\/liraluck-casino.com\/de\/#organization"},"potentialAction":[{"@type":"SearchAction","target":{"@type":"EntryPoint","urlTemplate":"https:\/\/liraluck-casino.com\/de\/?s={search_term_string}"},"query-input":{"@type":"PropertyValueSpecification","valueRequired":true,"valueName":"search_term_string"}}],"inLanguage":"de"},{"@type":"Organization","@id":"https:\/\/liraluck-casino.com\/de\/#organization","name":"Liraluck","url":"https:\/\/liraluck-casino.com\/de\/","logo":{"@type":"ImageObject","inLanguage":"de","@id":"https:\/\/liraluck-casino.com\/de\/#\/schema\/logo\/image\/","url":"https:\/\/liraluck-casino.com\/wp-content\/uploads\/2026\/05\/logo-liraluck.png","contentUrl":"https:\/\/liraluck-casino.com\/wp-content\/uploads\/2026\/05\/logo-liraluck.png","width":150,"height":47,"caption":"Liraluck"},"image":{"@id":"https:\/\/liraluck-casino.com\/de\/#\/schema\/logo\/image\/"}}]}},"_links":{"self":[{"href":"https:\/\/liraluck-casino.com\/de\/wp-json\/wp\/v2\/pages\/1483"}],"collection":[{"href":"https:\/\/liraluck-casino.com\/de\/wp-json\/wp\/v2\/pages"}],"about":[{"href":"https:\/\/liraluck-casino.com\/de\/wp-json\/wp\/v2\/types\/page"}],"author":[{"embeddable":true,"href":"https:\/\/liraluck-casino.com\/de\/wp-json\/wp\/v2\/users\/1"}],"replies":[{"embeddable":true,"href":"https:\/\/liraluck-casino.com\/de\/wp-json\/wp\/v2\/comments?post=1483"}],"version-history":[{"count":3,"href":"https:\/\/liraluck-casino.com\/de\/wp-json\/wp\/v2\/pages\/1483\/revisions"}],"predecessor-version":[{"id":2074,"href":"https:\/\/liraluck-casino.com\/de\/wp-json\/wp\/v2\/pages\/1483\/revisions\/2074"}],"wp:attachment":[{"href":"https:\/\/liraluck-casino.com\/de\/wp-json\/wp\/v2\/media?parent=1483"}],"curies":[{"name":"wp","href":"https:\/\/api.w.org\/{rel}","templated":true}]}}