{"id":1442,"date":"2026-01-20T12:08:23","date_gmt":"2026-01-20T12:08:23","guid":{"rendered":"https:\/\/bonuskongcasino.com\/app-2\/"},"modified":"2026-05-05T12:38:28","modified_gmt":"2026-05-05T11:38:28","slug":"app","status":"publish","type":"page","link":"https:\/\/liraluck-casino.com\/de\/app\/","title":{"rendered":"App"},"content":{"rendered":"<h1>Liraluck App<\/h1>\n<p>Wenn Sie das Gef\u00fchl haben, dass die Website Sie in irgendeiner Weise einschr\u00e4nkt, hilft Ihnen die Liraluck App, diese Hindernisse zu \u00fcberwinden. Dank ihr m\u00fcssen Sie sich nicht mehr mit langen Ladezeiten herumschlagen, die durch Ihre Netzwerkgeschwindigkeit verursacht werden. Schlie\u00dflich l\u00e4uft unsere App dank Caching schneller und sorgt daf\u00fcr, dass Ihre Lieblingsspiele unter allen Bedingungen z\u00fcgig starten.<\/p>\n<div class=\"banner-wrap\" aria-label=\"Banner\"><img src=\"https:\/\/liraluck-casino.com\/wp-content\/uploads\/2026\/05\/Liraluck-banner-desktop.webp\" class=\"w-100 d-none d-lg-block img-pc main-banner-img\" alt=\"Liraluck banner desktop\" fetchpriority=\"high\" decoding=\"async\"><img src=\"https:\/\/liraluck-casino.com\/wp-content\/uploads\/2026\/05\/liraluck-banner-mobile.webp\" class=\"w-100 d-none d-md-block d-lg-none main-banner-img\" alt=\"liraluck banner mobile\" fetchpriority=\"high\" decoding=\"async\"><img src=\"https:\/\/liraluck-casino.com\/wp-content\/uploads\/2026\/05\/liraluck-banner-mobile.webp\" class=\"w-100 d-md-none\" alt=\"liraluck banner mobile\" fetchpriority=\"high\" decoding=\"async\"><div class=\"banner-description\">\n<div class=\"banner-title\">Willkommensboni<\/div>\n<p class=\"banner-header-title\">1500 \u20ac<\/p>\n<div class=\"banner-header-AdditionalText\">+ 250 Freispiele<\/div>\n<button data-item=\"homepage_banner_link\" class=\"goto m-button m-gradient-border m-button--primary m-button--large banner-button btn-orange\">\n            <div class=\"m-button-content\">\n                <span>Jetzt anmelden<\/span>\n                <span><\/span>\n            <\/div>\n        <\/button>\n<\/div>\n<div class=\"WelcomePack\">\n<p><img loading=\"lazy\" decoding=\"async\" class=\"alignnone size-full wp-image-1846\" src=\"https:\/\/liraluck-casino.com\/wp-content\/uploads\/2026\/05\/welcome-crown.png\" alt=\"crown\" width=\"25\" height=\"26\" \/><\/p>\n<div class=\"WelcomePack-Info\">W\u00f6chentlicher Cashback von bis zu 25 %<\/div>\n<p><img loading=\"lazy\" decoding=\"async\" class=\"alignnone size-full wp-image-1846\" src=\"https:\/\/liraluck-casino.com\/wp-content\/uploads\/2026\/05\/welcome-crown.png\" alt=\"crown\" width=\"25\" height=\"26\" \/><\/p>\n<\/div>\n<\/div>\n<h2>Funktionen der Liraluck App<\/h2>\n<p>Es gibt einige gute Gr\u00fcnde, die Liraluck Casino App zu installieren.<\/p>\n<ul>\n<li>Benutzerfreundlichkeit \u2013 Dies ist der gr\u00f6\u00dfte Vorteil unserer L\u00f6sung. Sie bildet die Benutzeroberfl\u00e4che der Website perfekt nach, sodass Sie sich dank des vertrauten Layouts der Bereiche und Schaltfl\u00e4chen leicht zurechtfinden werden.<\/li>\n<li>Einfache Installation \u2013 Was unsere App besser macht als herk\u00f6mmliche mobile Software, ist, dass kein Herunterladen von APK-Dateien erforderlich ist. Sie k\u00f6nnen sie direkt von unserer Website installieren. Es gen\u00fcgt ein einziger Fingertipp oder Klick.<\/li>\n<li>Beliebtheit bei den Nutzern \u2013 Erfolg l\u00e4sst sich am besten nicht mit Worten, sondern mit Zahlen messen. Mehr als 1 Million Nutzer haben unsere App bereits installiert. Und ihre Bewertung liegt bei 4,9.<\/li>\n<li>Plattformunabh\u00e4ngigkeit \u2013 Die Lira Luck App ist eine universelle L\u00f6sung und somit mit verschiedenen Betriebssystemen und Browsern kompatibel. Sie k\u00f6nnen sie sowohl auf Ihrem Mobiltelefon als auch auf Ihrem PC starten \u2013 das macht keinen Unterschied, da die Anwendung \u00fcberall stabil l\u00e4uft.<\/li>\n<\/ul>\n<p>Dar\u00fcber hinaus spiegelt unsere App die Website nicht nur in ihrer Benutzeroberfl\u00e4che, sondern auch in ihrer Funktionalit\u00e4t wider. So ist alles, sei es die Registrierung oder der Verifizierungsprozess, genau gleich.<\/p>\n<p><div class=\"scrollable-content-wrap my-5\"><div class=\"scrollable-content-inner\"><h2>Liraluck App f\u00fcr Android<\/h2>\n<p>Nicht alle g\u00e4ngigen mobilen Apps unterst\u00fctzen jede Android-Version: Viele sind nur auf den neuesten Betriebssystemen verf\u00fcgbar. Die Liraluck Casino App ist jedoch eine PWA. Sie passt sich automatisch an jedes Betriebssystem an, auf dem sie gestartet wird. Daher funktioniert sie auch auf veralteten Ger\u00e4ten.<\/p>\n<p>Die Installation unserer Anwendung ist ganz einfach:<\/p>\n<ol>\n<li>Suchen Sie auf unserer Website das Telefonsymbol mit der Bezeichnung \u201eCasino App\u201c und tippen Sie darauf.<\/li>\n<li>W\u00e4hlen Sie im sich \u00f6ffnenden Fenster \u201eInstallieren\u201c, um den Download zu starten.<\/li>\n<li>Warten Sie, bis die App installiert ist (dies dauert in der Regel einige Sekunden bis zu einer Minute).<\/li>\n<li>Starten Sie die Lira Luck App, indem Sie auf die Verkn\u00fcpfung tippen, die auf Ihrem Startbildschirm erscheint.<\/li>\n<li>Geben Sie Ihre Anmeldedaten ein und nutzen Sie unsere Plattform weiterhin in einem komfortableren Format.<\/li>\n<\/ol>\n<p>Dank dieser einfachen Schritte und des schnellen Installationsvorgangs erhalten Sie eine praktische L\u00f6sung, die Ihr Spielerlebnis erheblich verbessern kann.<\/p>\n<p><img loading=\"lazy\" decoding=\"async\" class=\"alignnone size-full wp-image-1946\" src=\"https:\/\/liraluck-casino.com\/wp-content\/uploads\/Liraluck-Android-App.webp\" alt=\"Liraluck Android App\" width=\"1248\" height=\"536\" srcset=\"https:\/\/liraluck-casino.com\/wp-content\/uploads\/Liraluck-Android-App.webp 1248w, https:\/\/liraluck-casino.com\/wp-content\/uploads\/Liraluck-Android-App-300x129.webp 300w, https:\/\/liraluck-casino.com\/wp-content\/uploads\/Liraluck-Android-App-1024x440.webp 1024w, https:\/\/liraluck-casino.com\/wp-content\/uploads\/Liraluck-Android-App-768x330.webp 768w\" sizes=\"(max-width: 1248px) 100vw, 1248px\" \/><\/p>\n<\/div><\/div><div style=\"clear: both\"><\/div><div class=\"d-flex justify-content-center\"><button data-item=\"decouvrez_link\" data-group=\"website_links\" class=\"goto fw-bold rounded-pill btn btn-orange\" aria-label=\"Laden Sie die Liraluck-App herunter\" >Laden Sie die Liraluck-App herunter<\/button><\/div><div class=\"scrollable-content-wrap my-5\"><div class=\"scrollable-content-inner\"><h2>Liraluck App \u2013 iOS<\/h2>\n<p>Die Liraluck Casino App ist auch f\u00fcr iOS verf\u00fcgbar, und der Installationsvorgang ist genau derselbe wie bei Android. Sie k\u00f6nnen einfach unsere Website besuchen und die Anwendung in nur wenigen Sekunden auf Ihr iPhone oder iPad herunterladen. Au\u00dferdem k\u00f6nnen Sie auf der Installationsseite der App Bewertungen von echten Nutzern lesen und mehr \u00fcber deren pers\u00f6nliche Erfahrungen mit unserer L\u00f6sung erfahren.<\/p>\n<p>Falls Sie bef\u00fcrchten, dass die App viel Speicherplatz auf Ihrem Ger\u00e4t beanspruchen wird: Das ist nicht der Fall. PWAs sind von Natur aus extrem schlank und ben\u00f6tigen bis zu zehnmal weniger Speicherplatz als herk\u00f6mmliche mobile Apps. In manchen F\u00e4llen kann dieser Unterschied sogar bis zum 50-Fachen betragen.<\/p>\n<p><img loading=\"lazy\" decoding=\"async\" class=\"alignnone size-full wp-image-1954\" src=\"https:\/\/liraluck-casino.com\/wp-content\/uploads\/Liraluck-iOS-App.webp\" alt=\"Liraluck iOS App\" width=\"1248\" height=\"536\" srcset=\"https:\/\/liraluck-casino.com\/wp-content\/uploads\/Liraluck-iOS-App.webp 1248w, https:\/\/liraluck-casino.com\/wp-content\/uploads\/Liraluck-iOS-App-300x129.webp 300w, https:\/\/liraluck-casino.com\/wp-content\/uploads\/Liraluck-iOS-App-1024x440.webp 1024w, https:\/\/liraluck-casino.com\/wp-content\/uploads\/Liraluck-iOS-App-768x330.webp 768w\" sizes=\"(max-width: 1248px) 100vw, 1248px\" \/><\/p>\n<\/div><\/div><div style=\"clear: both\"><\/div><div class=\"d-flex justify-content-center\"><button data-item=\"decouvrez_link\" data-group=\"website_links\" class=\"goto fw-bold rounded-pill btn btn-orange\" aria-label=\"Liraluck herunterladen\" >Liraluck herunterladen<\/button><\/div><div class=\"scrollable-content-wrap my-5\"><div class=\"scrollable-content-inner\"><h2>Lira Luck Casino \u2013 Desktop-Version<\/h2>\n<p>Unsere App verbessert nicht nur das Nutzererlebnis auf Mobilger\u00e4ten, sondern auch auf Desktops. Der Installationsvorgang ist identisch.<\/p>\n<p>Im Vergleich zu unserer Website bietet die Desktop-Version von Liraluck Casino eine Reihe von Vorteilen.<\/p>\n<table>\n<tbody>\n<tr>\n<td>Kriterium<\/td>\n<td>Website<\/td>\n<td>Desktop-PWA<\/td>\n<\/tr>\n<tr>\n<td>Benutzeroberfl\u00e4che<\/td>\n<td>Standard-Browser mit Registerkarten<\/td>\n<td>Separates Fenster ohne Browser-Benutzeroberfl\u00e4che<\/td>\n<\/tr>\n<tr>\n<td>Startgeschwindigkeit<\/td>\n<td>Sie m\u00fcssen einen Browser \u00f6ffnen und dann die Website aufrufen<\/td>\n<td>Schneller \u2013 Lira Luck startet wie eine App mit nur einem Klick auf die Verkn\u00fcpfung<\/td>\n<\/tr>\n<tr>\n<td>Internetverbindung<\/td>\n<td>Immer erforderlich<\/td>\n<td>Kann teilweise offline funktionieren<\/td>\n<\/tr>\n<tr>\n<td>Updates<\/td>\n<td>Jedes Mal auf dem neuesten Stand, wenn Sie die Seite aktualisieren<\/td>\n<td>Aktualisiert sich automatisch im Hintergrund<\/td>\n<\/tr>\n<\/tbody>\n<\/table>\n<p>70 % unserer Nutzer verwenden bereits die Liraluck Casino App, und diese Zahl w\u00e4chst t\u00e4glich. Das ist der wichtigste Indikator daf\u00fcr, wie praktisch unsere L\u00f6sung ist.<\/p>\n<p><img loading=\"lazy\" decoding=\"async\" class=\"alignnone size-full wp-image-1962\" src=\"https:\/\/liraluck-casino.com\/wp-content\/uploads\/Liraluck-Desktop.webp\" alt=\"Liraluck Desktop\" width=\"1248\" height=\"536\" srcset=\"https:\/\/liraluck-casino.com\/wp-content\/uploads\/Liraluck-Desktop.webp 1248w, https:\/\/liraluck-casino.com\/wp-content\/uploads\/Liraluck-Desktop-300x129.webp 300w, https:\/\/liraluck-casino.com\/wp-content\/uploads\/Liraluck-Desktop-1024x440.webp 1024w, https:\/\/liraluck-casino.com\/wp-content\/uploads\/Liraluck-Desktop-768x330.webp 768w\" sizes=\"(max-width: 1248px) 100vw, 1248px\" \/><\/p>\n<\/div><\/div><div style=\"clear: both\"><\/div><div class=\"d-flex justify-content-center\"><button data-item=\"decouvrez_link\" data-group=\"website_links\" class=\"goto fw-bold rounded-pill btn btn-orange\" aria-label=\"Laden Sie die Liraluck-App herunter\" >Laden Sie die Liraluck-App herunter<\/button><\/div><div class=\"scrollable-content-wrap my-5\"><div class=\"scrollable-content-inner\"><h2>Unterst\u00fctzte Browser<\/h2>\n<p>Obwohl sich die Liraluck App ohne den Start eines Browsers \u00f6ffnet, l\u00e4uft sie auf einer Browser-Engine. Sie ist jedoch nicht an eine bestimmte Option gebunden und mit allen auf Ihrem Ger\u00e4t unterst\u00fctzten Browsertypen kompatibel.<\/p>\n<ul>\n<li>Windows \u2013 Google Chrome, Microsoft Edge, Opera, Brave<\/li>\n<li>macOS \u2013 Safari<\/li>\n<li>Linux \u2013 Firefox<\/li>\n<li>Android \u2013 Samsung Internet<\/li>\n<\/ul>\n<p>Gleichzeitig entfernt die App unn\u00f6tige Elemente, die zuvor Teil unserer Website waren \u2013 zum Beispiel die Adressleiste, die von anderen Funktionen der Lira Luck Casino Plattform ablenken k\u00f6nnte.<\/p>\n<h2>H\u00e4ufig gestellte Fragen<\/h2>\n<h3>Kann ich die Liraluck App aus dem App Store herunterladen?<\/h3>\n<p>Das ist nicht notwendig. Unsere Anwendung ist f\u00fcr alle Betriebssysteme verf\u00fcgbar, sodass Sie nicht nach einer separaten Version im App Store oder bei Google Play suchen m\u00fcssen. Auf unserer Website finden Sie eine gepr\u00fcfte und sichere L\u00f6sung, die zudem nur sehr wenig Speicherplatz beansprucht.<\/p>\n<h3>Sind PWAs sicher?<\/h3>\n<p>Ja, sie verwenden HTTPS und dieselben Sicherheitsmechanismen wie moderne Websites. Da wir zudem ein lizenziertes Online-Casino sind, verf\u00fcgt die Liraluck App \u00fcber zus\u00e4tzliche Tools zum Schutz der Nutzerdaten.<\/p>\n<h3>Kann ich in der Liraluck App Live-Dealer-Spiele spielen?<\/h3>\n<p>Ja, unser mobiles Casino bietet die komplette Auswahl \u2013 alle \u00fcber 6.000 Titel. In der App finden Sie Online-Slots sowie Live-Casino Spiele, die mit derselben Geschwindigkeit gestreamt werden wie auf der Website.<\/p>\n<h3>Ist die Liraluck Casino App in allen Regionen verf\u00fcgbar?<\/h3>\n<p>Nein, dies liegt jedoch nicht an Einschr\u00e4nkungen der PWA selbst, sondern am Server. Unsere Plattform ist nur in iGaming-freundlichen L\u00e4ndern verf\u00fcgbar. Daher verwenden unsere Website und die App IP-Erkennung, um Ihren Standort zu ermitteln.<\/p>\n<h3>Was soll ich tun, wenn ich einen Fehler in der Lira Luck Casino App finde?<\/h3>\n<p>Sollten Sie technische Probleme haben oder einen Fehler entdecken, wenden Sie sich bitte an unser Support-Team. Beschreiben Sie das Problem einfach im Live-Chat, und wir werden unser Bestes tun, um es so schnell wie m\u00f6glich zu beheben.<\/p>\n<\/div><\/div><\/p>\n","protected":false},"excerpt":{"rendered":"<p>Liraluck App Wenn Sie das Gef\u00fchl haben, dass die Website Sie in irgendeiner Weise einschr\u00e4nkt, hilft Ihnen die Liraluck App, diese Hindernisse zu \u00fcberwinden. Dank ihr m\u00fcssen Sie sich nicht mehr mit langen Ladezeiten herumschlagen, die durch Ihre Netzwerkgeschwindigkeit verursacht werden. Schlie\u00dflich l\u00e4uft unsere App dank Caching schneller und sorgt daf\u00fcr, dass Ihre Lieblingsspiele unter [&hellip;]<\/p>\n","protected":false},"author":1,"featured_media":0,"parent":0,"menu_order":0,"comment_status":"closed","ping_status":"closed","template":"template-builder.php","meta":{"_acf_changed":false,"inline_featured_image":false,"footnotes":""},"class_list":["post-1442","page","type-page","status-publish","hentry"],"acf":[],"yoast_head":"<!-- This site is optimized with the Yoast SEO plugin v24.4 - https:\/\/yoast.com\/wordpress\/plugins\/seo\/ -->\n<title>Liraluck Casino App for iOS &amp; Android<\/title>\n<meta name=\"description\" content=\"Liraluck Casino App \u2013 genie\u00dfe Slots, Roulette und Blackjack auf jedem Ger\u00e4t ohne Download. Installiere unsere PWA auf iOS oder Android in Sekunden und spiele mit bis zu 1.500 \u20ac + 250 Freispielen bei Lira Luck.\" \/>\n<meta name=\"robots\" content=\"index, follow, max-snippet:-1, max-image-preview:large, max-video-preview:-1\" \/>\n<link rel=\"canonical\" href=\"https:\/\/liraluck-casino.com\/de\/app\/\" \/>\n<meta property=\"og:locale\" content=\"de_DE\" \/>\n<meta property=\"og:type\" content=\"article\" \/>\n<meta property=\"og:title\" content=\"Liraluck Casino App for iOS &amp; Android\" \/>\n<meta property=\"og:description\" content=\"Liraluck Casino App \u2013 genie\u00dfe Slots, Roulette und Blackjack auf jedem Ger\u00e4t ohne Download. Installiere unsere PWA auf iOS oder Android in Sekunden und spiele mit bis zu 1.500 \u20ac + 250 Freispielen bei Lira Luck.\" \/>\n<meta property=\"og:url\" content=\"https:\/\/liraluck-casino.com\/de\/app\/\" \/>\n<meta property=\"og:site_name\" content=\"liraluck\" \/>\n<meta property=\"article:modified_time\" content=\"2026-05-05T11:38:28+00:00\" \/>\n<meta name=\"twitter:card\" content=\"summary_large_image\" \/>\n<meta name=\"twitter:label1\" content=\"Gesch\u00e4tzte Lesezeit\" \/>\n\t<meta name=\"twitter:data1\" content=\"2\u00a0Minuten\" \/>\n<script type=\"application\/ld+json\" class=\"yoast-schema-graph\">{\"@context\":\"https:\/\/schema.org\",\"@graph\":[{\"@type\":\"WebPage\",\"@id\":\"https:\/\/liraluck-casino.com\/de\/app\/\",\"url\":\"https:\/\/liraluck-casino.com\/de\/app\/\",\"name\":\"Liraluck Casino App for iOS & Android\",\"isPartOf\":{\"@id\":\"https:\/\/liraluck-casino.com\/de\/#website\"},\"datePublished\":\"2026-01-20T12:08:23+00:00\",\"dateModified\":\"2026-05-05T11:38:28+00:00\",\"description\":\"Liraluck Casino App \u2013 genie\u00dfe Slots, Roulette und Blackjack auf jedem Ger\u00e4t ohne Download. Installiere unsere PWA auf iOS oder Android in Sekunden und spiele mit bis zu 1.500 \u20ac + 250 Freispielen bei Lira Luck.\",\"breadcrumb\":{\"@id\":\"https:\/\/liraluck-casino.com\/de\/app\/#breadcrumb\"},\"inLanguage\":\"de\",\"potentialAction\":[{\"@type\":\"ReadAction\",\"target\":[\"https:\/\/liraluck-casino.com\/de\/app\/\"]}]},{\"@type\":\"BreadcrumbList\",\"@id\":\"https:\/\/liraluck-casino.com\/de\/app\/#breadcrumb\",\"itemListElement\":[{\"@type\":\"ListItem\",\"position\":1,\"name\":\"Liraluck\",\"item\":\"https:\/\/liraluck-casino.com\/de\/\"},{\"@type\":\"ListItem\",\"position\":2,\"name\":\"App\"}]},{\"@type\":\"WebSite\",\"@id\":\"https:\/\/liraluck-casino.com\/de\/#website\",\"url\":\"https:\/\/liraluck-casino.com\/de\/\",\"name\":\"Liraluck\",\"description\":\"\",\"publisher\":{\"@id\":\"https:\/\/liraluck-casino.com\/de\/#organization\"},\"potentialAction\":[{\"@type\":\"SearchAction\",\"target\":{\"@type\":\"EntryPoint\",\"urlTemplate\":\"https:\/\/liraluck-casino.com\/de\/?s={search_term_string}\"},\"query-input\":{\"@type\":\"PropertyValueSpecification\",\"valueRequired\":true,\"valueName\":\"search_term_string\"}}],\"inLanguage\":\"de\"},{\"@type\":\"Organization\",\"@id\":\"https:\/\/liraluck-casino.com\/de\/#organization\",\"name\":\"Liraluck\",\"url\":\"https:\/\/liraluck-casino.com\/de\/\",\"logo\":{\"@type\":\"ImageObject\",\"inLanguage\":\"de\",\"@id\":\"https:\/\/liraluck-casino.com\/de\/#\/schema\/logo\/image\/\",\"url\":\"https:\/\/liraluck-casino.com\/wp-content\/uploads\/2026\/05\/logo-liraluck.png\",\"contentUrl\":\"https:\/\/liraluck-casino.com\/wp-content\/uploads\/2026\/05\/logo-liraluck.png\",\"width\":150,\"height\":47,\"caption\":\"Liraluck\"},\"image\":{\"@id\":\"https:\/\/liraluck-casino.com\/de\/#\/schema\/logo\/image\/\"}}]}<\/script>\n<!-- \/ Yoast SEO plugin. -->","yoast_head_json":{"title":"Liraluck Casino App for iOS & Android","description":"Liraluck Casino App \u2013 genie\u00dfe Slots, Roulette und Blackjack auf jedem Ger\u00e4t ohne Download. Installiere unsere PWA auf iOS oder Android in Sekunden und spiele mit bis zu 1.500 \u20ac + 250 Freispielen bei Lira Luck.","robots":{"index":"index","follow":"follow","max-snippet":"max-snippet:-1","max-image-preview":"max-image-preview:large","max-video-preview":"max-video-preview:-1"},"canonical":"https:\/\/liraluck-casino.com\/de\/app\/","og_locale":"de_DE","og_type":"article","og_title":"Liraluck Casino App for iOS & Android","og_description":"Liraluck Casino App \u2013 genie\u00dfe Slots, Roulette und Blackjack auf jedem Ger\u00e4t ohne Download. Installiere unsere PWA auf iOS oder Android in Sekunden und spiele mit bis zu 1.500 \u20ac + 250 Freispielen bei Lira Luck.","og_url":"https:\/\/liraluck-casino.com\/de\/app\/","og_site_name":"liraluck","article_modified_time":"2026-05-05T11:38:28+00:00","twitter_card":"summary_large_image","twitter_misc":{"Gesch\u00e4tzte Lesezeit":"2\u00a0Minuten"},"schema":{"@context":"https:\/\/schema.org","@graph":[{"@type":"WebPage","@id":"https:\/\/liraluck-casino.com\/de\/app\/","url":"https:\/\/liraluck-casino.com\/de\/app\/","name":"Liraluck Casino App for iOS & Android","isPartOf":{"@id":"https:\/\/liraluck-casino.com\/de\/#website"},"datePublished":"2026-01-20T12:08:23+00:00","dateModified":"2026-05-05T11:38:28+00:00","description":"Liraluck Casino App \u2013 genie\u00dfe Slots, Roulette und Blackjack auf jedem Ger\u00e4t ohne Download. Installiere unsere PWA auf iOS oder Android in Sekunden und spiele mit bis zu 1.500 \u20ac + 250 Freispielen bei Lira Luck.","breadcrumb":{"@id":"https:\/\/liraluck-casino.com\/de\/app\/#breadcrumb"},"inLanguage":"de","potentialAction":[{"@type":"ReadAction","target":["https:\/\/liraluck-casino.com\/de\/app\/"]}]},{"@type":"BreadcrumbList","@id":"https:\/\/liraluck-casino.com\/de\/app\/#breadcrumb","itemListElement":[{"@type":"ListItem","position":1,"name":"Liraluck","item":"https:\/\/liraluck-casino.com\/de\/"},{"@type":"ListItem","position":2,"name":"App"}]},{"@type":"WebSite","@id":"https:\/\/liraluck-casino.com\/de\/#website","url":"https:\/\/liraluck-casino.com\/de\/","name":"Liraluck","description":"","publisher":{"@id":"https:\/\/liraluck-casino.com\/de\/#organization"},"potentialAction":[{"@type":"SearchAction","target":{"@type":"EntryPoint","urlTemplate":"https:\/\/liraluck-casino.com\/de\/?s={search_term_string}"},"query-input":{"@type":"PropertyValueSpecification","valueRequired":true,"valueName":"search_term_string"}}],"inLanguage":"de"},{"@type":"Organization","@id":"https:\/\/liraluck-casino.com\/de\/#organization","name":"Liraluck","url":"https:\/\/liraluck-casino.com\/de\/","logo":{"@type":"ImageObject","inLanguage":"de","@id":"https:\/\/liraluck-casino.com\/de\/#\/schema\/logo\/image\/","url":"https:\/\/liraluck-casino.com\/wp-content\/uploads\/2026\/05\/logo-liraluck.png","contentUrl":"https:\/\/liraluck-casino.com\/wp-content\/uploads\/2026\/05\/logo-liraluck.png","width":150,"height":47,"caption":"Liraluck"},"image":{"@id":"https:\/\/liraluck-casino.com\/de\/#\/schema\/logo\/image\/"}}]}},"_links":{"self":[{"href":"https:\/\/liraluck-casino.com\/de\/wp-json\/wp\/v2\/pages\/1442"}],"collection":[{"href":"https:\/\/liraluck-casino.com\/de\/wp-json\/wp\/v2\/pages"}],"about":[{"href":"https:\/\/liraluck-casino.com\/de\/wp-json\/wp\/v2\/types\/page"}],"author":[{"embeddable":true,"href":"https:\/\/liraluck-casino.com\/de\/wp-json\/wp\/v2\/users\/1"}],"replies":[{"embeddable":true,"href":"https:\/\/liraluck-casino.com\/de\/wp-json\/wp\/v2\/comments?post=1442"}],"version-history":[{"count":4,"href":"https:\/\/liraluck-casino.com\/de\/wp-json\/wp\/v2\/pages\/1442\/revisions"}],"predecessor-version":[{"id":2072,"href":"https:\/\/liraluck-casino.com\/de\/wp-json\/wp\/v2\/pages\/1442\/revisions\/2072"}],"wp:attachment":[{"href":"https:\/\/liraluck-casino.com\/de\/wp-json\/wp\/v2\/media?parent=1442"}],"curies":[{"name":"wp","href":"https:\/\/api.w.org\/{rel}","templated":true}]}}